{"id":9728,"date":"2020-12-16T15:55:27","date_gmt":"2020-12-16T14:55:27","guid":{"rendered":"https:\/\/shop.chiquebuer.de\/beaute\/?post_type=product&#038;p=9728"},"modified":"2020-12-17T12:32:12","modified_gmt":"2020-12-17T11:32:12","slug":"magic-mitt","status":"publish","type":"product","link":"https:\/\/shop.chiquebuer.de\/beaute\/kaufen\/gesichtspflege\/reinigung\/magic-mitt\/","title":{"rendered":"Magic Mitt"},"content":{"rendered":"<ul>\n<li><strong>Entfernt Make-up schnell und vollst\u00e4ndig OHNE Reinigungsmittel.<\/strong><\/li>\n<li><strong>F\u00f6rdert die Gesundheit der Haut, weil der S\u00e4ureschutzmantel nicht beeintr\u00e4chtigt wird. Solange diese Schutzschicht intakt ist, ist die Haut vor sch\u00e4dlichen und invasiven Bakterien gesch\u00fctzt.<\/strong><\/li>\n<li><strong>Hergestellt aus neuartigen, gestrickten Mikrofasern, die viel d\u00fcnner sind als Menschenhaar und sogar Fettfilme durchdringen k\u00f6nnen.<\/strong><\/li>\n<li><strong>Dieser hydro-mechanische Prozess bricht die Oberfl\u00e4chenspannung der Fette, die das Make-up auf der Haut haften lassen. Die Fasern sorgen f\u00fcr ein sanftes Peeling.<\/strong><\/li>\n<li><strong>In Verbindung mit warmem Wasser machen die Mikrofasern das Make-up zu einer Emulsion, die leicht mit dem Handschuh aufgenommen werden kann. Man kann damit sogar Mascara entfernen!<\/strong><\/li>\n<\/ul>\n","protected":false},"excerpt":{"rendered":"<p>Entfernt Make-up schnell und vollst\u00e4ndig OHNE Reinigungsmittel. F\u00f6rdert die Gesundheit der Haut, weil der S\u00e4ureschutzmantel nicht beeintr\u00e4chtigt wird. Solange diese<\/p>\n","protected":false},"featured_media":9906,"template":"","meta":[],"product_brand":[],"product_cat":[65],"product_tag":[],"class_list":{"0":"post-9728","1":"product","2":"type-product","3":"status-publish","4":"has-post-thumbnail","6":"product_cat-reinigung","8":"first","9":"instock","10":"taxable","11":"shipping-taxable","12":"purchasable","13":"product-type-simple"},"_links":{"self":[{"href":"https:\/\/shop.chiquebuer.de\/beaute\/wp-json\/wp\/v2\/product\/9728","targetHints":{"allow":["GET"]}}],"collection":[{"href":"https:\/\/shop.chiquebuer.de\/beaute\/wp-json\/wp\/v2\/product"}],"about":[{"href":"https:\/\/shop.chiquebuer.de\/beaute\/wp-json\/wp\/v2\/types\/product"}],"version-history":[{"count":0,"href":"https:\/\/shop.chiquebuer.de\/beaute\/wp-json\/wp\/v2\/product\/9728\/revisions"}],"wp:featuredmedia":[{"embeddable":true,"href":"https:\/\/shop.chiquebuer.de\/beaute\/wp-json\/wp\/v2\/media\/9906"}],"wp:attachment":[{"href":"https:\/\/shop.chiquebuer.de\/beaute\/wp-json\/wp\/v2\/media?parent=9728"}],"wp:term":[{"taxonomy":"product_brand","embeddable":true,"href":"https:\/\/shop.chiquebuer.de\/beaute\/wp-json\/wp\/v2\/product_brand?post=9728"},{"taxonomy":"product_cat","embeddable":true,"href":"https:\/\/shop.chiquebuer.de\/beaute\/wp-json\/wp\/v2\/product_cat?post=9728"},{"taxonomy":"product_tag","embeddable":true,"href":"https:\/\/shop.chiquebuer.de\/beaute\/wp-json\/wp\/v2\/product_tag?post=9728"}],"curies":[{"name":"wp","href":"https:\/\/api.w.org\/{rel}","templated":true}]}}