{"id":9726,"date":"2020-12-16T15:56:31","date_gmt":"2020-12-16T14:56:31","guid":{"rendered":"https:\/\/shop.chiquebuer.de\/beaute\/?post_type=product&#038;p=9726"},"modified":"2020-12-17T12:33:22","modified_gmt":"2020-12-17T11:33:22","slug":"illuminating-nail-cleanser","status":"publish","type":"product","link":"https:\/\/shop.chiquebuer.de\/beaute\/kaufen\/wimpern-und-naegel\/illuminating-nail-cleanser\/","title":{"rendered":"Illuminating Nail Cleanser"},"content":{"rendered":"<p><strong>Haben Sie verf\u00e4rbte N\u00e4gel? Der elim MediHand Illuminating Nail Cleanser hellt ihre N\u00e4gel auf und sorgt f\u00fcr einen nat\u00fcrlichen French Manicure Look. Das Ziel sind gesunde und j\u00fcngere H\u00e4nde und N\u00e4gel. Der Illuminating Nail Cleanser enth\u00e4lt Vitamin C und den nat\u00fcrlichen Nagelaufheller Papain Enzym. Tragen Sie den Nail Cleanser einfach so, wie Sie Zahnpasta auf die Zahnb\u00fcrste auftragen, auf eine Nagelb\u00fcrste und b\u00fcrsten Sie die N\u00e4gel einmal t\u00e4glich.<\/strong><\/p>\n<p>Der Illuminating Nail Cleanser ist einzigartig. Er ist die einzige Nagelpaste, die t\u00e4glich aufgetragen werden kann und so Verf\u00e4rbungen und bakterielle Infektionen, die durch Gel oder Lack verursacht werden, bek\u00e4mpft.<\/p>\n<p><strong>Inhaltsstoffe<\/strong><br \/>\nSodium Sesquicarbonate, Sodium Bicarbonate, Ciitric Acid, Sodium Cocoyl Isethionate, Aqua, Hydrogen Peroxide, Absorbic Acid, Papain, Parfum, Limonene.<\/p>\n","protected":false},"excerpt":{"rendered":"<p>Haben Sie verf\u00e4rbte N\u00e4gel? Der elim MediHand Illuminating Nail Cleanser hellt ihre N\u00e4gel auf und sorgt f\u00fcr einen nat\u00fcrlichen French<\/p>\n","protected":false},"featured_media":9904,"template":"","meta":[],"product_brand":[],"product_cat":[120],"product_tag":[],"class_list":{"0":"post-9726","1":"product","2":"type-product","3":"status-publish","4":"has-post-thumbnail","6":"product_cat-wimpern-und-naegel","8":"first","9":"instock","10":"taxable","11":"shipping-taxable","12":"purchasable","13":"product-type-simple"},"_links":{"self":[{"href":"https:\/\/shop.chiquebuer.de\/beaute\/wp-json\/wp\/v2\/product\/9726","targetHints":{"allow":["GET"]}}],"collection":[{"href":"https:\/\/shop.chiquebuer.de\/beaute\/wp-json\/wp\/v2\/product"}],"about":[{"href":"https:\/\/shop.chiquebuer.de\/beaute\/wp-json\/wp\/v2\/types\/product"}],"version-history":[{"count":0,"href":"https:\/\/shop.chiquebuer.de\/beaute\/wp-json\/wp\/v2\/product\/9726\/revisions"}],"wp:featuredmedia":[{"embeddable":true,"href":"https:\/\/shop.chiquebuer.de\/beaute\/wp-json\/wp\/v2\/media\/9904"}],"wp:attachment":[{"href":"https:\/\/shop.chiquebuer.de\/beaute\/wp-json\/wp\/v2\/media?parent=9726"}],"wp:term":[{"taxonomy":"product_brand","embeddable":true,"href":"https:\/\/shop.chiquebuer.de\/beaute\/wp-json\/wp\/v2\/product_brand?post=9726"},{"taxonomy":"product_cat","embeddable":true,"href":"https:\/\/shop.chiquebuer.de\/beaute\/wp-json\/wp\/v2\/product_cat?post=9726"},{"taxonomy":"product_tag","embeddable":true,"href":"https:\/\/shop.chiquebuer.de\/beaute\/wp-json\/wp\/v2\/product_tag?post=9726"}],"curies":[{"name":"wp","href":"https:\/\/api.w.org\/{rel}","templated":true}]}}