{"id":9722,"date":"2020-12-16T15:57:54","date_gmt":"2020-12-16T14:57:54","guid":{"rendered":"https:\/\/shop.chiquebuer.de\/beaute\/?post_type=product&#038;p=9722"},"modified":"2020-12-17T12:36:42","modified_gmt":"2020-12-17T11:36:42","slug":"express-dry","status":"publish","type":"product","link":"https:\/\/shop.chiquebuer.de\/beaute\/kaufen\/wimpern-und-naegel\/express-dry\/","title":{"rendered":"Express Dry"},"content":{"rendered":"<p><strong>Der elim Express Dry ist ein doppelt wirksamer \u00dcberlack. Er sch\u00fctzt Ihren Nagellack und beschleunigt das Trocknen des Nagellacks. Das Hochglanz-Finish l\u00e4sst den Nagellack l\u00e4nger halten. Hinzugef\u00fcgte Elastine machen den Lack dehnbar und verhindern das Abplatzen des Lackes.<\/strong><\/p>\n<p>Der Einsatz von Elastinen ist neu in der Nagellacktechnologie, traditionell wurden sie bei der Herstellung von Farben verwendet. Der elim Express Dry legt sich nicht einfach als Schicht \u00fcber den Nagellack, sondern gibt dem Lack Elastizit\u00e4t, die es ihm erlaubt, sich zu bewegen. Das bedeutet: wenn der Nagel w\u00e4chst, dehnt sich der Lack aus und splittert nicht ab.<\/p>\n<p><strong>Inhaltsstoffe<\/strong><br \/>\nDiethyl Ether, Acetate, Fumaric Acid, Butyl, Ethyl Acetate, Nitrocellulose, Acetyl Triethyl Citrate, Phthalic Anhydride, Trimellitic Anhydride, Glycols Copolymer, Isopropyl Alcohol, Stearalkonium, Hectorite, Adipic Acid, Castor Oil, Neopentyl Glycol, Peg-3, Trimethylolpropane,Copolymer, Tricyclodecane Dimethanol Copolimer, Citric Acid.<\/p>\n","protected":false},"excerpt":{"rendered":"<p>Der elim Express Dry ist ein doppelt wirksamer \u00dcberlack. Er sch\u00fctzt Ihren Nagellack und beschleunigt das Trocknen des Nagellacks. Das<\/p>\n","protected":false},"featured_media":9903,"template":"","meta":[],"product_brand":[],"product_cat":[120],"product_tag":[],"class_list":{"0":"post-9722","1":"product","2":"type-product","3":"status-publish","4":"has-post-thumbnail","6":"product_cat-wimpern-und-naegel","8":"first","9":"instock","10":"taxable","11":"shipping-taxable","12":"purchasable","13":"product-type-simple"},"_links":{"self":[{"href":"https:\/\/shop.chiquebuer.de\/beaute\/wp-json\/wp\/v2\/product\/9722","targetHints":{"allow":["GET"]}}],"collection":[{"href":"https:\/\/shop.chiquebuer.de\/beaute\/wp-json\/wp\/v2\/product"}],"about":[{"href":"https:\/\/shop.chiquebuer.de\/beaute\/wp-json\/wp\/v2\/types\/product"}],"version-history":[{"count":0,"href":"https:\/\/shop.chiquebuer.de\/beaute\/wp-json\/wp\/v2\/product\/9722\/revisions"}],"wp:featuredmedia":[{"embeddable":true,"href":"https:\/\/shop.chiquebuer.de\/beaute\/wp-json\/wp\/v2\/media\/9903"}],"wp:attachment":[{"href":"https:\/\/shop.chiquebuer.de\/beaute\/wp-json\/wp\/v2\/media?parent=9722"}],"wp:term":[{"taxonomy":"product_brand","embeddable":true,"href":"https:\/\/shop.chiquebuer.de\/beaute\/wp-json\/wp\/v2\/product_brand?post=9722"},{"taxonomy":"product_cat","embeddable":true,"href":"https:\/\/shop.chiquebuer.de\/beaute\/wp-json\/wp\/v2\/product_cat?post=9722"},{"taxonomy":"product_tag","embeddable":true,"href":"https:\/\/shop.chiquebuer.de\/beaute\/wp-json\/wp\/v2\/product_tag?post=9722"}],"curies":[{"name":"wp","href":"https:\/\/api.w.org\/{rel}","templated":true}]}}