{"id":9714,"date":"2020-12-16T16:01:42","date_gmt":"2020-12-16T15:01:42","guid":{"rendered":"https:\/\/shop.chiquebuer.de\/beaute\/?post_type=product&#038;p=9714"},"modified":"2022-07-22T09:08:15","modified_gmt":"2022-07-22T07:08:15","slug":"age-reversal-hand-cream","status":"publish","type":"product","link":"https:\/\/shop.chiquebuer.de\/beaute\/kaufen\/wimpern-und-naegel\/age-reversal-hand-cream\/","title":{"rendered":"Age Reversal Hand Cream"},"content":{"rendered":"<p><strong>Die elim MediHand Age Reversal Hand Cream hat eine hochkonzentrierte Anti-Aging Rezeptur, die speziell Alterserscheinungen und dunkle Flecken der H\u00e4nde bek\u00e4mpft. Die Rezeptur f\u00f6rdert auch den Selbstheilungsprozess der Haut.<\/strong><\/p>\n<p>Die Age Reversal Hand Cream wurde f\u00fcr alternde H\u00e4nde und Kunden mit Pigmentierungen entwickelt. Ein ebenm\u00e4\u00dfiger Hautton wird wieder hergestellt indem die Melanogenese auf mehreren Ebenen gleichzeitig blockiert wird. Die Creme sch\u00fctzt gleichzeitig die Haut und verhindert Entz\u00fcndungen. Die aktiven Inhaltsstoffe sind viermal so wirksam wie Vitamin C und sechzigmal effektiver als Kojis\u00e4ure. Ergebnisse werden nach nur 28 Tagen sichtbar und langanhaltende Ergebnisse nach 3 Monaten. Die Age Reversal Hand Cream hat einen Lichtschutzfaktor von 30.<\/p>\n<p><strong>Inhaltsstoffe<\/strong><br \/>\nAqua, Lactic Acid, Niacinamide, Acetylated Lanolin Alcohol, Mineral Oil, Propylene Glycol, Diethylamino Hydroxybenzoyl Hexyl Benzoate, Cyclopentasiloxane, Glyceryl Monostearate, C30-45 Alkyl Methicone, Glycerin, Isopropyl Myristate, Zinc Oxide, Decyl Oleate, Peg-150 Distearate, Ethyl Methoxycinnamate, Butyl Methoxydibenzoylmethane, Ethylhexyl Triazone, Cetyl Alcohol, Triethanolamine, 3-Benzylidene Camphor, Hydrogenated Vegetable Glycerides, Stearic Acid, Parfum, Arctostaphylos Uva Ursi, Cetearyl Alcohol, Cetearyl Glucoside, Water, Butylene Glycol, Methylparaben, Propylparaben, Adenosine Triphosphate, Panthenol, Tocopheryl Acetate, Ethanol, Acetyl Tyrosine, Hydrolysed Vegetable Protein, Proline, Hydrolyzed Oat Protein.<\/p>\n","protected":false},"excerpt":{"rendered":"<p>Die elim MediHand Age Reversal Hand Cream hat eine hochkonzentrierte Anti-Aging Rezeptur, die speziell Alterserscheinungen und dunkle Flecken der H\u00e4nde<\/p>\n","protected":false},"featured_media":9899,"template":"","meta":[],"product_brand":[],"product_cat":[120],"product_tag":[],"class_list":{"0":"post-9714","1":"product","2":"type-product","3":"status-publish","4":"has-post-thumbnail","6":"product_cat-wimpern-und-naegel","8":"first","9":"outofstock","10":"taxable","11":"shipping-taxable","12":"purchasable","13":"product-type-simple"},"_links":{"self":[{"href":"https:\/\/shop.chiquebuer.de\/beaute\/wp-json\/wp\/v2\/product\/9714","targetHints":{"allow":["GET"]}}],"collection":[{"href":"https:\/\/shop.chiquebuer.de\/beaute\/wp-json\/wp\/v2\/product"}],"about":[{"href":"https:\/\/shop.chiquebuer.de\/beaute\/wp-json\/wp\/v2\/types\/product"}],"version-history":[{"count":0,"href":"https:\/\/shop.chiquebuer.de\/beaute\/wp-json\/wp\/v2\/product\/9714\/revisions"}],"wp:featuredmedia":[{"embeddable":true,"href":"https:\/\/shop.chiquebuer.de\/beaute\/wp-json\/wp\/v2\/media\/9899"}],"wp:attachment":[{"href":"https:\/\/shop.chiquebuer.de\/beaute\/wp-json\/wp\/v2\/media?parent=9714"}],"wp:term":[{"taxonomy":"product_brand","embeddable":true,"href":"https:\/\/shop.chiquebuer.de\/beaute\/wp-json\/wp\/v2\/product_brand?post=9714"},{"taxonomy":"product_cat","embeddable":true,"href":"https:\/\/shop.chiquebuer.de\/beaute\/wp-json\/wp\/v2\/product_cat?post=9714"},{"taxonomy":"product_tag","embeddable":true,"href":"https:\/\/shop.chiquebuer.de\/beaute\/wp-json\/wp\/v2\/product_tag?post=9714"}],"curies":[{"name":"wp","href":"https:\/\/api.w.org\/{rel}","templated":true}]}}