{"id":9712,"date":"2020-12-16T16:02:16","date_gmt":"2020-12-16T15:02:16","guid":{"rendered":"https:\/\/shop.chiquebuer.de\/beaute\/?post_type=product&#038;p=9712"},"modified":"2020-12-17T12:41:26","modified_gmt":"2020-12-17T11:41:26","slug":"nail-hardener","status":"publish","type":"product","link":"https:\/\/shop.chiquebuer.de\/beaute\/kaufen\/wimpern-und-naegel\/nail-hardener\/","title":{"rendered":"Nail Hardener"},"content":{"rendered":"<p><strong>Wenn N\u00e4gel viel und oft Wasser ausgesetzt sind, oft Acryl aufgetragen wird oder auch wenn ein Vitaminmangel vorliegt, werden Sie br\u00fcchig und schwach. Der elim Nail Hardener wurde wissenschaftlich entwickelt um die Keratinstruktur der N\u00e4gel zu st\u00e4rken, indem er sich wie ein Schutzschild auf den Nagel legt und so Unebenheit ausgleicht und den m\u00f6glicherweise schwachen, weichen Nagel wachsen l\u00e4sst.<\/strong><\/p>\n<p>Der elim Nail Hardener enth\u00e4lt Nitrocellulose, die sich wie ein Schutzschild auf den Nagel legt und ihn so sch\u00fctzt. Andere Inhaltsstoffe sind Methylene und Glykol.<\/p>\n<p><strong>Inhaltsstoffe<\/strong><br \/>\nButyl Acetate, Ethyl Acetate, Nitrocellulose, Acetyl Triethyl Citrate, Phtalic Anhydride, Trimellitic Anhydride, Glycols, Isopropyl Alcohol, Stearalkonium Hectonte, Fumaric Acid, Formaldehyde, Adipic Acid, Castor Oil, Neopentyl Glycol, Peg-3, Trimethoylolpropane, Copolymer, Tricylode Dimethanol, Copolymer, Citric Acid, Water, Butylene Glycol, Hydroxypropyltrimonium Honey, Phenyl Trimethicone, Atelocollagen, Sphingolipids, Chitosan, Cyclodextrin, Dextrin, Carbomber.<\/p>\n","protected":false},"excerpt":{"rendered":"<p>Wenn N\u00e4gel viel und oft Wasser ausgesetzt sind, oft Acryl aufgetragen wird oder auch wenn ein Vitaminmangel vorliegt, werden Sie<\/p>\n","protected":false},"featured_media":9900,"template":"","meta":[],"product_brand":[],"product_cat":[120],"product_tag":[],"class_list":{"0":"post-9712","1":"product","2":"type-product","3":"status-publish","4":"has-post-thumbnail","6":"product_cat-wimpern-und-naegel","8":"first","9":"instock","10":"taxable","11":"shipping-taxable","12":"purchasable","13":"product-type-simple"},"_links":{"self":[{"href":"https:\/\/shop.chiquebuer.de\/beaute\/wp-json\/wp\/v2\/product\/9712","targetHints":{"allow":["GET"]}}],"collection":[{"href":"https:\/\/shop.chiquebuer.de\/beaute\/wp-json\/wp\/v2\/product"}],"about":[{"href":"https:\/\/shop.chiquebuer.de\/beaute\/wp-json\/wp\/v2\/types\/product"}],"version-history":[{"count":0,"href":"https:\/\/shop.chiquebuer.de\/beaute\/wp-json\/wp\/v2\/product\/9712\/revisions"}],"wp:featuredmedia":[{"embeddable":true,"href":"https:\/\/shop.chiquebuer.de\/beaute\/wp-json\/wp\/v2\/media\/9900"}],"wp:attachment":[{"href":"https:\/\/shop.chiquebuer.de\/beaute\/wp-json\/wp\/v2\/media?parent=9712"}],"wp:term":[{"taxonomy":"product_brand","embeddable":true,"href":"https:\/\/shop.chiquebuer.de\/beaute\/wp-json\/wp\/v2\/product_brand?post=9712"},{"taxonomy":"product_cat","embeddable":true,"href":"https:\/\/shop.chiquebuer.de\/beaute\/wp-json\/wp\/v2\/product_cat?post=9712"},{"taxonomy":"product_tag","embeddable":true,"href":"https:\/\/shop.chiquebuer.de\/beaute\/wp-json\/wp\/v2\/product_tag?post=9712"}],"curies":[{"name":"wp","href":"https:\/\/api.w.org\/{rel}","templated":true}]}}