{"id":9708,"date":"2020-12-16T16:03:52","date_gmt":"2020-12-16T15:03:52","guid":{"rendered":"https:\/\/shop.chiquebuer.de\/beaute\/?post_type=product&#038;p=9708"},"modified":"2020-12-17T12:43:55","modified_gmt":"2020-12-17T11:43:55","slug":"cuticle-md-nagelhautoel","status":"publish","type":"product","link":"https:\/\/shop.chiquebuer.de\/beaute\/kaufen\/wimpern-und-naegel\/cuticle-md-nagelhautoel\/","title":{"rendered":"Cuticle MD Nagelhaut\u00f6l"},"content":{"rendered":"<p><strong>Der elim Cuticle MD ist ein antibakterieller Nagelhautretter mit 10 nat\u00fcrlichen \u00d6len, um die Nagelhaut in perfekten Zustand zu halten.<\/strong><\/p>\n<p>Das Herzst\u00fcck der Rezeptur ist Kokosnuss\u00f6l, ein nat\u00fcrlicher UV Schutz und ein Schutz vor Bakterien und Nagelpilz.Herk\u00f6mmliche Nagelhaut\u00f6le spenden Feuchtigkeit, aber der elim Cuticle MD ist ein Heilmittel f\u00fcr trockene und gesch\u00e4digte Nagelhaut, er versorgt mit N\u00e4hrstoffen, spendet Feuchtigkeit und sch\u00fctzt gleichzeitig. In den meisten Produkten ist eine Kombination aus maximal drei \u00d6len, aber der elim Cuticle MD enth\u00e4lt 10 \u00d6le in einer Flasche.<\/p>\n<p><strong>Inhaltsstoffe<\/strong><br \/>\nCocos Nucifera Oil (Coconut), Decyl Oleate, Amygdalus Dulcis Oil, Vitic Vinifera Oil, Calendula Officinalis Oil, Glycina Soja Oil, Gardenia Tahitensis Flower Oil, Mauritia Flexuosa Oil, Arnica Montana Oil, Limonene, Linalool, Tocopherol.<\/p>\n","protected":false},"excerpt":{"rendered":"<p>Der elim Cuticle MD ist ein antibakterieller Nagelhautretter mit 10 nat\u00fcrlichen \u00d6len, um die Nagelhaut in perfekten Zustand zu halten.<\/p>\n","protected":false},"featured_media":9896,"template":"","meta":[],"product_brand":[],"product_cat":[120],"product_tag":[],"class_list":{"0":"post-9708","1":"product","2":"type-product","3":"status-publish","4":"has-post-thumbnail","6":"product_cat-wimpern-und-naegel","8":"first","9":"instock","10":"taxable","11":"shipping-taxable","12":"purchasable","13":"product-type-simple"},"_links":{"self":[{"href":"https:\/\/shop.chiquebuer.de\/beaute\/wp-json\/wp\/v2\/product\/9708","targetHints":{"allow":["GET"]}}],"collection":[{"href":"https:\/\/shop.chiquebuer.de\/beaute\/wp-json\/wp\/v2\/product"}],"about":[{"href":"https:\/\/shop.chiquebuer.de\/beaute\/wp-json\/wp\/v2\/types\/product"}],"version-history":[{"count":0,"href":"https:\/\/shop.chiquebuer.de\/beaute\/wp-json\/wp\/v2\/product\/9708\/revisions"}],"wp:featuredmedia":[{"embeddable":true,"href":"https:\/\/shop.chiquebuer.de\/beaute\/wp-json\/wp\/v2\/media\/9896"}],"wp:attachment":[{"href":"https:\/\/shop.chiquebuer.de\/beaute\/wp-json\/wp\/v2\/media?parent=9708"}],"wp:term":[{"taxonomy":"product_brand","embeddable":true,"href":"https:\/\/shop.chiquebuer.de\/beaute\/wp-json\/wp\/v2\/product_brand?post=9708"},{"taxonomy":"product_cat","embeddable":true,"href":"https:\/\/shop.chiquebuer.de\/beaute\/wp-json\/wp\/v2\/product_cat?post=9708"},{"taxonomy":"product_tag","embeddable":true,"href":"https:\/\/shop.chiquebuer.de\/beaute\/wp-json\/wp\/v2\/product_tag?post=9708"}],"curies":[{"name":"wp","href":"https:\/\/api.w.org\/{rel}","templated":true}]}}