{"id":9680,"date":"2020-12-16T16:11:10","date_gmt":"2020-12-16T15:11:10","guid":{"rendered":"https:\/\/shop.chiquebuer.de\/beaute\/?post_type=product&#038;p=9680"},"modified":"2020-12-17T13:59:11","modified_gmt":"2020-12-17T12:59:11","slug":"skin-moisture-lock","status":"publish","type":"product","link":"https:\/\/shop.chiquebuer.de\/beaute\/kaufen\/skin-booster\/skin-moisture-lock\/","title":{"rendered":"SKIN MOISTURE LOCK"},"content":{"rendered":"<p><strong>Eine einzigartige Anti-Aging-Formel aus Ceramiden und Hyalurons\u00e4ure.<\/strong><\/p>\n<p>Das All-in-One-Supplement h\u00e4lt die Feuchtigkeit in der Haut und sorgt so f\u00fcr ein pralles, glattes Hautbild.<br \/>\nBitte das Produkt nicht verzehren wenn Sie schwanger sind, eine Schwangerschaft planen oder Stillen. Falls Sie unter \u00e4rztlicher Aufsicht stehen, konsultieren Sie bitte vor der Verwendung Ihren Arzt.<\/p>\n<p><strong>Inhaltsstoffe<\/strong><br \/>\nReis\u00f6l, <strong>Fischgelatine<\/strong>, <strong>Weizenextrakt<\/strong> (Triticum aestivum), Feuchthaltemittel: Glycerin; Hyalurons\u00e4ure, Verdickungsmittel: Bienenwachs; Farbstoff: beta-Carotin, Zuckerkul\u00f6r; Mangangluconat, Antioxidationsmittel: Extrakt aus Rosmarin.<\/p>\n<p>Allergene sind in diesem Verzeichnis der Zutaten durch <strong>fetten<\/strong> Schriftstil hervorgehoben.<\/p>\n","protected":false},"excerpt":{"rendered":"<p>Eine einzigartige Anti-Aging-Formel aus Ceramiden und Hyalurons\u00e4ure. Das All-in-One-Supplement h\u00e4lt die Feuchtigkeit in der Haut und sorgt so f\u00fcr ein<\/p>\n","protected":false},"featured_media":9882,"template":"","meta":[],"product_brand":[],"product_cat":[121],"product_tag":[],"class_list":{"0":"post-9680","1":"product","2":"type-product","3":"status-publish","4":"has-post-thumbnail","6":"product_cat-skin-booster","8":"first","9":"instock","10":"taxable","11":"shipping-taxable","12":"purchasable","13":"product-type-simple"},"_links":{"self":[{"href":"https:\/\/shop.chiquebuer.de\/beaute\/wp-json\/wp\/v2\/product\/9680","targetHints":{"allow":["GET"]}}],"collection":[{"href":"https:\/\/shop.chiquebuer.de\/beaute\/wp-json\/wp\/v2\/product"}],"about":[{"href":"https:\/\/shop.chiquebuer.de\/beaute\/wp-json\/wp\/v2\/types\/product"}],"version-history":[{"count":0,"href":"https:\/\/shop.chiquebuer.de\/beaute\/wp-json\/wp\/v2\/product\/9680\/revisions"}],"wp:featuredmedia":[{"embeddable":true,"href":"https:\/\/shop.chiquebuer.de\/beaute\/wp-json\/wp\/v2\/media\/9882"}],"wp:attachment":[{"href":"https:\/\/shop.chiquebuer.de\/beaute\/wp-json\/wp\/v2\/media?parent=9680"}],"wp:term":[{"taxonomy":"product_brand","embeddable":true,"href":"https:\/\/shop.chiquebuer.de\/beaute\/wp-json\/wp\/v2\/product_brand?post=9680"},{"taxonomy":"product_cat","embeddable":true,"href":"https:\/\/shop.chiquebuer.de\/beaute\/wp-json\/wp\/v2\/product_cat?post=9680"},{"taxonomy":"product_tag","embeddable":true,"href":"https:\/\/shop.chiquebuer.de\/beaute\/wp-json\/wp\/v2\/product_tag?post=9680"}],"curies":[{"name":"wp","href":"https:\/\/api.w.org\/{rel}","templated":true}]}}