{"id":9676,"date":"2020-12-16T16:13:18","date_gmt":"2020-12-16T15:13:18","guid":{"rendered":"https:\/\/shop.chiquebuer.de\/beaute\/?post_type=product&#038;p=9676"},"modified":"2022-06-29T11:15:15","modified_gmt":"2022-06-29T09:15:15","slug":"skin-omegas","status":"publish","type":"product","link":"https:\/\/shop.chiquebuer.de\/beaute\/kaufen\/skin-booster\/skin-omegas\/","title":{"rendered":"Skin OMEGAS+"},"content":{"rendered":"<p><strong>reichhaltig und st\u00e4rkend<\/strong><\/p>\n<p>Die Kombination aus Omega 3- und Omega 6-Fetts\u00e4uren versorgt trockene, empfindliche Haut ideal mit Feuchtigkeit und st\u00e4rkt gleichzeitig die hauteigene Schutzbarriere vor sch\u00e4dlichen Umwelteinfl\u00fcssen.<\/p>\n<p>Inhaltsstoffe<br \/>\n<strong>Fisch\u00f6l<\/strong>, Kapselh\u00fclle (<strong>Fischgelatine<\/strong> &amp; Glycerol, Nachtkerzen\u00f6l, Nachtkerzen\u00f6l, Antioxidationsmittel: Alpha Tocopherol, Retinylpalmitat (Vitamin A).<\/p>\n<p>Allergene sind in diesem Verzeichnis der Zutaten durch <strong>fetten<\/strong> Schriftstil hervorgehoben.<\/p>\n","protected":false},"excerpt":{"rendered":"<p>reichhaltig und st\u00e4rkend Die Kombination aus Omega 3- und Omega 6-Fetts\u00e4uren versorgt trockene, empfindliche Haut ideal mit Feuchtigkeit und st\u00e4rkt<\/p>\n","protected":false},"featured_media":9895,"template":"","meta":[],"product_brand":[],"product_cat":[121],"product_tag":[],"class_list":{"0":"post-9676","1":"product","2":"type-product","3":"status-publish","4":"has-post-thumbnail","6":"product_cat-skin-booster","8":"first","9":"instock","10":"taxable","11":"shipping-taxable","12":"purchasable","13":"product-type-simple"},"_links":{"self":[{"href":"https:\/\/shop.chiquebuer.de\/beaute\/wp-json\/wp\/v2\/product\/9676","targetHints":{"allow":["GET"]}}],"collection":[{"href":"https:\/\/shop.chiquebuer.de\/beaute\/wp-json\/wp\/v2\/product"}],"about":[{"href":"https:\/\/shop.chiquebuer.de\/beaute\/wp-json\/wp\/v2\/types\/product"}],"version-history":[{"count":0,"href":"https:\/\/shop.chiquebuer.de\/beaute\/wp-json\/wp\/v2\/product\/9676\/revisions"}],"wp:featuredmedia":[{"embeddable":true,"href":"https:\/\/shop.chiquebuer.de\/beaute\/wp-json\/wp\/v2\/media\/9895"}],"wp:attachment":[{"href":"https:\/\/shop.chiquebuer.de\/beaute\/wp-json\/wp\/v2\/media?parent=9676"}],"wp:term":[{"taxonomy":"product_brand","embeddable":true,"href":"https:\/\/shop.chiquebuer.de\/beaute\/wp-json\/wp\/v2\/product_brand?post=9676"},{"taxonomy":"product_cat","embeddable":true,"href":"https:\/\/shop.chiquebuer.de\/beaute\/wp-json\/wp\/v2\/product_cat?post=9676"},{"taxonomy":"product_tag","embeddable":true,"href":"https:\/\/shop.chiquebuer.de\/beaute\/wp-json\/wp\/v2\/product_tag?post=9676"}],"curies":[{"name":"wp","href":"https:\/\/api.w.org\/{rel}","templated":true}]}}