{"id":9668,"date":"2020-12-16T15:54:40","date_gmt":"2020-12-16T14:54:40","guid":{"rendered":"https:\/\/shop.chiquebuer.de\/beaute\/?post_type=product&#038;p=9668"},"modified":"2020-12-17T12:07:49","modified_gmt":"2020-12-17T11:07:49","slug":"spray-fraicheur-jambes-legeres","status":"publish","type":"product","link":"https:\/\/shop.chiquebuer.de\/beaute\/kaufen\/koerperpflege\/spray-fraicheur-jambes-legeres\/","title":{"rendered":"Spray Fra\u00eecheur Jambes L\u00e9g\u00e8res"},"content":{"rendered":"<p><strong>Drainiert und belebt die Haut<\/strong><br \/>\n<strong>Verbesserung der Durchblutung<\/strong><\/p>\n<p>Eine echte Synergie aus drei aktiven pflanzlichen Wirkstoffen (Arnika, Zypresse und Wohlriechender Weisswurz), welche die oberfl\u00e4chliche Mikrozirkulation stimulieren und die Venenw\u00e4nde st\u00e4rken und das Gef\u00fchl schwerer Beine mildern. Diese Wirkung wird durch einen Rotalgenextrakt gef\u00f6rdert, der belebend, entstauend und beruhigend auf die Mikrozirkulation der Haut wirkt.<\/p>\n<p><strong>Inhaltsstoffe<\/strong><br \/>\n7% LPG\u00ae Toning complex (belebender LPG-Komplex)<\/p>\n","protected":false},"excerpt":{"rendered":"<p>Drainiert und belebt die Haut Verbesserung der Durchblutung Eine echte Synergie aus drei aktiven pflanzlichen Wirkstoffen (Arnika, Zypresse und Wohlriechender<\/p>\n","protected":false},"featured_media":9922,"template":"","meta":[],"product_brand":[],"product_cat":[119],"product_tag":[],"class_list":{"0":"post-9668","1":"product","2":"type-product","3":"status-publish","4":"has-post-thumbnail","6":"product_cat-koerperpflege","8":"first","9":"instock","10":"taxable","11":"shipping-taxable","12":"purchasable","13":"product-type-simple"},"_links":{"self":[{"href":"https:\/\/shop.chiquebuer.de\/beaute\/wp-json\/wp\/v2\/product\/9668","targetHints":{"allow":["GET"]}}],"collection":[{"href":"https:\/\/shop.chiquebuer.de\/beaute\/wp-json\/wp\/v2\/product"}],"about":[{"href":"https:\/\/shop.chiquebuer.de\/beaute\/wp-json\/wp\/v2\/types\/product"}],"version-history":[{"count":0,"href":"https:\/\/shop.chiquebuer.de\/beaute\/wp-json\/wp\/v2\/product\/9668\/revisions"}],"wp:featuredmedia":[{"embeddable":true,"href":"https:\/\/shop.chiquebuer.de\/beaute\/wp-json\/wp\/v2\/media\/9922"}],"wp:attachment":[{"href":"https:\/\/shop.chiquebuer.de\/beaute\/wp-json\/wp\/v2\/media?parent=9668"}],"wp:term":[{"taxonomy":"product_brand","embeddable":true,"href":"https:\/\/shop.chiquebuer.de\/beaute\/wp-json\/wp\/v2\/product_brand?post=9668"},{"taxonomy":"product_cat","embeddable":true,"href":"https:\/\/shop.chiquebuer.de\/beaute\/wp-json\/wp\/v2\/product_cat?post=9668"},{"taxonomy":"product_tag","embeddable":true,"href":"https:\/\/shop.chiquebuer.de\/beaute\/wp-json\/wp\/v2\/product_tag?post=9668"}],"curies":[{"name":"wp","href":"https:\/\/api.w.org\/{rel}","templated":true}]}}