{"id":9666,"date":"2020-12-16T16:15:05","date_gmt":"2020-12-16T15:15:05","guid":{"rendered":"https:\/\/shop.chiquebuer.de\/beaute\/?post_type=product&#038;p=9666"},"modified":"2022-06-29T15:41:29","modified_gmt":"2022-06-29T13:41:29","slug":"creme-micro-peeling-eclat-du-corps","status":"publish","type":"product","link":"https:\/\/shop.chiquebuer.de\/beaute\/kaufen\/koerperpflege\/creme-micro-peeling-eclat-du-corps\/","title":{"rendered":"Cr\u00e8me Micro-Peeling \u00c9clat du Corps"},"content":{"rendered":"<p><strong>Micro-Peeling zur Revitalisierung der Haut<\/strong><br \/>\n<strong>Reduziert Dehnungsstreifen und beugt deren Bildung vor<\/strong><\/p>\n<p>Diese regenerierende Pflege n\u00e4hrt, strafft und mattiert durch den Alterungsprozess empfindlich gewordene Haut, die mit jedem Tag j\u00fcnger aussieht. Der exklusive, auf Hyalurons\u00e4ure basierende LPG Anti-Aging-Komplex stimuliert die nat\u00fcrliche Kollagen- und Elastinsynthese und wirkt dem Abbau dieser Stoffe entgegen. Fruchts\u00e4uren beschleunigen die Zellerneuerung und bieten ein sanftes Mikropeeling mit sichtbarer Wirkung: Gl\u00e4ttung kleiner Hautunregelm\u00e4ssigkeiten, strahlender Teint, Reduzierung von Dehnungsstreifen und Vorbeugung gegen deren Bildung.<\/p>\n<p><strong>Inhaltsstoffe<\/strong><br \/>\n2 % exklusiver LPG Anti-Aging-Komplex<\/p>\n<p>5 % Fruchts\u00e4uren<\/p>\n","protected":false},"excerpt":{"rendered":"<p>Micro-Peeling zur Revitalisierung der Haut Reduziert Dehnungsstreifen und beugt deren Bildung vor Diese regenerierende Pflege n\u00e4hrt, strafft und mattiert durch<\/p>\n","protected":false},"featured_media":9921,"template":"","meta":[],"product_brand":[],"product_cat":[119],"product_tag":[],"class_list":{"0":"post-9666","1":"product","2":"type-product","3":"status-publish","4":"has-post-thumbnail","6":"product_cat-koerperpflege","8":"first","9":"instock","10":"taxable","11":"shipping-taxable","12":"purchasable","13":"product-type-simple"},"_links":{"self":[{"href":"https:\/\/shop.chiquebuer.de\/beaute\/wp-json\/wp\/v2\/product\/9666","targetHints":{"allow":["GET"]}}],"collection":[{"href":"https:\/\/shop.chiquebuer.de\/beaute\/wp-json\/wp\/v2\/product"}],"about":[{"href":"https:\/\/shop.chiquebuer.de\/beaute\/wp-json\/wp\/v2\/types\/product"}],"version-history":[{"count":0,"href":"https:\/\/shop.chiquebuer.de\/beaute\/wp-json\/wp\/v2\/product\/9666\/revisions"}],"wp:featuredmedia":[{"embeddable":true,"href":"https:\/\/shop.chiquebuer.de\/beaute\/wp-json\/wp\/v2\/media\/9921"}],"wp:attachment":[{"href":"https:\/\/shop.chiquebuer.de\/beaute\/wp-json\/wp\/v2\/media?parent=9666"}],"wp:term":[{"taxonomy":"product_brand","embeddable":true,"href":"https:\/\/shop.chiquebuer.de\/beaute\/wp-json\/wp\/v2\/product_brand?post=9666"},{"taxonomy":"product_cat","embeddable":true,"href":"https:\/\/shop.chiquebuer.de\/beaute\/wp-json\/wp\/v2\/product_cat?post=9666"},{"taxonomy":"product_tag","embeddable":true,"href":"https:\/\/shop.chiquebuer.de\/beaute\/wp-json\/wp\/v2\/product_tag?post=9666"}],"curies":[{"name":"wp","href":"https:\/\/api.w.org\/{rel}","templated":true}]}}