{"id":9658,"date":"2020-12-16T16:18:30","date_gmt":"2020-12-16T15:18:30","guid":{"rendered":"https:\/\/shop.chiquebuer.de\/beaute\/?post_type=product&#038;p=9658"},"modified":"2020-12-17T11:25:05","modified_gmt":"2020-12-17T10:25:05","slug":"gel-lipo-reducteur","status":"publish","type":"product","link":"https:\/\/shop.chiquebuer.de\/beaute\/kaufen\/koerperpflege\/gel-lipo-reducteur\/","title":{"rendered":"Gel Lipo R\u00e9ducteur"},"content":{"rendered":"<p><strong>Chronobiologischer Fettabbau (Tag\/Nacht)<\/strong><br \/>\n<strong>Umfangsreduzierung<\/strong><\/p>\n<p>Der exklusive LPG\u00ae Schlankheitskomplex unterst\u00fctzt den effizienten Abbau von Fettp\u00f6lsterchen am gesamten K\u00f6rper. Coralline G, ein pflanzlicher Korallenextrakt, ist ein intelligenter Wirkstoff, der sich an den Biorhythmus unserer Fettzellen anpasst, um diese wirksamer zu bek\u00e4mpfen: Nachts werden Fetteinlagerungen und die Bildung neuer reifer Adipozyten gehemmt und die Kollagensynthese angekurbelt, tags\u00fcber wird die Lipolyse (Fettabbau) beg\u00fcnstigt.<\/p>\n<p><strong>Inhaltsstoffe<\/strong><br \/>\n5 % Complexe exclusif minceur LPG\u00ae (Exklusiver LPG\u00ae-Schlankheitskomplex)<\/p>\n<p>2 % Coralline G\u00ae<\/p>\n","protected":false},"excerpt":{"rendered":"<p>Chronobiologischer Fettabbau (Tag\/Nacht) Umfangsreduzierung Der exklusive LPG\u00ae Schlankheitskomplex unterst\u00fctzt den effizienten Abbau von Fettp\u00f6lsterchen am gesamten K\u00f6rper. Coralline G, ein<\/p>\n","protected":false},"featured_media":9917,"template":"","meta":[],"product_brand":[],"product_cat":[119],"product_tag":[],"class_list":{"0":"post-9658","1":"product","2":"type-product","3":"status-publish","4":"has-post-thumbnail","6":"product_cat-koerperpflege","8":"first","9":"instock","10":"taxable","11":"shipping-taxable","12":"purchasable","13":"product-type-simple"},"_links":{"self":[{"href":"https:\/\/shop.chiquebuer.de\/beaute\/wp-json\/wp\/v2\/product\/9658","targetHints":{"allow":["GET"]}}],"collection":[{"href":"https:\/\/shop.chiquebuer.de\/beaute\/wp-json\/wp\/v2\/product"}],"about":[{"href":"https:\/\/shop.chiquebuer.de\/beaute\/wp-json\/wp\/v2\/types\/product"}],"version-history":[{"count":0,"href":"https:\/\/shop.chiquebuer.de\/beaute\/wp-json\/wp\/v2\/product\/9658\/revisions"}],"wp:featuredmedia":[{"embeddable":true,"href":"https:\/\/shop.chiquebuer.de\/beaute\/wp-json\/wp\/v2\/media\/9917"}],"wp:attachment":[{"href":"https:\/\/shop.chiquebuer.de\/beaute\/wp-json\/wp\/v2\/media?parent=9658"}],"wp:term":[{"taxonomy":"product_brand","embeddable":true,"href":"https:\/\/shop.chiquebuer.de\/beaute\/wp-json\/wp\/v2\/product_brand?post=9658"},{"taxonomy":"product_cat","embeddable":true,"href":"https:\/\/shop.chiquebuer.de\/beaute\/wp-json\/wp\/v2\/product_cat?post=9658"},{"taxonomy":"product_tag","embeddable":true,"href":"https:\/\/shop.chiquebuer.de\/beaute\/wp-json\/wp\/v2\/product_tag?post=9658"}],"curies":[{"name":"wp","href":"https:\/\/api.w.org\/{rel}","templated":true}]}}