{"id":9654,"date":"2020-12-16T16:29:08","date_gmt":"2020-12-16T15:29:08","guid":{"rendered":"https:\/\/shop.chiquebuer.de\/beaute\/?post_type=product&#038;p=9654"},"modified":"2020-12-17T11:43:32","modified_gmt":"2020-12-17T10:43:32","slug":"soin-fermete-affinant","status":"publish","type":"product","link":"https:\/\/shop.chiquebuer.de\/beaute\/kaufen\/gesichtspflege\/tagespflege\/soin-fermete-affinant\/","title":{"rendered":"Soin Fermet\u00e9 Affinant"},"content":{"rendered":"<p><strong>Modelliert das Gesicht und f\u00f6rdert den Abbau des Doppelkinns<\/strong><br \/>\n<strong>Strafft die Gesichtskonturen<\/strong><br \/>\n<strong>Gl\u00e4ttet Falten<\/strong><\/p>\n<p>Der exklusive, auf Hyalurons\u00e4ure basierende LPG\u00ae Anti-Aging-Komplex stimuliert die nat\u00fcrliche Kollagen- und Elastinsynthese und beugt ihrem Abbau vor. Erneuert die Funktion der wichtigsten Faktoren f\u00fcr jugendliches Aussehen und straffere Haut. Dieses leichte, parf\u00fcmierte Fluid ist eine Anti-Falten-Pflege, die in Kombination mit Adipoless\u00ae den Fettabbau am Doppelkinn und an der unteren Gesichtspartie f\u00f6rdert \u2013 f\u00fcr eine schlankere Gesichtskontur.<\/p>\n<p><strong>Inhaltsstoffe<\/strong><\/p>\n<p>6 % exklusiver LPG\u00ae Anti-Aging-Komplex<\/p>\n<p>3% Adipoless\u00ae<\/p>\n","protected":false},"excerpt":{"rendered":"<p>Modelliert das Gesicht und f\u00f6rdert den Abbau des Doppelkinns Strafft die Gesichtskonturen Gl\u00e4ttet Falten Der exklusive, auf Hyalurons\u00e4ure basierende LPG\u00ae<\/p>\n","protected":false},"featured_media":9911,"template":"","meta":[],"product_brand":[],"product_cat":[67,68],"product_tag":[],"class_list":{"0":"post-9654","1":"product","2":"type-product","3":"status-publish","4":"has-post-thumbnail","6":"product_cat-tagespflege","7":"product_cat-nachtpflege","9":"first","10":"instock","11":"taxable","12":"shipping-taxable","13":"purchasable","14":"product-type-simple"},"_links":{"self":[{"href":"https:\/\/shop.chiquebuer.de\/beaute\/wp-json\/wp\/v2\/product\/9654","targetHints":{"allow":["GET"]}}],"collection":[{"href":"https:\/\/shop.chiquebuer.de\/beaute\/wp-json\/wp\/v2\/product"}],"about":[{"href":"https:\/\/shop.chiquebuer.de\/beaute\/wp-json\/wp\/v2\/types\/product"}],"version-history":[{"count":0,"href":"https:\/\/shop.chiquebuer.de\/beaute\/wp-json\/wp\/v2\/product\/9654\/revisions"}],"wp:featuredmedia":[{"embeddable":true,"href":"https:\/\/shop.chiquebuer.de\/beaute\/wp-json\/wp\/v2\/media\/9911"}],"wp:attachment":[{"href":"https:\/\/shop.chiquebuer.de\/beaute\/wp-json\/wp\/v2\/media?parent=9654"}],"wp:term":[{"taxonomy":"product_brand","embeddable":true,"href":"https:\/\/shop.chiquebuer.de\/beaute\/wp-json\/wp\/v2\/product_brand?post=9654"},{"taxonomy":"product_cat","embeddable":true,"href":"https:\/\/shop.chiquebuer.de\/beaute\/wp-json\/wp\/v2\/product_cat?post=9654"},{"taxonomy":"product_tag","embeddable":true,"href":"https:\/\/shop.chiquebuer.de\/beaute\/wp-json\/wp\/v2\/product_tag?post=9654"}],"curies":[{"name":"wp","href":"https:\/\/api.w.org\/{rel}","templated":true}]}}