{"id":9631,"date":"2020-12-16T15:54:07","date_gmt":"2020-12-16T14:54:07","guid":{"rendered":"https:\/\/shop.chiquebuer.de\/beaute\/?post_type=product&#038;p=9631"},"modified":"2020-12-17T12:06:22","modified_gmt":"2020-12-17T11:06:22","slug":"serum-lissant-hydratation-intense","status":"publish","type":"product","link":"https:\/\/shop.chiquebuer.de\/beaute\/kaufen\/gesichtspflege\/serum\/serum-lissant-hydratation-intense\/","title":{"rendered":"S\u00e9rum Lissant Hydratation Intense"},"content":{"rendered":"<p><strong>Feuchtigkeitsbooster<\/strong><br \/>\n<strong>Sofortige Gl\u00e4ttung der Gesichtsz\u00fcge<\/strong><br \/>\n<strong>Gl\u00e4ttet Falten und F\u00e4ltchen<\/strong><\/p>\n<p>Mit seinem Wirkstoffkomplex aus Hyalurons\u00e4ure mit niedrigem Molekulargewicht sch\u00fctzt dieses Serum die Feuchtigkeitsreserven der Haut. Die Haut wird dauerhaft mit Feuchtigkeit versorgt und sieht wieder glatt und prall aus. Zudem sch\u00fctzt der Film aus Hyalurons\u00e4ure die Haut vor \u00e4usseren Einwirkungen, ohne sie jedoch ganz zu verschliessen.<\/p>\n<p><strong>Inhaltsstoffe<\/strong><\/p>\n<p>7% Hyalurons\u00e4urekomplex<\/p>\n<p>Ohne Paraben<\/p>\n","protected":false},"excerpt":{"rendered":"<p>Feuchtigkeitsbooster Sofortige Gl\u00e4ttung der Gesichtsz\u00fcge Gl\u00e4ttet Falten und F\u00e4ltchen Mit seinem Wirkstoffkomplex aus Hyalurons\u00e4ure mit niedrigem Molekulargewicht sch\u00fctzt dieses Serum<\/p>\n","protected":false},"featured_media":9923,"template":"","meta":[],"product_brand":[],"product_cat":[70],"product_tag":[],"class_list":{"0":"post-9631","1":"product","2":"type-product","3":"status-publish","4":"has-post-thumbnail","6":"product_cat-serum","8":"first","9":"instock","10":"taxable","11":"shipping-taxable","12":"purchasable","13":"product-type-simple"},"_links":{"self":[{"href":"https:\/\/shop.chiquebuer.de\/beaute\/wp-json\/wp\/v2\/product\/9631","targetHints":{"allow":["GET"]}}],"collection":[{"href":"https:\/\/shop.chiquebuer.de\/beaute\/wp-json\/wp\/v2\/product"}],"about":[{"href":"https:\/\/shop.chiquebuer.de\/beaute\/wp-json\/wp\/v2\/types\/product"}],"version-history":[{"count":0,"href":"https:\/\/shop.chiquebuer.de\/beaute\/wp-json\/wp\/v2\/product\/9631\/revisions"}],"wp:featuredmedia":[{"embeddable":true,"href":"https:\/\/shop.chiquebuer.de\/beaute\/wp-json\/wp\/v2\/media\/9923"}],"wp:attachment":[{"href":"https:\/\/shop.chiquebuer.de\/beaute\/wp-json\/wp\/v2\/media?parent=9631"}],"wp:term":[{"taxonomy":"product_brand","embeddable":true,"href":"https:\/\/shop.chiquebuer.de\/beaute\/wp-json\/wp\/v2\/product_brand?post=9631"},{"taxonomy":"product_cat","embeddable":true,"href":"https:\/\/shop.chiquebuer.de\/beaute\/wp-json\/wp\/v2\/product_cat?post=9631"},{"taxonomy":"product_tag","embeddable":true,"href":"https:\/\/shop.chiquebuer.de\/beaute\/wp-json\/wp\/v2\/product_tag?post=9631"}],"curies":[{"name":"wp","href":"https:\/\/api.w.org\/{rel}","templated":true}]}}