{"id":9610,"date":"2020-12-15T16:33:38","date_gmt":"2020-12-15T15:33:38","guid":{"rendered":"https:\/\/shop.chiquebuer.de\/beaute\/?post_type=product&#038;p=9610"},"modified":"2022-06-29T12:05:56","modified_gmt":"2022-06-29T10:05:56","slug":"rosea-calm-cream","status":"publish","type":"product","link":"https:\/\/shop.chiquebuer.de\/beaute\/kaufen\/gesichtspflege\/tagespflege\/rosea-calm-cream\/","title":{"rendered":"Rosea Calm Cream"},"content":{"rendered":"<p><strong>Spezialpflege f\u00fcr empfindliche, ger\u00f6tete Haut<\/strong><\/p>\n<p>Leichte Schutz- und Pflegecreme f\u00fcr die empfindliche, ger\u00f6tete Haut. Pflanzenextrakte aus Calendula, S\u00fc\u00dfholzwurzel und Rosskastanie st\u00e4rken die Blutgef\u00e4\u00dfe und beruhigen die Haut. Gleichzeitig sch\u00fctzt der nat\u00fcrliche Wirkstoffkomplex Defensil die Haut vor negativen Umwelteinfl\u00fcssen und wirkt Entz\u00fcndungen entgegen. Sichtbare \u00c4derchen werden reduziert. Die Haut erscheint insgesamt ebenm\u00e4\u00dfiger, weniger ger\u00f6tet.<br \/>\nDie Creme zieht schnell ein und versorgt die Haut langanhaltend mit Feuchtigkeit. Nat\u00fcrliche Gr\u00fcnpigmente kaschieren R\u00f6tungen. Die Haut f\u00fchlt sich weich an und sieht ausgeglichen aus.<br \/>\nOhne Parabene, Mineral\u00f6l, Duftstoffe.<\/p>\n<p><strong>Inhaltsstoffe<\/strong><br \/>\nAqua (Water), Cetearyl Alcohol, Glycerin, Octyldodecanol, C12-15 Alkyl Benzoate, Squalane, Dicaprylyl Carbonate, Butylene Glycol, CI 77891 (Titanium Dioxide), Zinc Oxide, Vitis Vinifera (Grape) Seed Oil, Hydrogenated Coco-Glycerides, Glyceryl Stearate, Panthenol, Tocopheryl Acetate, Mica, Echium Plantagineum Seed Oil, Ruscus Aculeatus Root Extract, Calendula Officinalis Flower Extract, Centella Asiatica Leaf Extract, Cardiospermum Halicacabum Flower\/Leaf\/Vine Extract, Helianthus Annuus (Sunflower) Seed Oil Unsaponifiables, Hydrolyzed Yeast Protein, Ammonium Glycyrrhizate, Sodium Acrylate\/Sodium Acryloyldimethyl Taurate Copolymer, Caprylyl\/Capryl Glucoside, Cetearyl Glucoside, Ascorbyl Glucoside, Sodium Stearoyl Glutamate, Sorbitan Oleate, Polyisobutene, Xanthan Gum, 1,2-Hexanediol, Caprylyl Glycol, Bisabolol, Pantolactone, Escin, Rutin, Tin Oxide, Tocopherol, Sodium Citrate, Citric Acid, Sodium Hydroxide, Phenoxyethanol, Ethylhexylglycerin, CI 47005 (D&amp;C Yellow No. 10), CI 61570 (D&amp;C GREEN No. 5)<\/p>\n","protected":false},"excerpt":{"rendered":"<p>Spezialpflege f\u00fcr empfindliche, ger\u00f6tete Haut Leichte Schutz- und Pflegecreme f\u00fcr die empfindliche, ger\u00f6tete Haut. Pflanzenextrakte aus Calendula, S\u00fc\u00dfholzwurzel und Rosskastanie<\/p>\n","protected":false},"featured_media":9837,"template":"","meta":[],"product_brand":[],"product_cat":[67,68],"product_tag":[],"class_list":{"0":"post-9610","1":"product","2":"type-product","3":"status-publish","4":"has-post-thumbnail","6":"product_cat-tagespflege","7":"product_cat-nachtpflege","9":"first","10":"instock","11":"taxable","12":"shipping-taxable","13":"purchasable","14":"product-type-simple"},"_links":{"self":[{"href":"https:\/\/shop.chiquebuer.de\/beaute\/wp-json\/wp\/v2\/product\/9610","targetHints":{"allow":["GET"]}}],"collection":[{"href":"https:\/\/shop.chiquebuer.de\/beaute\/wp-json\/wp\/v2\/product"}],"about":[{"href":"https:\/\/shop.chiquebuer.de\/beaute\/wp-json\/wp\/v2\/types\/product"}],"version-history":[{"count":0,"href":"https:\/\/shop.chiquebuer.de\/beaute\/wp-json\/wp\/v2\/product\/9610\/revisions"}],"wp:featuredmedia":[{"embeddable":true,"href":"https:\/\/shop.chiquebuer.de\/beaute\/wp-json\/wp\/v2\/media\/9837"}],"wp:attachment":[{"href":"https:\/\/shop.chiquebuer.de\/beaute\/wp-json\/wp\/v2\/media?parent=9610"}],"wp:term":[{"taxonomy":"product_brand","embeddable":true,"href":"https:\/\/shop.chiquebuer.de\/beaute\/wp-json\/wp\/v2\/product_brand?post=9610"},{"taxonomy":"product_cat","embeddable":true,"href":"https:\/\/shop.chiquebuer.de\/beaute\/wp-json\/wp\/v2\/product_cat?post=9610"},{"taxonomy":"product_tag","embeddable":true,"href":"https:\/\/shop.chiquebuer.de\/beaute\/wp-json\/wp\/v2\/product_tag?post=9610"}],"curies":[{"name":"wp","href":"https:\/\/api.w.org\/{rel}","templated":true}]}}