{"id":9599,"date":"2020-12-15T16:11:50","date_gmt":"2020-12-15T15:11:50","guid":{"rendered":"https:\/\/shop.chiquebuer.de\/beaute\/?post_type=product&#038;p=9599"},"modified":"2022-06-29T12:09:06","modified_gmt":"2022-06-29T10:09:06","slug":"purifying-vital-balm","status":"publish","type":"product","link":"https:\/\/shop.chiquebuer.de\/beaute\/kaufen\/gesichtspflege\/tagespflege\/purifying-vital-balm\/","title":{"rendered":"Purifying Vital Balm"},"content":{"rendered":"<p><strong>Ausgleichende Pflege f\u00fcr erwachsene Haut mit Unreinheiten<\/strong><\/p>\n<p>Hautpflege-Innovation: Samtiger Balsam zur Pflege unreiner, \u00f6liger Haut, die zus\u00e4tzlich noch Anti-Aging-Wirkstoffe ben\u00f6tigt. Die Poren werden verfeinert und der Teint wirkt rein und klar, ohne Glanz. Gleichzeitig wird Ihre Haut mit ausgesuchten Wirkstoffen bei Feuchtigkeitsverlust und nachlassender Regeneration unterst\u00fctzt. F\u00fcr mehr Elastizit\u00e4t und Festigkeit und eine frische, klare Haut im erwachsenen Alter. Nat\u00fcrlich ohne PEG-Derivate, Parabene, Farbstoffe und Mineral\u00f6l.<\/p>\n<p><strong>Inhaltsstoffe<\/strong><br \/>\nAqua (Water), Butylene Glycol, Decyl Oleate, Glyceryl Stearate Citrate, Oleyl Erucate, Dicaprylyl Ether, Kaolin, Sucrose Stearate, Cetearyl Alcohol, Squalane, Glycerin, Hydrolyzed Milk Protein, Vitis Vinifera (Grape) Seed Oil, Ethylhexylglycerin, Acrylates\/C10-30 Alkyl Acrylate Crosspolymer, Xanthan Gum, Sodium Hydroxide, Caprylyl Glycol, Parfum (Fragrance), Tetrasodium Glutamate Diacetate, Dipropylene Glycol, Silver, Vitis Vinifera (Grape) Vine Extract, Glyceryl Caprylate, Plankton Extract, Phenoxyethanol<\/p>\n","protected":false},"excerpt":{"rendered":"<p>Ausgleichende Pflege f\u00fcr erwachsene Haut mit Unreinheiten Hautpflege-Innovation: Samtiger Balsam zur Pflege unreiner, \u00f6liger Haut, die zus\u00e4tzlich noch Anti-Aging-Wirkstoffe ben\u00f6tigt.<\/p>\n","protected":false},"featured_media":9832,"template":"","meta":[],"product_brand":[],"product_cat":[67,68],"product_tag":[],"class_list":{"0":"post-9599","1":"product","2":"type-product","3":"status-publish","4":"has-post-thumbnail","6":"product_cat-tagespflege","7":"product_cat-nachtpflege","9":"first","10":"instock","11":"taxable","12":"shipping-taxable","13":"purchasable","14":"product-type-simple"},"_links":{"self":[{"href":"https:\/\/shop.chiquebuer.de\/beaute\/wp-json\/wp\/v2\/product\/9599","targetHints":{"allow":["GET"]}}],"collection":[{"href":"https:\/\/shop.chiquebuer.de\/beaute\/wp-json\/wp\/v2\/product"}],"about":[{"href":"https:\/\/shop.chiquebuer.de\/beaute\/wp-json\/wp\/v2\/types\/product"}],"version-history":[{"count":0,"href":"https:\/\/shop.chiquebuer.de\/beaute\/wp-json\/wp\/v2\/product\/9599\/revisions"}],"wp:featuredmedia":[{"embeddable":true,"href":"https:\/\/shop.chiquebuer.de\/beaute\/wp-json\/wp\/v2\/media\/9832"}],"wp:attachment":[{"href":"https:\/\/shop.chiquebuer.de\/beaute\/wp-json\/wp\/v2\/media?parent=9599"}],"wp:term":[{"taxonomy":"product_brand","embeddable":true,"href":"https:\/\/shop.chiquebuer.de\/beaute\/wp-json\/wp\/v2\/product_brand?post=9599"},{"taxonomy":"product_cat","embeddable":true,"href":"https:\/\/shop.chiquebuer.de\/beaute\/wp-json\/wp\/v2\/product_cat?post=9599"},{"taxonomy":"product_tag","embeddable":true,"href":"https:\/\/shop.chiquebuer.de\/beaute\/wp-json\/wp\/v2\/product_tag?post=9599"}],"curies":[{"name":"wp","href":"https:\/\/api.w.org\/{rel}","templated":true}]}}