{"id":9545,"date":"2020-12-15T15:45:37","date_gmt":"2020-12-15T14:45:37","guid":{"rendered":"https:\/\/shop.chiquebuer.de\/beaute\/?post_type=product&#038;p=9545"},"modified":"2022-06-29T12:17:39","modified_gmt":"2022-06-29T10:17:39","slug":"enzyme-regulating-cream-peeling","status":"publish","type":"product","link":"https:\/\/shop.chiquebuer.de\/beaute\/kaufen\/gesichtspflege\/reinigung\/enzyme-regulating-cream-peeling\/","title":{"rendered":"Enzyme Regulating Cream &amp; Peeling"},"content":{"rendered":"<p><strong>Spezialpflege bei fettiger und unreiner Haut &amp; mildes Enzyme Peeling<\/strong><\/p>\n<p>Neue 2 in 1 Spezialpflege bei fettiger und unreiner Haut. Kl\u00e4rt die Haut dank der enzymatischen Wirkung und entfernt sanft abgestorbene Hautsch\u00fcppchen. Das Hautbild wird verfeinert, Wirkstoffe k\u00f6nnen besser aufgenommen werden und die Haut erscheint klar und glatt. Durch den einzigartigen Enzym-Effekt wird der Entstehung von Hautunreinheiten gezielt vorgebeugt. Die leichte Textur spendet zudem Feuchtigkeit und sorgt f\u00fcr ein angenehmes Hautgef\u00fchl, ohne dabei einen unerw\u00fcnschten Glanz auf der Haut zu hinterlassen.<\/p>\n<p><strong>Inhaltsstoffe<\/strong><br \/>\nAqua (Water), Glycerin, Glyceryl Stearate Se, Dicaprylyl Ether, Hydrolyzed Yeast, Cetearyl Alcohol, Cetyl Palmitate, Urea, Propylene Glycol, Caprylyl Glycol, Ceteareth-12, Allantoin, Panthenol, Xanthan Gum, Ethylhexylglycerin, Phenoxyethanol, Hamamelis Virginiana (Witch Hazel) Water, Carica Papaya (Papaya) Fruit Juice, Tocopherol, Lecithin, Glycyrrhetinic Acid, Bacillus Ferment, Disodium Adenosine Triphosphate, Algin, Glyceryl Stearate, Glyceryl Oleate, Ascorbyl Palmitate, Citric Acid, Sodium Chloride, Sodium Sulfate, Sodium Hydroxide, Alcohol, Disodium EDTA, Ethylhexyl Methoxycinnamate, Diethylamino Hydroxybenzoyl Hexyl Benzoate, Potassium Sorbate, CI 15985 (FD&amp;C Yellow No.6), CI 42090 (FD&amp;C Blue No.1), CI 47005 (D&amp;C Yellow No.10)<\/p>\n","protected":false},"excerpt":{"rendered":"<p>Spezialpflege bei fettiger und unreiner Haut &amp; mildes Enzyme Peeling Neue 2 in 1 Spezialpflege bei fettiger und unreiner Haut.<\/p>\n","protected":false},"featured_media":9824,"template":"","meta":[],"product_brand":[],"product_cat":[65,67,68],"product_tag":[],"class_list":{"0":"post-9545","1":"product","2":"type-product","3":"status-publish","4":"has-post-thumbnail","6":"product_cat-reinigung","7":"product_cat-tagespflege","8":"product_cat-nachtpflege","10":"first","11":"instock","12":"taxable","13":"shipping-taxable","14":"purchasable","15":"product-type-simple"},"_links":{"self":[{"href":"https:\/\/shop.chiquebuer.de\/beaute\/wp-json\/wp\/v2\/product\/9545","targetHints":{"allow":["GET"]}}],"collection":[{"href":"https:\/\/shop.chiquebuer.de\/beaute\/wp-json\/wp\/v2\/product"}],"about":[{"href":"https:\/\/shop.chiquebuer.de\/beaute\/wp-json\/wp\/v2\/types\/product"}],"version-history":[{"count":0,"href":"https:\/\/shop.chiquebuer.de\/beaute\/wp-json\/wp\/v2\/product\/9545\/revisions"}],"wp:featuredmedia":[{"embeddable":true,"href":"https:\/\/shop.chiquebuer.de\/beaute\/wp-json\/wp\/v2\/media\/9824"}],"wp:attachment":[{"href":"https:\/\/shop.chiquebuer.de\/beaute\/wp-json\/wp\/v2\/media?parent=9545"}],"wp:term":[{"taxonomy":"product_brand","embeddable":true,"href":"https:\/\/shop.chiquebuer.de\/beaute\/wp-json\/wp\/v2\/product_brand?post=9545"},{"taxonomy":"product_cat","embeddable":true,"href":"https:\/\/shop.chiquebuer.de\/beaute\/wp-json\/wp\/v2\/product_cat?post=9545"},{"taxonomy":"product_tag","embeddable":true,"href":"https:\/\/shop.chiquebuer.de\/beaute\/wp-json\/wp\/v2\/product_tag?post=9545"}],"curies":[{"name":"wp","href":"https:\/\/api.w.org\/{rel}","templated":true}]}}