{"id":9541,"date":"2020-12-15T15:38:30","date_gmt":"2020-12-15T14:38:30","guid":{"rendered":"https:\/\/shop.chiquebuer.de\/beaute\/?post_type=product&#038;p=9541"},"modified":"2022-06-29T12:18:32","modified_gmt":"2022-06-29T10:18:32","slug":"clear-skin-silver-fluid","status":"publish","type":"product","link":"https:\/\/shop.chiquebuer.de\/beaute\/kaufen\/gesichtspflege\/tagespflege\/clear-skin-silver-fluid\/","title":{"rendered":"Clear Skin Silver Fluid"},"content":{"rendered":"<p><strong>Starke Formel bei unreiner Haut mit Mikrosilber<\/strong><\/p>\n<p>Effektives Fluid, das den Ursachen unreiner Haut gezielt entgegen wirkt. Das enthaltene Mikrosilber kl\u00e4rt die Haut und l\u00e4sst Entz\u00fcndungen abklingen. Die Entstehung von neuen Pusteln und Pickeln wird gehemmt. Der Teint wird gekl\u00e4rt, mattiert und erscheint insgesamt ebenm\u00e4\u00dfiger. Aloe Vera versorgt die Haut mit Feuchtigkeit und macht sie angenehm weich und glatt.<br \/>\nOhne Parabene, Mineral\u00f6l, Duft- und Farbstoffe.<\/p>\n<p><strong>Inhaltsstoffe<\/strong><br \/>\nAqua (Water), Aloe Barbadensis Leaf Juice, Butylene Glycol, Decyl Oleate, Alcohol Denat., Dicaprylyl Carbonate, Kaolin, Lactic Acid, Sucrose Stearate, Ethylhexylglycerin, Xanthan Gum, Acrylates\/C10-30 Alkyl Acrylate Crosspolymer, Sodium Hydroxide, Silver, Fucus Spiralis Extract, Tetraselmis Chui Extract, Disodium EDTA, Phenoxyethanol, Tocopherol, Hydrogenated Palm Glycerides Citrate<\/p>\n","protected":false},"excerpt":{"rendered":"<p>Starke Formel bei unreiner Haut mit Mikrosilber Effektives Fluid, das den Ursachen unreiner Haut gezielt entgegen wirkt. Das enthaltene Mikrosilber<\/p>\n","protected":false},"featured_media":9821,"template":"","meta":[],"product_brand":[],"product_cat":[68,67],"product_tag":[],"class_list":{"0":"post-9541","1":"product","2":"type-product","3":"status-publish","4":"has-post-thumbnail","6":"product_cat-nachtpflege","7":"product_cat-tagespflege","9":"first","10":"instock","11":"taxable","12":"shipping-taxable","13":"purchasable","14":"product-type-simple"},"_links":{"self":[{"href":"https:\/\/shop.chiquebuer.de\/beaute\/wp-json\/wp\/v2\/product\/9541","targetHints":{"allow":["GET"]}}],"collection":[{"href":"https:\/\/shop.chiquebuer.de\/beaute\/wp-json\/wp\/v2\/product"}],"about":[{"href":"https:\/\/shop.chiquebuer.de\/beaute\/wp-json\/wp\/v2\/types\/product"}],"version-history":[{"count":0,"href":"https:\/\/shop.chiquebuer.de\/beaute\/wp-json\/wp\/v2\/product\/9541\/revisions"}],"wp:featuredmedia":[{"embeddable":true,"href":"https:\/\/shop.chiquebuer.de\/beaute\/wp-json\/wp\/v2\/media\/9821"}],"wp:attachment":[{"href":"https:\/\/shop.chiquebuer.de\/beaute\/wp-json\/wp\/v2\/media?parent=9541"}],"wp:term":[{"taxonomy":"product_brand","embeddable":true,"href":"https:\/\/shop.chiquebuer.de\/beaute\/wp-json\/wp\/v2\/product_brand?post=9541"},{"taxonomy":"product_cat","embeddable":true,"href":"https:\/\/shop.chiquebuer.de\/beaute\/wp-json\/wp\/v2\/product_cat?post=9541"},{"taxonomy":"product_tag","embeddable":true,"href":"https:\/\/shop.chiquebuer.de\/beaute\/wp-json\/wp\/v2\/product_tag?post=9541"}],"curies":[{"name":"wp","href":"https:\/\/api.w.org\/{rel}","templated":true}]}}