{"id":9538,"date":"2020-12-15T15:34:08","date_gmt":"2020-12-15T14:34:08","guid":{"rendered":"https:\/\/shop.chiquebuer.de\/beaute\/?post_type=product&#038;p=9538"},"modified":"2022-06-29T12:19:19","modified_gmt":"2022-06-29T10:19:19","slug":"blemish-balm-light-40ml","status":"publish","type":"product","link":"https:\/\/shop.chiquebuer.de\/beaute\/kaufen\/gesichtspflege\/tagespflege\/blemish-balm-light-40ml\/","title":{"rendered":"Blemish Balm Light (40ml)"},"content":{"rendered":"<p><strong>Abdeckende Spezialpflege f\u00fcr gereizte, ger\u00f6tete und unreine Haut<\/strong><\/p>\n<p>Spezialpr\u00e4parat zur Pflege gereizter, gro\u00dfporiger und unreiner Haut. Blemish Balm wirkt aktiv gegen bereits bestehende R\u00f6tungen und Unreinheiten und deckt sie zuverl\u00e4ssig ab. Die entz\u00fcndungshemmende Wirkung von Zink und S\u00fc\u00dfholzholzwurzelextrakt hilft bei Hautunreinheiten und beugt neuen vor. Panthenol und Bisabolol wirken beruhigend auf die irritierte und ger\u00f6tete Haut. Die Haut wird mattiert und f\u00fchlt sich zart und gepflegt an. Auch erh\u00e4ltlich in den Farbnuancen: Classic, Dark Brown und Honey.<br \/>\nF\u00fcr alle Hauttypen \u2013 auch als Make-up Unterlage geeignet.<br \/>\nOhne Parabene.<br \/>\nBlemish Balm \u2013 das Original seit 1967.<\/p>\n<p><strong>Inhaltsstoffe<\/strong><br \/>\nAqua (Water), Glycine Soja (Soybean) Oil, Titanium Dioxide, Isopropyl Palmitate, Talc, Propylene Glycol, Triticum Vulgare (Wheat) Germ Oil, Cera Alba (Beeswax), Zinc Oxide, Zea Mays (Corn) Germ Oil, C12-15 Alkyl Benzoate, Cetyl Peg \/ Ppg-10\/1 Dimethicone, Panthenol, Butyropsermum Parkii (Shea Butter), Polyglyceryl-3 Diisostearate, Dimethicone, Glycyrrhiza Glabra (Licorice) Root Extract, Simmondsia Chinensis (Jojoba) Seed Oil, Allantoin, Bisabolol, Sodium Chloride, Beta Carotene, Tocopherol, Ascorbyl Palmitate, Ascorbic Acid, Citric Acid, Alcohol, Sorbitol, Caprylic\/Capric Triglyceride, Helianthus Annuus (Sunflower) Seed Oil, Ethylhexylglycerin, Sodium Hydroxide, Phenoxyethanol, Benzoic Acid, Dehydroacetic Acid, Parfum (Fragrance), Hexyl Cinnamal, Alpha-Isomethyl Ionone, Geraniol, Citronellol, CI 77492 (Iron Oxides), CI 77499 (Iron Oxides), CI 77491 (Iron Oxides)<\/p>\n","protected":false},"excerpt":{"rendered":"<p>Abdeckende Spezialpflege f\u00fcr gereizte, ger\u00f6tete und unreine Haut Spezialpr\u00e4parat zur Pflege gereizter, gro\u00dfporiger und unreiner Haut. Blemish Balm wirkt aktiv<\/p>\n","protected":false},"featured_media":9819,"template":"","meta":[],"product_brand":[],"product_cat":[67],"product_tag":[],"class_list":{"0":"post-9538","1":"product","2":"type-product","3":"status-publish","4":"has-post-thumbnail","6":"product_cat-tagespflege","8":"first","9":"instock","10":"taxable","11":"shipping-taxable","12":"purchasable","13":"product-type-simple"},"_links":{"self":[{"href":"https:\/\/shop.chiquebuer.de\/beaute\/wp-json\/wp\/v2\/product\/9538","targetHints":{"allow":["GET"]}}],"collection":[{"href":"https:\/\/shop.chiquebuer.de\/beaute\/wp-json\/wp\/v2\/product"}],"about":[{"href":"https:\/\/shop.chiquebuer.de\/beaute\/wp-json\/wp\/v2\/types\/product"}],"version-history":[{"count":0,"href":"https:\/\/shop.chiquebuer.de\/beaute\/wp-json\/wp\/v2\/product\/9538\/revisions"}],"wp:featuredmedia":[{"embeddable":true,"href":"https:\/\/shop.chiquebuer.de\/beaute\/wp-json\/wp\/v2\/media\/9819"}],"wp:attachment":[{"href":"https:\/\/shop.chiquebuer.de\/beaute\/wp-json\/wp\/v2\/media?parent=9538"}],"wp:term":[{"taxonomy":"product_brand","embeddable":true,"href":"https:\/\/shop.chiquebuer.de\/beaute\/wp-json\/wp\/v2\/product_brand?post=9538"},{"taxonomy":"product_cat","embeddable":true,"href":"https:\/\/shop.chiquebuer.de\/beaute\/wp-json\/wp\/v2\/product_cat?post=9538"},{"taxonomy":"product_tag","embeddable":true,"href":"https:\/\/shop.chiquebuer.de\/beaute\/wp-json\/wp\/v2\/product_tag?post=9538"}],"curies":[{"name":"wp","href":"https:\/\/api.w.org\/{rel}","templated":true}]}}