{"id":9526,"date":"2020-12-15T15:19:26","date_gmt":"2020-12-15T14:19:26","guid":{"rendered":"https:\/\/shop.chiquebuer.de\/beaute\/?post_type=product&#038;p=9526"},"modified":"2022-06-29T12:21:05","modified_gmt":"2022-06-29T10:21:05","slug":"black-clearing-mask","status":"publish","type":"product","link":"https:\/\/shop.chiquebuer.de\/beaute\/kaufen\/gesichtspflege\/maske\/black-clearing-mask\/","title":{"rendered":"Black Clearing Mask"},"content":{"rendered":"<p><strong>Kl\u00e4rende Spezialmaske f\u00fcr unreine Haut mit Aktivkohle<\/strong><\/p>\n<p>Schwarze Reinigungsmaske f\u00fcr unreine Haut mit Aktivkohle, Tonerde und Sebuless\u2122 zur Bek\u00e4mpfung von Glanz und Entz\u00fcndungen. Sie hilft Pickel zu beseitigen, der Entstehung neuer Unreinheiten vorzubeugen und die Haut tiefenwirksam zu reinigen. Dank der Aktivkohle befreit die neue schwarze Maske verstopfte Poren von Schmutz, Talg und Hautsch\u00fcppchen und sorgt so f\u00fcr ein klares, mattiertes Hautbild. F\u00fcr eine klare, mattierte und reine Haut.<\/p>\n<p><strong>Inhaltsstoffe<\/strong><br \/>\nAqua (Water), Aloe Barbadensis Leaf Juice, Cetearyl Alcohol, Kaolin, Talc, Charcoal Powder, Sorbitol, Octyldodecanol, Decyl Oleate, Phenoxyethanol, Sodium Cetearyl Sulfate, Panthenol, Maltodextrin, Parfum (Fragrance), Salicylic Acid, Xanthan Gum, Benzoic Acid, Allantoin, Dehydroacetic Acid, Caprylic\/Capric Glycerides, Syringa Vulgaris (Lilac) Extract, Polyglyceryl-6 Dicaprate, Ethylhexylglycerin, Polyglyceryl-3 Palmitate, Citric Acid, Usnea Barbata (Lichen) Extract, Tocopherol, Hydrogenated Palm Glycerides Citrate<\/p>\n","protected":false},"excerpt":{"rendered":"<p>Kl\u00e4rende Spezialmaske f\u00fcr unreine Haut mit Aktivkohle Schwarze Reinigungsmaske f\u00fcr unreine Haut mit Aktivkohle, Tonerde und Sebuless\u2122 zur Bek\u00e4mpfung von<\/p>\n","protected":false},"featured_media":9810,"template":"","meta":[],"product_brand":[],"product_cat":[71],"product_tag":[],"class_list":{"0":"post-9526","1":"product","2":"type-product","3":"status-publish","4":"has-post-thumbnail","6":"product_cat-maske","8":"first","9":"instock","10":"taxable","11":"shipping-taxable","12":"purchasable","13":"product-type-simple"},"_links":{"self":[{"href":"https:\/\/shop.chiquebuer.de\/beaute\/wp-json\/wp\/v2\/product\/9526","targetHints":{"allow":["GET"]}}],"collection":[{"href":"https:\/\/shop.chiquebuer.de\/beaute\/wp-json\/wp\/v2\/product"}],"about":[{"href":"https:\/\/shop.chiquebuer.de\/beaute\/wp-json\/wp\/v2\/types\/product"}],"version-history":[{"count":0,"href":"https:\/\/shop.chiquebuer.de\/beaute\/wp-json\/wp\/v2\/product\/9526\/revisions"}],"wp:featuredmedia":[{"embeddable":true,"href":"https:\/\/shop.chiquebuer.de\/beaute\/wp-json\/wp\/v2\/media\/9810"}],"wp:attachment":[{"href":"https:\/\/shop.chiquebuer.de\/beaute\/wp-json\/wp\/v2\/media?parent=9526"}],"wp:term":[{"taxonomy":"product_brand","embeddable":true,"href":"https:\/\/shop.chiquebuer.de\/beaute\/wp-json\/wp\/v2\/product_brand?post=9526"},{"taxonomy":"product_cat","embeddable":true,"href":"https:\/\/shop.chiquebuer.de\/beaute\/wp-json\/wp\/v2\/product_cat?post=9526"},{"taxonomy":"product_tag","embeddable":true,"href":"https:\/\/shop.chiquebuer.de\/beaute\/wp-json\/wp\/v2\/product_tag?post=9526"}],"curies":[{"name":"wp","href":"https:\/\/api.w.org\/{rel}","templated":true}]}}