{"id":9519,"date":"2020-12-15T15:10:32","date_gmt":"2020-12-15T14:10:32","guid":{"rendered":"https:\/\/shop.chiquebuer.de\/beaute\/?post_type=product&#038;p=9519"},"modified":"2020-12-16T14:51:43","modified_gmt":"2020-12-16T13:51:43","slug":"mela-white-day-cream","status":"publish","type":"product","link":"https:\/\/shop.chiquebuer.de\/beaute\/kaufen\/gesichtspflege\/tagespflege\/mela-white-day-cream\/","title":{"rendered":"Mela White Day Cream"},"content":{"rendered":"<p><strong>Tagespflege f\u00fcr eine gleichm\u00e4\u00dfige Pigmentierung \u2013 mit SPF 20<\/strong><\/p>\n<p>Beruhigende Feuchtigkeitscreme zum sanften Ausgleich von Hautverf\u00e4rbungen. Die enthaltenden Wirkstoffe sorgen f\u00fcr eine schonende Aufhellung der Haut. Ein spezieller UVA- und UVB Filter sch\u00fctzt vor neuen Pigmentst\u00f6rungen. Vitamin E wirkt als Radikalf\u00e4nger und beugt der Hautalterung vor. Bisabolol pflegt und beruhigt die Haut. F\u00fcr ein harmonisches, gleichm\u00e4\u00dfiges Hautbild.<br \/>\nOhne Mineral\u00f6l, Parabene und Farbstoffe.<\/p>\n<p><strong>Inhaltsstoffe<\/strong><br \/>\nAqua (Water), Octocrylene, Ethylhexyl Methoxycinnamate, Cetearyl Alcohol, Glycerin, Pentylene Glycol, Diethylamino Hydroxybenzoyl Hexyl Benzoate, C12-15 Alkyl Benzoate, Butyl Methoxydibenzoylmethane, Hexylresorcinol, Sodium Stearoyl Glutamate, Cellulose, Panthenol, Butyrospermum Parkii (Shea Butter), Tocopheryl Acetate, Xanthan Gum, Alcohol, Galactoarabinan, Phenoxyethanol, Parfum (Fragrance), Disodium EDTA, Ethylhexylglycerin, Glyceryl Caprylate, Glycyrrhiza Glabra (Licorice) Root Extract, Pimpinella Anisum (Anise) Fruit Extract, Propanediol, Camellia Sinensis Leaf Extract, Salix Alba (Willow) Bark Extract, Chamomilla Recutita (Matricaria) Flower Extract, Magnolia Kobus Bark Extract, Geraniol, Citric Acid, Levulinic Acid, Benzyl Salicylate, Linalool, Citronellol, Alpha-Isomethyl Ionone, Limonene<\/p>\n","protected":false},"excerpt":{"rendered":"<p>Tagespflege f\u00fcr eine gleichm\u00e4\u00dfige Pigmentierung \u2013 mit SPF 20 Beruhigende Feuchtigkeitscreme zum sanften Ausgleich von Hautverf\u00e4rbungen. Die enthaltenden Wirkstoffe sorgen<\/p>\n","protected":false},"featured_media":9804,"template":"","meta":[],"product_brand":[],"product_cat":[67],"product_tag":[],"class_list":{"0":"post-9519","1":"product","2":"type-product","3":"status-publish","4":"has-post-thumbnail","6":"product_cat-tagespflege","8":"first","9":"instock","10":"taxable","11":"shipping-taxable","12":"purchasable","13":"product-type-simple"},"_links":{"self":[{"href":"https:\/\/shop.chiquebuer.de\/beaute\/wp-json\/wp\/v2\/product\/9519","targetHints":{"allow":["GET"]}}],"collection":[{"href":"https:\/\/shop.chiquebuer.de\/beaute\/wp-json\/wp\/v2\/product"}],"about":[{"href":"https:\/\/shop.chiquebuer.de\/beaute\/wp-json\/wp\/v2\/types\/product"}],"version-history":[{"count":0,"href":"https:\/\/shop.chiquebuer.de\/beaute\/wp-json\/wp\/v2\/product\/9519\/revisions"}],"wp:featuredmedia":[{"embeddable":true,"href":"https:\/\/shop.chiquebuer.de\/beaute\/wp-json\/wp\/v2\/media\/9804"}],"wp:attachment":[{"href":"https:\/\/shop.chiquebuer.de\/beaute\/wp-json\/wp\/v2\/media?parent=9519"}],"wp:term":[{"taxonomy":"product_brand","embeddable":true,"href":"https:\/\/shop.chiquebuer.de\/beaute\/wp-json\/wp\/v2\/product_brand?post=9519"},{"taxonomy":"product_cat","embeddable":true,"href":"https:\/\/shop.chiquebuer.de\/beaute\/wp-json\/wp\/v2\/product_cat?post=9519"},{"taxonomy":"product_tag","embeddable":true,"href":"https:\/\/shop.chiquebuer.de\/beaute\/wp-json\/wp\/v2\/product_tag?post=9519"}],"curies":[{"name":"wp","href":"https:\/\/api.w.org\/{rel}","templated":true}]}}