{"id":9508,"date":"2020-12-15T14:59:14","date_gmt":"2020-12-15T13:59:14","guid":{"rendered":"https:\/\/shop.chiquebuer.de\/beaute\/?post_type=product&#038;p=9508"},"modified":"2022-06-29T12:26:06","modified_gmt":"2022-06-29T10:26:06","slug":"hydra-maximum-night-cream","status":"publish","type":"product","link":"https:\/\/shop.chiquebuer.de\/beaute\/kaufen\/gesichtspflege\/nachtpflege\/hydra-maximum-night-cream\/","title":{"rendered":"Hydra Maximum Night Cream"},"content":{"rendered":"<p><strong>Intensive Nachtpflege f\u00fcr feuchtigkeitsarme Haut<\/strong><\/p>\n<p>Die reichhaltige Creme spendet der Haut \u00fcber Nacht intensive Feuchtigkeit. Der einzigartige Wirkstoffkomplex verw\u00f6hnt die Haut bei gleichzeitiger Feuchtigkeitszufuhr \u2013 f\u00fcr neue Frische und Vitalit\u00e4t. Trockenheitsf\u00e4ltchen werden gemindert, Spannungsgef\u00fchle lassen nach. Die Haut wird wieder samtweich, erscheint frisch und prall. Ohne Mineral\u00f6l, ohne Parabene, ohne PEG-haltige Emulgatoren, ohne Silikone.<\/p>\n<p><strong>Inhaltsstoffe<\/strong><br \/>\nAqua (Water), Glycerin, Butyropsermum Parkii (Shea Butter), Isostearyl Isostearate, Caprylic \/ Capric Triglyceride, Macadamia Ternifolia Seed Oil, Olea Europaea (Olive) Fruit Oil, Polyglyceryl-3 Methylglucose Distearate, Cetearyl Alcohol, Cera Alba (Beeswax), Citrullus Lanatus (Watermelon) Fruit Extract, Lens Esculenta(Lentil) Fruit Extract, Pyrus Malus (Apple) Fruit Extract, Allantoin, Niacinamide, Galactoarabinan, Sodium Hyaluronate, Sodium Carragenan, Sodium PCA, Sodium Carbomer, Xanthan Gum, Sodium Stearoyl Glutamate, Tocopherol, Sodium Lactate, Ectoin, Maris Sal (Sea Salt), Phenoxyethanol, Parfum (Fragrance), Caprylyl Glycol, 1,2-Hexanediol, Tetrasodium Glutamate Diacetate, Ethylhexylglycerin, Citric Acid, Sodium Benzoate, Potassium Sorbate, CI 42090 (FD&amp;C Blue No.1), CI 19140 (FD&amp;C Yellow No. 5)<\/p>\n","protected":false},"excerpt":{"rendered":"<p>Intensive Nachtpflege f\u00fcr feuchtigkeitsarme Haut Die reichhaltige Creme spendet der Haut \u00fcber Nacht intensive Feuchtigkeit. Der einzigartige Wirkstoffkomplex verw\u00f6hnt die<\/p>\n","protected":false},"featured_media":9794,"template":"","meta":[],"product_brand":[],"product_cat":[68],"product_tag":[],"class_list":{"0":"post-9508","1":"product","2":"type-product","3":"status-publish","4":"has-post-thumbnail","6":"product_cat-nachtpflege","8":"first","9":"instock","10":"taxable","11":"shipping-taxable","12":"purchasable","13":"product-type-simple"},"_links":{"self":[{"href":"https:\/\/shop.chiquebuer.de\/beaute\/wp-json\/wp\/v2\/product\/9508","targetHints":{"allow":["GET"]}}],"collection":[{"href":"https:\/\/shop.chiquebuer.de\/beaute\/wp-json\/wp\/v2\/product"}],"about":[{"href":"https:\/\/shop.chiquebuer.de\/beaute\/wp-json\/wp\/v2\/types\/product"}],"version-history":[{"count":0,"href":"https:\/\/shop.chiquebuer.de\/beaute\/wp-json\/wp\/v2\/product\/9508\/revisions"}],"wp:featuredmedia":[{"embeddable":true,"href":"https:\/\/shop.chiquebuer.de\/beaute\/wp-json\/wp\/v2\/media\/9794"}],"wp:attachment":[{"href":"https:\/\/shop.chiquebuer.de\/beaute\/wp-json\/wp\/v2\/media?parent=9508"}],"wp:term":[{"taxonomy":"product_brand","embeddable":true,"href":"https:\/\/shop.chiquebuer.de\/beaute\/wp-json\/wp\/v2\/product_brand?post=9508"},{"taxonomy":"product_cat","embeddable":true,"href":"https:\/\/shop.chiquebuer.de\/beaute\/wp-json\/wp\/v2\/product_cat?post=9508"},{"taxonomy":"product_tag","embeddable":true,"href":"https:\/\/shop.chiquebuer.de\/beaute\/wp-json\/wp\/v2\/product_tag?post=9508"}],"curies":[{"name":"wp","href":"https:\/\/api.w.org\/{rel}","templated":true}]}}