{"id":9506,"date":"2020-12-15T14:55:46","date_gmt":"2020-12-15T13:55:46","guid":{"rendered":"https:\/\/shop.chiquebuer.de\/beaute\/?post_type=product&#038;p=9506"},"modified":"2022-06-29T12:26:45","modified_gmt":"2022-06-29T10:26:45","slug":"hydra-maximum-mask","status":"publish","type":"product","link":"https:\/\/shop.chiquebuer.de\/beaute\/kaufen\/gesichtspflege\/maske\/hydra-maximum-mask\/","title":{"rendered":"Hydra Maximum Mask"},"content":{"rendered":"<p><strong>Intensiv feuchtigkeitsspende Maske<\/strong><\/p>\n<p>Sanft k\u00fchlende Wohlf\u00fchl-Maske. Die feuchtigkeitsarme Haut wird intensiv durchfeuchtet und erfrischt. Wertvolles \u00d6l aus dem Samen der Crambe Abyssinica st\u00e4rkt die Hautbarriere. Die Haut f\u00fchlt sich geschmeidig an und erscheint frischer und zarter. Ohne Mineral\u00f6l, ohne Parabene, ohne PEG-haltige Emulgatoren , ohne Silikone. Tipp: F\u00fcr den absoluten Pflegekick, die Hydra Maximum Mask \u00fcber Nacht einziehen lassen.<\/p>\n<p><strong>Inhaltsstoffe<\/strong><br \/>\nAqua (Water), Caprylic \/ Capric Triglyceride, Glycerin, Cetearyl Alcohol, Isostearyl Isostearate, Crambe Abyssinica Seed Oil, Hydrogenated Coco-Glycerides, Hydrogenated Palm Glycerides, Glycine Soja (Soybean) Oil, Acrylates\/C10-30 Alkyl Acrylate Crosspolymer, Galactoarabinan, Potassium Cetyl Phosphate, Citrullus Lanatus (Watermelon) Fruit Extract, Lens Esculenta(Lentil) Fruit Extract, Pyrus Malus (Apple) Fruit Extract, Sodium Carragenan, Sodium Lactate, Tocopherol, Chamomilla Recutita (Matricaria) Flower Extract, Bisabolol, Sodium PCA, Sodium Hyaluronate, Phenoxyethanol, Parfum (Fragrance), Maris Sal (Sea Salt), Xanthan Gum, Allantoin, Ethylhexylglycerin, Caprylyl Glycol, 1,2-Hexanediol, Tetrasodium Glutamate Diacetate, Menthol, Sodium Hydroxide, Alcohol, Sodium Benzoate, Potassium Sorbate, Ascorbyl Palmitate, Ectoin, Citric Acid, Ascorbic Acid, CI 77891 (Titanium Dioxide), CI 42090 (FD&amp;C Blue No.1), CI 19140 (FD&amp;C Yellow No.5)<\/p>\n","protected":false},"excerpt":{"rendered":"<p>Intensiv feuchtigkeitsspende Maske Sanft k\u00fchlende Wohlf\u00fchl-Maske. Die feuchtigkeitsarme Haut wird intensiv durchfeuchtet und erfrischt. Wertvolles \u00d6l aus dem Samen der<\/p>\n","protected":false},"featured_media":9792,"template":"","meta":[],"product_brand":[],"product_cat":[71],"product_tag":[],"class_list":{"0":"post-9506","1":"product","2":"type-product","3":"status-publish","4":"has-post-thumbnail","6":"product_cat-maske","8":"first","9":"instock","10":"taxable","11":"shipping-taxable","12":"purchasable","13":"product-type-simple"},"_links":{"self":[{"href":"https:\/\/shop.chiquebuer.de\/beaute\/wp-json\/wp\/v2\/product\/9506","targetHints":{"allow":["GET"]}}],"collection":[{"href":"https:\/\/shop.chiquebuer.de\/beaute\/wp-json\/wp\/v2\/product"}],"about":[{"href":"https:\/\/shop.chiquebuer.de\/beaute\/wp-json\/wp\/v2\/types\/product"}],"version-history":[{"count":0,"href":"https:\/\/shop.chiquebuer.de\/beaute\/wp-json\/wp\/v2\/product\/9506\/revisions"}],"wp:featuredmedia":[{"embeddable":true,"href":"https:\/\/shop.chiquebuer.de\/beaute\/wp-json\/wp\/v2\/media\/9792"}],"wp:attachment":[{"href":"https:\/\/shop.chiquebuer.de\/beaute\/wp-json\/wp\/v2\/media?parent=9506"}],"wp:term":[{"taxonomy":"product_brand","embeddable":true,"href":"https:\/\/shop.chiquebuer.de\/beaute\/wp-json\/wp\/v2\/product_brand?post=9506"},{"taxonomy":"product_cat","embeddable":true,"href":"https:\/\/shop.chiquebuer.de\/beaute\/wp-json\/wp\/v2\/product_cat?post=9506"},{"taxonomy":"product_tag","embeddable":true,"href":"https:\/\/shop.chiquebuer.de\/beaute\/wp-json\/wp\/v2\/product_tag?post=9506"}],"curies":[{"name":"wp","href":"https:\/\/api.w.org\/{rel}","templated":true}]}}