{"id":9490,"date":"2020-12-15T14:34:37","date_gmt":"2020-12-15T13:34:37","guid":{"rendered":"https:\/\/shop.chiquebuer.de\/beaute\/?post_type=product&#038;p=9490"},"modified":"2022-06-29T12:29:45","modified_gmt":"2022-06-29T10:29:45","slug":"soft-foam-cleanser","status":"publish","type":"product","link":"https:\/\/shop.chiquebuer.de\/beaute\/kaufen\/gesichtspflege\/reinigung\/soft-foam-cleanser\/","title":{"rendered":"Soft Foam Cleanser"},"content":{"rendered":"<p><strong>Milder Reinigungsschaum f\u00fcr jeden Hauttyp<\/strong><\/p>\n<p>Der sanfte Schaum reinigt die Haut porentief und ist somit f\u00fcr die t\u00e4gliche Gesichtsreinigung optimal geeignet. Make Up, Lipidablagerungen und Schmutzpartikel werden gr\u00fcndlich, aber sanft entfernt. Feuchtigkeitsspendende Wirkstoffe wie Betain und Inositol pflegen die Haut bereits w\u00e4hrend der Reinigung. Sanft wie eine Milch \u2013 effizient wie ein Gel. Ohne Treibgas<\/p>\n<p><strong>Inhaltsstoffe<\/strong><br \/>\naqua (water), glycerin, coco-glucoside, cocamidopropyl betaine, sodium lauroyl sarcosinate, disodium lauryl sulfosuccinate, sorbitan oleate decylglucoside crosspolymer, glyceryl oleate, sodium chloride, sodium cocoyl glutamate, phenoxyethanol, ethylhexylglycerin, allantoin, pentylene glycol, parfum (fragrance), tetrasodium glutamate diacetate, inositol, betaine, hydrogenated palm glycerides citrate, tocopherol, citric acid<\/p>\n","protected":false},"excerpt":{"rendered":"<p>Milder Reinigungsschaum f\u00fcr jeden Hauttyp Der sanfte Schaum reinigt die Haut porentief und ist somit f\u00fcr die t\u00e4gliche Gesichtsreinigung optimal<\/p>\n","protected":false},"featured_media":9777,"template":"","meta":[],"product_brand":[],"product_cat":[65],"product_tag":[],"class_list":{"0":"post-9490","1":"product","2":"type-product","3":"status-publish","4":"has-post-thumbnail","6":"product_cat-reinigung","8":"first","9":"instock","10":"taxable","11":"shipping-taxable","12":"purchasable","13":"product-type-simple"},"_links":{"self":[{"href":"https:\/\/shop.chiquebuer.de\/beaute\/wp-json\/wp\/v2\/product\/9490","targetHints":{"allow":["GET"]}}],"collection":[{"href":"https:\/\/shop.chiquebuer.de\/beaute\/wp-json\/wp\/v2\/product"}],"about":[{"href":"https:\/\/shop.chiquebuer.de\/beaute\/wp-json\/wp\/v2\/types\/product"}],"version-history":[{"count":0,"href":"https:\/\/shop.chiquebuer.de\/beaute\/wp-json\/wp\/v2\/product\/9490\/revisions"}],"wp:featuredmedia":[{"embeddable":true,"href":"https:\/\/shop.chiquebuer.de\/beaute\/wp-json\/wp\/v2\/media\/9777"}],"wp:attachment":[{"href":"https:\/\/shop.chiquebuer.de\/beaute\/wp-json\/wp\/v2\/media?parent=9490"}],"wp:term":[{"taxonomy":"product_brand","embeddable":true,"href":"https:\/\/shop.chiquebuer.de\/beaute\/wp-json\/wp\/v2\/product_brand?post=9490"},{"taxonomy":"product_cat","embeddable":true,"href":"https:\/\/shop.chiquebuer.de\/beaute\/wp-json\/wp\/v2\/product_cat?post=9490"},{"taxonomy":"product_tag","embeddable":true,"href":"https:\/\/shop.chiquebuer.de\/beaute\/wp-json\/wp\/v2\/product_tag?post=9490"}],"curies":[{"name":"wp","href":"https:\/\/api.w.org\/{rel}","templated":true}]}}