{"id":9483,"date":"2020-12-15T14:20:23","date_gmt":"2020-12-15T13:20:23","guid":{"rendered":"https:\/\/shop.chiquebuer.de\/beaute\/?post_type=product&#038;p=9483"},"modified":"2022-06-29T12:31:20","modified_gmt":"2022-06-29T10:31:20","slug":"high-perfection-eye-cream","status":"publish","type":"product","link":"https:\/\/shop.chiquebuer.de\/beaute\/kaufen\/gesichtspflege\/augenpflege\/high-perfection-eye-cream\/","title":{"rendered":"High Perfection Eye Cream"},"content":{"rendered":"<p><strong>Multiaktive Augenpflege zur Gl\u00e4ttung von F\u00e4ltchen und gegen Augenschatten<\/strong><\/p>\n<p>Zweifach wirkende Augenpflege f\u00fcr einen strahlenden Blick. Hyalurons\u00e4ure und Peptide versorgen die empfindliche Augenpartie mit Feuchtigkeit und polstern sie auf. Die Haut wirkt elastischer und glatter, F\u00e4ltchen werden ausgeglichen. Koffein unterst\u00fctzt die Durchblutung der Blutgef\u00e4\u00dfe an und mindert dunkle Augenringe. Die Partie wirkt frischer und ebenm\u00e4\u00dfiger.<br \/>\nOhne Parabene, Emulgatoren, Duft- und Farbstoffe.<\/p>\n<p><strong>Inhaltsstoffe<\/strong><br \/>\nAqua (Water), Caprylic\/Capric Triglyceride, Pentylene Glycol, Glycerin, Squalane, Ricinus Communis (Castor) Seed Oil, Butylene Glycol, Hydrogenated Lecithin, Glyceryl Polymethacrylate, C12-16 Alcohols, Palmitic Acid, Butyrospermum Parkii (Shea Butter), Ruscus Aculeatus Root Extract, Centella Asiatica Leaf Extract, Calendula Officinalis (Marigold) Flower Extract, Panthenol, Caffeine, Biosaccharide Gum-1, Hydrolyzed Yeast Protein, Ethylhexylglycerin, Xanthan Gum, Acrylates\/C10-30 Alkyl Acrylate Crosspolymer, Peg-8, Phyllanthus Emblica Fruit Extract, Ammonium Glycyrrhizate, Escin, Sodium Hyaluronate, Ceramide NP, Palmitoyl Hexapeptide-12, Tocopherol, Lecithin, Glyceryl Stearate, Glyceryl Oleate, Glyceryl Caprylate, Ascorbyl Palmitate, Citric Acid, Sodium Levulinate, Sodium Anisate, Sodium Citrate, Disodium EDTA, Sodium Hydroxide<\/p>\n","protected":false},"excerpt":{"rendered":"<p>Multiaktive Augenpflege zur Gl\u00e4ttung von F\u00e4ltchen und gegen Augenschatten Zweifach wirkende Augenpflege f\u00fcr einen strahlenden Blick. Hyalurons\u00e4ure und Peptide versorgen<\/p>\n","protected":false},"featured_media":9771,"template":"","meta":[],"product_brand":[],"product_cat":[69],"product_tag":[],"class_list":{"0":"post-9483","1":"product","2":"type-product","3":"status-publish","4":"has-post-thumbnail","6":"product_cat-augenpflege","8":"first","9":"instock","10":"taxable","11":"shipping-taxable","12":"purchasable","13":"product-type-simple"},"_links":{"self":[{"href":"https:\/\/shop.chiquebuer.de\/beaute\/wp-json\/wp\/v2\/product\/9483","targetHints":{"allow":["GET"]}}],"collection":[{"href":"https:\/\/shop.chiquebuer.de\/beaute\/wp-json\/wp\/v2\/product"}],"about":[{"href":"https:\/\/shop.chiquebuer.de\/beaute\/wp-json\/wp\/v2\/types\/product"}],"version-history":[{"count":0,"href":"https:\/\/shop.chiquebuer.de\/beaute\/wp-json\/wp\/v2\/product\/9483\/revisions"}],"wp:featuredmedia":[{"embeddable":true,"href":"https:\/\/shop.chiquebuer.de\/beaute\/wp-json\/wp\/v2\/media\/9771"}],"wp:attachment":[{"href":"https:\/\/shop.chiquebuer.de\/beaute\/wp-json\/wp\/v2\/media?parent=9483"}],"wp:term":[{"taxonomy":"product_brand","embeddable":true,"href":"https:\/\/shop.chiquebuer.de\/beaute\/wp-json\/wp\/v2\/product_brand?post=9483"},{"taxonomy":"product_cat","embeddable":true,"href":"https:\/\/shop.chiquebuer.de\/beaute\/wp-json\/wp\/v2\/product_cat?post=9483"},{"taxonomy":"product_tag","embeddable":true,"href":"https:\/\/shop.chiquebuer.de\/beaute\/wp-json\/wp\/v2\/product_tag?post=9483"}],"curies":[{"name":"wp","href":"https:\/\/api.w.org\/{rel}","templated":true}]}}