{"id":9475,"date":"2020-12-15T14:07:11","date_gmt":"2020-12-15T13:07:11","guid":{"rendered":"https:\/\/shop.chiquebuer.de\/beaute\/?post_type=product&#038;p=9475"},"modified":"2020-12-15T16:34:05","modified_gmt":"2020-12-15T15:34:05","slug":"handsome-care","status":"publish","type":"product","link":"https:\/\/shop.chiquebuer.de\/beaute\/kaufen\/koerperpflege\/handsome-care\/","title":{"rendered":"Handsome Care"},"content":{"rendered":"<p><strong>Handp\ufb02ege mit Hyaluron<\/strong><\/p>\n<p>Die feuchtigkeitsspendende und sch\u00fctzende Creme mit wertvollem Hyaluron pflegt die H\u00e4nde nachhaltig und erh\u00e4lt eine intakte Hautbarriere. Sie zieht extrem schnell ein, fettet nicht und die H\u00e4nde werden wunderbar weich. Perfekt f\u00fcr unterwegs und als Geschenk.<\/p>\n<p><strong>Inhaltsstoffe<\/strong><br \/>\nAqua (Water), Alcohol, Glycerin, Helianthus Annuus (Sunflower) Hybrid Oil, Butyrospermum Parkii (Shea Butter), Olea Europaea (Olive) Fruit Oil, Cetearyl Alcohol, Glyceryl Stearate Citrate, Cera Alba (Beeswax), Glyceryl Stearate, Sodium Cetearyl Sulfate, Helianthus Annuus (Sunflower) Seed Oil, Sodium Hyaluronate, Xanthan Gum, Glyceryl Caprylate, Sodium Levulinate, Levulinic Acid, P-Anisic Acid, Tocopherol, Phytic Acid, Sodium Hydroxide, Lavandula Angustifolia (Lavender) Oil, Limonene, Linalool, Geraniol, Citral, Parfum (Fragrance)<\/p>\n","protected":false},"excerpt":{"rendered":"<p>Handp\ufb02ege mit Hyaluron Die feuchtigkeitsspendende und sch\u00fctzende Creme mit wertvollem Hyaluron pflegt die H\u00e4nde nachhaltig und erh\u00e4lt eine intakte Hautbarriere.<\/p>\n","protected":false},"featured_media":9611,"template":"","meta":[],"product_brand":[],"product_cat":[119],"product_tag":[],"class_list":{"0":"post-9475","1":"product","2":"type-product","3":"status-publish","4":"has-post-thumbnail","6":"product_cat-koerperpflege","8":"first","9":"instock","10":"taxable","11":"shipping-taxable","12":"purchasable","13":"product-type-variable"},"_links":{"self":[{"href":"https:\/\/shop.chiquebuer.de\/beaute\/wp-json\/wp\/v2\/product\/9475","targetHints":{"allow":["GET"]}}],"collection":[{"href":"https:\/\/shop.chiquebuer.de\/beaute\/wp-json\/wp\/v2\/product"}],"about":[{"href":"https:\/\/shop.chiquebuer.de\/beaute\/wp-json\/wp\/v2\/types\/product"}],"version-history":[{"count":0,"href":"https:\/\/shop.chiquebuer.de\/beaute\/wp-json\/wp\/v2\/product\/9475\/revisions"}],"wp:featuredmedia":[{"embeddable":true,"href":"https:\/\/shop.chiquebuer.de\/beaute\/wp-json\/wp\/v2\/media\/9611"}],"wp:attachment":[{"href":"https:\/\/shop.chiquebuer.de\/beaute\/wp-json\/wp\/v2\/media?parent=9475"}],"wp:term":[{"taxonomy":"product_brand","embeddable":true,"href":"https:\/\/shop.chiquebuer.de\/beaute\/wp-json\/wp\/v2\/product_brand?post=9475"},{"taxonomy":"product_cat","embeddable":true,"href":"https:\/\/shop.chiquebuer.de\/beaute\/wp-json\/wp\/v2\/product_cat?post=9475"},{"taxonomy":"product_tag","embeddable":true,"href":"https:\/\/shop.chiquebuer.de\/beaute\/wp-json\/wp\/v2\/product_tag?post=9475"}],"curies":[{"name":"wp","href":"https:\/\/api.w.org\/{rel}","templated":true}]}}