{"id":9470,"date":"2020-12-15T13:48:38","date_gmt":"2020-12-15T12:48:38","guid":{"rendered":"https:\/\/shop.chiquebuer.de\/beaute\/?post_type=product&#038;p=9470"},"modified":"2022-06-29T12:34:46","modified_gmt":"2022-06-29T10:34:46","slug":"bb-perfect-beauty-fluid-essential-peach","status":"publish","type":"product","link":"https:\/\/shop.chiquebuer.de\/beaute\/kaufen\/gesichtspflege\/tagespflege\/bb-perfect-beauty-fluid-essential-peach\/","title":{"rendered":"BB Perfect Beauty Fluid Essential Peach"},"content":{"rendered":"<p><strong>Feuchtigkeitsspendendes, korrigierendes Pflegefluid mit UV-Schutz (SPF 15) f\u00fcr normale und trockene Haut<\/strong><\/p>\n<p>Samtige Textur mit UV-Schutz (SPF 15) und idealer Deckkraft f\u00fcr einen perfekten Teint. Das Fluid vereint Make-up und Pflege mit wirksamem UVA\/UVB Schutz und speziellen Pigmenten f\u00fcr einen exzellenten \u201cWeichzeichner-Effekt\u201d. Die erfrischende Formel zaubert damit ein optisch gegl\u00e4ttetes und ebenm\u00e4\u00dfiges Hautbild, gleicht Makel aus und beugt Hautalterung durch UV-Strahlen vor. F\u00fcr einen nat\u00fcrlich makellos wirkenden Teint und eine sch\u00f6ne Ausstrahlung. Ohne Mineral\u00f6l, PEG-haltige Emulgatoren und Parabene.<br \/>\nErh\u00e4ltlich in den Farbnuancen: Ivory, Beige und Peach<\/p>\n<p><strong>Inhaltsstoffe<\/strong><br \/>\nAqua (Water), Titanium Dioxide (CI 77891), C12-15 Alkyl Benzoate, Propylheptyl Caprylate, Octocrylene, Talc, Glycerin, Diethylamino Hydroxybenzoyl Hexyl Benzoate, Polyglyceryl-2 Dipolyhydroxystearate, Ethylhexyl Methoxycinnamate, Cyclopentasiloxane, Propylene Glycol, Polyglyceryl-3 Diisostearate, Panthenol, Simmondsia Chinensis (Jojoba) Seed Oil, Zinc Oxide, Dimethicone, Cera Alba (Beeswax), Glycyrrhiza Glabra (Licorice) Root Extract, Avena Strigosa Seed Extract, Lauroyl Lysine, Allantoin, Bisabolol, Rosmarinic Acid, Hydrogenated Castor Oil, Bis-Ethylhexyloxyphenol Methoxyphenyl Triazine, Dimethiconol, Tocopherol, Ascorbyl Palmitate, Glyceryl Stearate, Glyceryl Oleate, Lecithin, Magnesium Sulfate, Silica, Citric Acid, Sodium Chloride, Tetrasodium Iminodisuccinate, Sodium Hydroxide, Sorbitol, Phenoxyethanol, Benzoic Acid, Dehydroacetic Acid, Ethylhexylglycerin, Potassium Sorbate, Parfum (Fragrance), Hexyl Cinnamal, Alpha-Isomethyl Ionone, Geraniol, Citronellol, CI 77492 (Iron Oxide), CI 77499 (Iron Oxide), CI 77491 (Iron Oxides)<\/p>\n","protected":false},"excerpt":{"rendered":"<p>Feuchtigkeitsspendendes, korrigierendes Pflegefluid mit UV-Schutz (SPF 15) f\u00fcr normale und trockene Haut Samtige Textur mit UV-Schutz (SPF 15) und idealer<\/p>\n","protected":false},"featured_media":9762,"template":"","meta":[],"product_brand":[],"product_cat":[67],"product_tag":[],"class_list":{"0":"post-9470","1":"product","2":"type-product","3":"status-publish","4":"has-post-thumbnail","6":"product_cat-tagespflege","8":"first","9":"instock","10":"taxable","11":"shipping-taxable","12":"purchasable","13":"product-type-simple"},"_links":{"self":[{"href":"https:\/\/shop.chiquebuer.de\/beaute\/wp-json\/wp\/v2\/product\/9470","targetHints":{"allow":["GET"]}}],"collection":[{"href":"https:\/\/shop.chiquebuer.de\/beaute\/wp-json\/wp\/v2\/product"}],"about":[{"href":"https:\/\/shop.chiquebuer.de\/beaute\/wp-json\/wp\/v2\/types\/product"}],"version-history":[{"count":0,"href":"https:\/\/shop.chiquebuer.de\/beaute\/wp-json\/wp\/v2\/product\/9470\/revisions"}],"wp:featuredmedia":[{"embeddable":true,"href":"https:\/\/shop.chiquebuer.de\/beaute\/wp-json\/wp\/v2\/media\/9762"}],"wp:attachment":[{"href":"https:\/\/shop.chiquebuer.de\/beaute\/wp-json\/wp\/v2\/media?parent=9470"}],"wp:term":[{"taxonomy":"product_brand","embeddable":true,"href":"https:\/\/shop.chiquebuer.de\/beaute\/wp-json\/wp\/v2\/product_brand?post=9470"},{"taxonomy":"product_cat","embeddable":true,"href":"https:\/\/shop.chiquebuer.de\/beaute\/wp-json\/wp\/v2\/product_cat?post=9470"},{"taxonomy":"product_tag","embeddable":true,"href":"https:\/\/shop.chiquebuer.de\/beaute\/wp-json\/wp\/v2\/product_tag?post=9470"}],"curies":[{"name":"wp","href":"https:\/\/api.w.org\/{rel}","templated":true}]}}