{"id":9446,"date":"2020-12-15T10:48:05","date_gmt":"2020-12-15T09:48:05","guid":{"rendered":"https:\/\/shop.chiquebuer.de\/beaute\/?post_type=product&#038;p=9446"},"modified":"2021-01-17T14:18:06","modified_gmt":"2021-01-17T13:18:06","slug":"resvera-cell-concentrate","status":"publish","type":"product","link":"https:\/\/shop.chiquebuer.de\/beaute\/kaufen\/gesichtspflege\/serum\/resvera-cell-concentrate\/","title":{"rendered":"Resvera Cell Concentrate"},"content":{"rendered":"<p><strong>Vitalisierendes Power Konzentrat mit Resveratrol und Vitamin C<\/strong><br \/>\nPower-Konzentrat f\u00fcr eine jugendlich wirkende Haut. Enth\u00e4lt den zellverj\u00fcngenden Wirkstoff Resveratrol aus der Weintraube sowie hochdosiertes Vitamin C. Die Haut wird deutlich elastischer, fester und hat mehr Spannkraft. Das samtige Konzentrat zieht sofort ein und l\u00e4sst die Haut strahlen. Sie wirkt frisch, prall und voller Lebenskraft.<br \/>\nF\u00fcr jedes Alter und jeden Hauttyp.<br \/>\nOhne Parabene, Mineral\u00f6l, Farbstoffe und PEG- Derivate<\/p>\n<p><strong>Inhaltsstoffe<\/strong><br \/>\nAqua (Water), Glycerin, Dicaprylyl Carbonate, Propylene Glycol, Pentylene Glycol, Polyglyceryl-10 Laurate, Hydrolyzed Lepidium Meyenii Root, Betaine, Methylsilanol Mannuronate, Sodium Ascorbyl Phosphate, Xanthan Gum, Acrylates\/C10-30 Alkyl Acrylate Crosspolymer, Parfum (Fragrance), Vitis Vinifera (Grape) Vine Extract, Ethylhexyl Methoxycinnamate, Diethylamino Hydroxybenzoyl Hexyl Benzoate, Sodium Hydroxide, Disodium EDTA, Citric Acid, Sorbic Acid, Phenoxyethanol<\/p>\n","protected":false},"excerpt":{"rendered":"<p>Vitalisierendes Power Konzentrat mit Resveratrol und Vitamin C Power-Konzentrat f\u00fcr eine jugendlich wirkende Haut. Enth\u00e4lt den zellverj\u00fcngenden Wirkstoff Resveratrol aus<\/p>\n","protected":false},"featured_media":10454,"template":"","meta":[],"product_brand":[],"product_cat":[70],"product_tag":[],"class_list":{"0":"post-9446","1":"product","2":"type-product","3":"status-publish","4":"has-post-thumbnail","6":"product_cat-serum","8":"first","9":"instock","10":"taxable","11":"shipping-taxable","12":"purchasable","13":"product-type-simple"},"_links":{"self":[{"href":"https:\/\/shop.chiquebuer.de\/beaute\/wp-json\/wp\/v2\/product\/9446","targetHints":{"allow":["GET"]}}],"collection":[{"href":"https:\/\/shop.chiquebuer.de\/beaute\/wp-json\/wp\/v2\/product"}],"about":[{"href":"https:\/\/shop.chiquebuer.de\/beaute\/wp-json\/wp\/v2\/types\/product"}],"version-history":[{"count":0,"href":"https:\/\/shop.chiquebuer.de\/beaute\/wp-json\/wp\/v2\/product\/9446\/revisions"}],"wp:featuredmedia":[{"embeddable":true,"href":"https:\/\/shop.chiquebuer.de\/beaute\/wp-json\/wp\/v2\/media\/10454"}],"wp:attachment":[{"href":"https:\/\/shop.chiquebuer.de\/beaute\/wp-json\/wp\/v2\/media?parent=9446"}],"wp:term":[{"taxonomy":"product_brand","embeddable":true,"href":"https:\/\/shop.chiquebuer.de\/beaute\/wp-json\/wp\/v2\/product_brand?post=9446"},{"taxonomy":"product_cat","embeddable":true,"href":"https:\/\/shop.chiquebuer.de\/beaute\/wp-json\/wp\/v2\/product_cat?post=9446"},{"taxonomy":"product_tag","embeddable":true,"href":"https:\/\/shop.chiquebuer.de\/beaute\/wp-json\/wp\/v2\/product_tag?post=9446"}],"curies":[{"name":"wp","href":"https:\/\/api.w.org\/{rel}","templated":true}]}}