{"id":9243,"date":"2020-12-09T15:00:48","date_gmt":"2020-12-09T14:00:48","guid":{"rendered":"https:\/\/shop.chiquebuer.de\/beaute\/?post_type=product&#038;p=9243"},"modified":"2020-12-16T15:09:38","modified_gmt":"2020-12-16T14:09:38","slug":"super-rich-tonic","status":"publish","type":"product","link":"https:\/\/shop.chiquebuer.de\/beaute\/kaufen\/gesichtspflege\/reinigung\/super-rich-tonic\/","title":{"rendered":"Super Rich Tonic"},"content":{"rendered":"<p><strong>Reichhaltiges, mildes Tonic zur Erfrischung und Belebung der Haut<\/strong><br \/>\nBelebendes, reichhaltiges Gesichtswasser mit S\u00fc\u00dfholzwurzel, Ringelblume, Aloe Vera, Johanniskraut und Alge. Regeneriert und stabilisiert den S\u00e4ureschutzmantel der Haut nach der Reinigung. Schenkt ein zartes Hautgef\u00fchl. Der Teint sieht frisch und vital aus. Ohne Parabene.<\/p>\n<p><strong>Inhaltsstoffe<\/strong><br \/>\nAqua (Water), Alcohol Denat., Propylene Glycol, Polysorbate 20, Peg-40 Hydrogenated Castor Oil, Panthenol, Glycyrrhiza Glabra (Licorice) Root Extract, Hypericum Perforatum Flower\/Leaf\/Stem Extract, Calendula Officinalis Flower Extract, Aloe Barbadensis Leaf Juice Powder, Fucus Vesiculosus Extract, Allantoin, Menthyl Lactate, Cocamidopropyl Betaine, Phenoxyethanol, Benzoic Acid, Dehydroacetic Acid, Sodium Hydroxide, Sorbitol, Ethylhexylglycerin, Sodium Chloride, Butylene Glycol, Caramel, Citric Acid, Sodium Benzoate, Potassium Sorbate, Glucose, Lactic Acid, Parfum (Fragrance), Hexyl Cinnamal, Alpha-Isomethyl Ionone<\/p>\n","protected":false},"excerpt":{"rendered":"<p>Reichhaltiges, mildes Tonic zur Erfrischung und Belebung der Haut Belebendes, reichhaltiges Gesichtswasser mit S\u00fc\u00dfholzwurzel, Ringelblume, Aloe Vera, Johanniskraut und Alge.<\/p>\n","protected":false},"featured_media":9244,"template":"","meta":[],"product_brand":[],"product_cat":[65],"product_tag":[],"class_list":{"0":"post-9243","1":"product","2":"type-product","3":"status-publish","4":"has-post-thumbnail","6":"product_cat-reinigung","8":"first","9":"instock","10":"taxable","11":"shipping-taxable","12":"purchasable","13":"product-type-simple"},"_links":{"self":[{"href":"https:\/\/shop.chiquebuer.de\/beaute\/wp-json\/wp\/v2\/product\/9243","targetHints":{"allow":["GET"]}}],"collection":[{"href":"https:\/\/shop.chiquebuer.de\/beaute\/wp-json\/wp\/v2\/product"}],"about":[{"href":"https:\/\/shop.chiquebuer.de\/beaute\/wp-json\/wp\/v2\/types\/product"}],"version-history":[{"count":0,"href":"https:\/\/shop.chiquebuer.de\/beaute\/wp-json\/wp\/v2\/product\/9243\/revisions"}],"wp:featuredmedia":[{"embeddable":true,"href":"https:\/\/shop.chiquebuer.de\/beaute\/wp-json\/wp\/v2\/media\/9244"}],"wp:attachment":[{"href":"https:\/\/shop.chiquebuer.de\/beaute\/wp-json\/wp\/v2\/media?parent=9243"}],"wp:term":[{"taxonomy":"product_brand","embeddable":true,"href":"https:\/\/shop.chiquebuer.de\/beaute\/wp-json\/wp\/v2\/product_brand?post=9243"},{"taxonomy":"product_cat","embeddable":true,"href":"https:\/\/shop.chiquebuer.de\/beaute\/wp-json\/wp\/v2\/product_cat?post=9243"},{"taxonomy":"product_tag","embeddable":true,"href":"https:\/\/shop.chiquebuer.de\/beaute\/wp-json\/wp\/v2\/product_tag?post=9243"}],"curies":[{"name":"wp","href":"https:\/\/api.w.org\/{rel}","templated":true}]}}