{"id":9237,"date":"2020-12-09T14:44:05","date_gmt":"2020-12-09T13:44:05","guid":{"rendered":"https:\/\/shop.chiquebuer.de\/beaute\/?post_type=product&#038;p=9237"},"modified":"2020-12-16T15:10:16","modified_gmt":"2020-12-16T14:10:16","slug":"daily-hydra-maximum-spf-20","status":"publish","type":"product","link":"https:\/\/shop.chiquebuer.de\/beaute\/kaufen\/gesichtspflege\/tagespflege\/daily-hydra-maximum-spf-20\/","title":{"rendered":"Daily Hydra Maximum SPF 20"},"content":{"rendered":"<p><strong>T\u00e4gliche Feuchtigkeitspflege und Schutz<\/strong><br \/>\nLeichtes, aber h\u00f6chst effektives Fluid f\u00fcr jeden Tag. Die neue DAILY HYDRA MAXIMUM spendet der Haut intensiv Feuchtigkeit und sch\u00fctzt gleichzeitig vor UV-Strahlen und deren Sch\u00e4digungen. Aufgrund ihrer verbesserten Textur und des angenehm leichten Hautgef\u00fchls ist sie optimal als Make-up Unterlage geeignet und au\u00dferdem als Tagespflege f\u00fcr Herren zu empfehlen. Ohne Nanofilter, Parabene, Silikone und PEG-haltige Emulgatoren.<\/p>\n<p><strong>Inhaltsstoffe<\/strong><br \/>\nAqua (Water), Octocrylene, Caprylic\/Capric Triglyceride, C12-15 Alkyl Benzoate, Glycerin, Pentylene Glycol, Diethylamino Hydroxybenzoyl Hexyl Benzoate, Dicaprylyl Carbonate, Phenylbenzimidazole Sulfonic Acid, Potassium Cetyl Phosphate, Tocopheryl Acetate, Persea Gratissima (Avocado) Oil, Olea Europaea (Olive) Fruit Oil, Distarch Phosphate, Betaine, Hydrogenated Palm Glycerides, Hydrogenated Coco-Glycerides, Butyrospermum Parkii (Shea Butter), Saccharide Isomerate, Cetearyl Alcohol, Behenyl Alcohol, Bis-Ethylhexyloxyphenol Methoxyphenyl Triazine, Papain, Ginkgo Biloba Leaf Extract, Hydroxyacetophenone, Acrylates\/C10-30 Alkyl Acrylate Crosspolymer, Xanthan Gum, Tetrasodium Glutamate Diacetate, Caprylyl Glycol, Cetearyl Glucoside, 1,2-Hexanediol, Propylene Glycol, Tocopherol, Ectoin, Calcium Pantothenate, Glucose, Urea, Magnesium Lactate, Serine, Proline, Magnesium Chloride, Alanine, Parfum (Fragrance), Sodium Hydroxide, Ethylhexylglycerin, Potassium Sorbate, Sodium Benzoate, Citric Acid, Lactic Acid, Potassium Lactate, Sodium Citrate, CI 42090 (FD&amp;C Blue No.1)<\/p>\n","protected":false},"excerpt":{"rendered":"<p>T\u00e4gliche Feuchtigkeitspflege und Schutz Leichtes, aber h\u00f6chst effektives Fluid f\u00fcr jeden Tag. Die neue DAILY HYDRA MAXIMUM spendet der Haut<\/p>\n","protected":false},"featured_media":9240,"template":"","meta":[],"product_brand":[],"product_cat":[67],"product_tag":[],"class_list":{"0":"post-9237","1":"product","2":"type-product","3":"status-publish","4":"has-post-thumbnail","6":"product_cat-tagespflege","8":"first","9":"instock","10":"taxable","11":"shipping-taxable","12":"purchasable","13":"product-type-simple"},"_links":{"self":[{"href":"https:\/\/shop.chiquebuer.de\/beaute\/wp-json\/wp\/v2\/product\/9237","targetHints":{"allow":["GET"]}}],"collection":[{"href":"https:\/\/shop.chiquebuer.de\/beaute\/wp-json\/wp\/v2\/product"}],"about":[{"href":"https:\/\/shop.chiquebuer.de\/beaute\/wp-json\/wp\/v2\/types\/product"}],"version-history":[{"count":0,"href":"https:\/\/shop.chiquebuer.de\/beaute\/wp-json\/wp\/v2\/product\/9237\/revisions"}],"wp:featuredmedia":[{"embeddable":true,"href":"https:\/\/shop.chiquebuer.de\/beaute\/wp-json\/wp\/v2\/media\/9240"}],"wp:attachment":[{"href":"https:\/\/shop.chiquebuer.de\/beaute\/wp-json\/wp\/v2\/media?parent=9237"}],"wp:term":[{"taxonomy":"product_brand","embeddable":true,"href":"https:\/\/shop.chiquebuer.de\/beaute\/wp-json\/wp\/v2\/product_brand?post=9237"},{"taxonomy":"product_cat","embeddable":true,"href":"https:\/\/shop.chiquebuer.de\/beaute\/wp-json\/wp\/v2\/product_cat?post=9237"},{"taxonomy":"product_tag","embeddable":true,"href":"https:\/\/shop.chiquebuer.de\/beaute\/wp-json\/wp\/v2\/product_tag?post=9237"}],"curies":[{"name":"wp","href":"https:\/\/api.w.org\/{rel}","templated":true}]}}