{"id":10895,"date":"2023-04-10T13:37:03","date_gmt":"2023-04-10T11:37:03","guid":{"rendered":"https:\/\/shop.chiquebuer.de\/beaute\/?post_type=product&#038;p=10895"},"modified":"2023-04-10T18:40:11","modified_gmt":"2023-04-10T16:40:11","slug":"hydropeptide-perfecting-gloss","status":"publish","type":"product","link":"https:\/\/shop.chiquebuer.de\/beaute\/kaufen\/gesichtspflege\/lippenpflege\/hydropeptide-perfecting-gloss\/","title":{"rendered":"HydroPeptide Perfecting Gloss"},"content":{"rendered":"<p>Reduzieren Sie das Erscheinungsbild von Lippenf\u00e4ltchen mit dieser aufpolsternden, kollagenverst\u00e4rkenden Lippenpflege.<\/p>\n<p>Verleiht den Lippen innerhalb weniger Minuten mehr F\u00fclle, Volumen und Definition und sorgt f\u00fcr lang anhaltende Geschmeidigkeit und Feuchtigkeit. Dieser Perfecting Gloss perfektioniert Ihren Schmollmund mit einem w\u00e4rmenden, prickelnden Gef\u00fchl und einem leuchtenden Glanz.<\/p>\n<p><strong>Inhaltsstoffe<\/strong><br \/>\n<em>Isononyl Isononanoate, Hydriertes Polyisobuten, Polybuten, Ethylen\/Propylen\/Styrol Copolymer, Butylen\/Ethylen\/Styrol Copolymer, Pentaerythrityl Tetraisostearate, Polyglyceryl-3 Bienenwachs, Isopropyl Palmitate, Wasser (Aqua), Caprylyl Glycol, Meadowfoam Estolide, Flavor (Aroma), Dipalmitoyl Hydroxyproline (Plumping Peptide), Lactobacillus\/Capsicum Frutescens Fruit Ferment Extract, Menthoxypropanediol, Benzyl Nicotinate, Butylene Glycol, Leuconostoc\/Radieschenwurzel-Ferment-Filtrat (Raphanus Sativus Root Extract), Tripeptid-29, hydrolysierte Hyalurons\u00e4ure, Natriumhyaluronat, Natriumhyaluronat-Crosspolymer, Isopropylmyristat, Myristoyl-Tripeptid-31, Calciumnatriumborsilikat, Isopropyltitantriisostearat, Stearalkoniumhektorit, Propylencarbonat, Polyhydroxystearats\u00e4ure, Glycerylcaprylat, Glycerin, Phenylpropanol, Ethylvanillin, Tocopherol, Glycine Soja (Soja\u00f6l) Kann enthalten: Siliziumdioxid, Titandioxid (CI 77891), Glimmer (CI 77019), Eisenoxide (CI 77491, Cl 77492, Cl 77499), Karmin (Cl 75470), Zinnoxid (Cl 77491), Rot 6 Lake (Cl 15850), Rot 7 Lake (Cl 15850), Rot 33 Lake (Cl 17200), Gelb 5 Lake (Cl 19140), Gelb 6 Lake (Cl 15985), Blau 1 Lake (Cl 49020)<\/em><\/p>\n","protected":false},"excerpt":{"rendered":"<p>Reduzieren Sie das Erscheinungsbild von Lippenf\u00e4ltchen mit dieser aufpolsternden, kollagenverst\u00e4rkenden Lippenpflege. Verleiht den Lippen innerhalb weniger Minuten mehr F\u00fclle, Volumen<\/p>\n","protected":false},"featured_media":10896,"template":"","meta":[],"product_brand":[],"product_cat":[63,195],"product_tag":[],"class_list":{"0":"post-10895","1":"product","2":"type-product","3":"status-publish","4":"has-post-thumbnail","6":"product_cat-gesichtspflege","7":"product_cat-lippenpflege","9":"first","10":"instock","11":"taxable","12":"shipping-taxable","13":"purchasable","14":"product-type-variable"},"_links":{"self":[{"href":"https:\/\/shop.chiquebuer.de\/beaute\/wp-json\/wp\/v2\/product\/10895","targetHints":{"allow":["GET"]}}],"collection":[{"href":"https:\/\/shop.chiquebuer.de\/beaute\/wp-json\/wp\/v2\/product"}],"about":[{"href":"https:\/\/shop.chiquebuer.de\/beaute\/wp-json\/wp\/v2\/types\/product"}],"version-history":[{"count":0,"href":"https:\/\/shop.chiquebuer.de\/beaute\/wp-json\/wp\/v2\/product\/10895\/revisions"}],"wp:featuredmedia":[{"embeddable":true,"href":"https:\/\/shop.chiquebuer.de\/beaute\/wp-json\/wp\/v2\/media\/10896"}],"wp:attachment":[{"href":"https:\/\/shop.chiquebuer.de\/beaute\/wp-json\/wp\/v2\/media?parent=10895"}],"wp:term":[{"taxonomy":"product_brand","embeddable":true,"href":"https:\/\/shop.chiquebuer.de\/beaute\/wp-json\/wp\/v2\/product_brand?post=10895"},{"taxonomy":"product_cat","embeddable":true,"href":"https:\/\/shop.chiquebuer.de\/beaute\/wp-json\/wp\/v2\/product_cat?post=10895"},{"taxonomy":"product_tag","embeddable":true,"href":"https:\/\/shop.chiquebuer.de\/beaute\/wp-json\/wp\/v2\/product_tag?post=10895"}],"curies":[{"name":"wp","href":"https:\/\/api.w.org\/{rel}","templated":true}]}}