{"id":10863,"date":"2023-04-09T13:05:40","date_gmt":"2023-04-09T11:05:40","guid":{"rendered":"https:\/\/shop.chiquebuer.de\/beaute\/?post_type=product&#038;p=10863"},"modified":"2023-04-10T12:50:33","modified_gmt":"2023-04-10T10:50:33","slug":"hydropeptide-nimni-cream-patented-collagen-support-complex","status":"publish","type":"product","link":"https:\/\/shop.chiquebuer.de\/beaute\/kaufen\/gesichtspflege\/nachtpflege\/hydropeptide-nimni-cream-patented-collagen-support-complex\/","title":{"rendered":"HydroPeptide Nimni Cream &#8211; Patented Collagen Support Complex"},"content":{"rendered":"<p>Einzigartiger patentierter Aminos\u00e4ure-Komplex und Peptide als Nachtpflege zur Stimulierung und Wiederherstellung der Kollagenproduktion. HydroPeptide Nimni Cream enth\u00e4lt diese einzigartige Formulierung, die solch einen Komplex kombiniert, welcher die essenziellen Komponenten f\u00fcr die physische Kollagenbildung liefert. Zeitverz\u00f6gerte Retinolabgabe, Antioxidantien und stabilisiertes Vitamin C sorgen zudem f\u00fcr ein strafferes, strahlenderes und verj\u00fcngtes Hautbild.<\/p>\n<p>Das perfekte Rezept f\u00fcr eine vollere, prall wirkende Haut.<\/p>\n<p>Die patentierte Nimni-Creme enth\u00e4lt einen bahnbrechenden Aminos\u00e4ure Komplex, welcher von Dr. Marcel Nimni, einem weltweit f\u00fchrenden Experten f\u00fcr Kollagenforschung und dem Arzt, der das &#8222;Kollagenbuch&#8220; geschrieben hat, entwickelt wurde. Er hat das Typ-II-Kollagen entdeckt und ein Leben lang geforscht und bahnbrechende Entdeckungen zu den Themen Kollagen und Alterung gemacht.<br \/>\nDer Nimni Support Komplex unterst\u00fctzt die nat\u00fcrliche Kollagenproduktion Ihrer Haut und f\u00f6rdert wichtige Funktionen, die die Produktivit\u00e4t steigern. Diese revolution\u00e4re Nimni-Technologie ist mit einem Retinol mit Langzeitwirkung kombiniert, das nachweislich das Erscheinungsbild von feinen Linien und Falten reduziert und die Haut f\u00fcr einen gleichm\u00e4ssigeren Teint und eine gleichm\u00e4ssigere Textur auffrischt. Es enth\u00e4lt ausserdem stabiles Vitamin C, das die Haut mit der Zeit sichtbar gl\u00e4ttet und aufhellt.<\/p>\n<p><strong>Kontraindikationen:<\/strong> Verwenden Sie keine Retinol Produkte, wenn Sie Schwanger sind oder stillen, verschreibungspflichtige Akne-Medikamente einnehmen oder in Verbindung mit Waxing, chemischen Peelings oder ablativen Hautbehandlungen. Verwenden Sie immer einen hohen Breitband-Sonnenschutz wie z.B. HydroPeptide Solar Defense NON TINTED SPF 50, wenn Sie dieses Produkt verwenden.<\/p>\n<p><strong>Inhaltsstoffe<\/strong><br \/>\n<em>Wasser, Glycerin, Propandiol, Bis-Stearyl Dimethicone, Butyrospermum Parkii (Shea) Butter, Pentylene Glycol, Caprylic\/Capric Triglyceride, Diethylhexyl Carbonate, Helianthus Annuus (Sunflower) Seed Oil, Olea Europaea (Olive) Fruit Unsaponifiables, Cetearyl Alcohol, Glyceryl Stearate, Potassium Olivoyl Hydrolized Haat Protein, Behenyl Alcohol, Dimethicone, Isododecane, Dimethyl Isosorbide, Fragrance, Sclerotium Gum, Hydroxyethyl Acrylate\/Sodium Acryloyldimethyl Taurate Copolymer, Dimethicone Crosspolymer, Dimethyl Sulfone, Hydroxyacetophenone, Tetrahexyldecyl Ascorbate, Glyceryl Oleate, Squalane, Benzyl Alcohol, Retinol, Polysorbat-20, Glycine Soja Sterole, Linols\u00e4ure, Phospholipide, Acrylate\/C10-30 Alkyl Acrylate Crosspolymer, Tocopherol, Carnosin, Stearyl Glycyrrhetinate, Cetyl Palmitate, Polysorbate-60, Anogeissus Leiocarpus Bark Extract, Methylglucoside Phosphate, Tetrasodium Glutamate Diacetate, Kupfer-Lysinat\/Prolinat, Sorbitan Isostearat, Ceramide NP, Valin, Lysin HCl, Threonin, Arginin HCl, Leuicin, Histidin, Isoleucin, Phenylalanin, Tryptophan, Methionin, Palmitoyl Dipeptide-5 Diaminobutyroyl Hydroxythreonin, Palmitoyl Tripeptide-5, Tetradecyl Aminobutyroylvalylaminobutyric Urea Trifluoroacetat<\/em><\/p>\n","protected":false},"excerpt":{"rendered":"<p>Einzigartiger patentierter Aminos\u00e4ure-Komplex und Peptide als Nachtpflege zur Stimulierung und Wiederherstellung der Kollagenproduktion. HydroPeptide Nimni Cream enth\u00e4lt diese einzigartige Formulierung,<\/p>\n","protected":false},"featured_media":10865,"template":"","meta":[],"product_brand":[],"product_cat":[63,68],"product_tag":[],"class_list":{"0":"post-10863","1":"product","2":"type-product","3":"status-publish","4":"has-post-thumbnail","6":"product_cat-gesichtspflege","7":"product_cat-nachtpflege","9":"first","10":"instock","11":"taxable","12":"shipping-taxable","13":"purchasable","14":"product-type-simple"},"_links":{"self":[{"href":"https:\/\/shop.chiquebuer.de\/beaute\/wp-json\/wp\/v2\/product\/10863","targetHints":{"allow":["GET"]}}],"collection":[{"href":"https:\/\/shop.chiquebuer.de\/beaute\/wp-json\/wp\/v2\/product"}],"about":[{"href":"https:\/\/shop.chiquebuer.de\/beaute\/wp-json\/wp\/v2\/types\/product"}],"version-history":[{"count":0,"href":"https:\/\/shop.chiquebuer.de\/beaute\/wp-json\/wp\/v2\/product\/10863\/revisions"}],"wp:featuredmedia":[{"embeddable":true,"href":"https:\/\/shop.chiquebuer.de\/beaute\/wp-json\/wp\/v2\/media\/10865"}],"wp:attachment":[{"href":"https:\/\/shop.chiquebuer.de\/beaute\/wp-json\/wp\/v2\/media?parent=10863"}],"wp:term":[{"taxonomy":"product_brand","embeddable":true,"href":"https:\/\/shop.chiquebuer.de\/beaute\/wp-json\/wp\/v2\/product_brand?post=10863"},{"taxonomy":"product_cat","embeddable":true,"href":"https:\/\/shop.chiquebuer.de\/beaute\/wp-json\/wp\/v2\/product_cat?post=10863"},{"taxonomy":"product_tag","embeddable":true,"href":"https:\/\/shop.chiquebuer.de\/beaute\/wp-json\/wp\/v2\/product_tag?post=10863"}],"curies":[{"name":"wp","href":"https:\/\/api.w.org\/{rel}","templated":true}]}}