{"id":10846,"date":"2023-04-09T12:48:48","date_gmt":"2023-04-09T10:48:48","guid":{"rendered":"https:\/\/shop.chiquebuer.de\/beaute\/?post_type=product&#038;p=10846"},"modified":"2023-04-10T13:27:24","modified_gmt":"2023-04-10T11:27:24","slug":"hydropeptide-5x-power-peel-daily-resurfacing-pads-30-stueck-a-14ml","status":"publish","type":"product","link":"https:\/\/shop.chiquebuer.de\/beaute\/kaufen\/gesichtspflege\/maske\/hydropeptide-5x-power-peel-daily-resurfacing-pads-30-stueck-a-14ml\/","title":{"rendered":"HydroPeptide 5X Power Peel Daily Resurfacing Pads (30 St\u00fcck \u00e1 1,4ml)"},"content":{"rendered":"<p>Durch das HydroPeptide 5X Power Peel wird die Haut gegl\u00e4ttet, tiefengereinigt und das Erscheinungsbild von Linien und F\u00e4ltchen reduziert. Eine hauterneuernde Mischung aus botanischen Enzymen und milden Fruchts\u00e4uren, hilft Unebenheiten und unerw\u00fcnschten Pigmentierungen entgegenzuwirken.<\/p>\n<p>Diese sanften Peeling-Pads verwenden 5 verschiedene Arten von chemischen Peelings, um die Verbindungen zwischen abgestorbenen Hautzellen aufzubrechen und den Zellwechsel zu f\u00f6rdern.<\/p>\n<p>Aloe Vera- und Kamillenextrakte helfen, Reizungen und Entz\u00fcndungen zu lindern. Das vorgetr\u00e4nkte Peeling-Tuch sanft \u00fcber das gereinigte Gesicht und Hals streichen (dabei die Augenpartie aussparen), um sofort eine glattere, strahlendere Haut zu erhalten. NICHT ABSP\u00dcLEN. Je nach Bedarf abschliessend ein Serum und\/oder Feuchtigkeitscreme von HydroPeptide verwenden. Verwenden Sie bei der Anwendung dieses Produkts immer einen hohen Breitspektrum-Sonnenschutz wie z.B. HydroPeptide Solar Defense NON TINTED SPF 50.<\/p>\n<p><strong>Kontraindikationen:<\/strong> Schwangerschaft, Stillzeit, Aspirinallergie.<\/p>\n<p>F\u00fcr alle Hauttypen geeignet, insbesondere f\u00fcr raue, m\u00fcde, fahle, pigmentierte und reifere Haut.<\/p>\n<p><strong>Inhaltsstoffe<\/strong><br \/>\n<em>Wasser, Lactobacillus\/K\u00fcrbisfrucht-Ferment-Filtrat, Glycerin, Pentylene Glycol, Aloe Barbadensis Leaf Juice, Vaccinium Myrtillus Fruit Extract, Saccharum Officinarum (Sugar Cane) Extract, Propanediol, Hydroxyacetophenon, Polyglyceryl-3, Polyglyceryl-4, Polyglyceryl-6 Caprylate, Polyglyceryl-6 Ricinoleate, Butylene Glycol, Caprylic\/Capric Triglyceride, Benzyl Alcohol, Citrus Aurantium Dulcis (Orange) Fruit Extract, Citrus Limon (Lemon) Fruit Extract, Kupfer PCA, Glucosamin HCl, Rhodosorus Marinus Extrakt, Salicyls\u00e4ure, Zitronens\u00e4ure, Leuconostoc\/Rettichwurzelferment-Filtrat, Citrus Limon (Zitrone) Peel Extrakt, Acer Saccharum (Zuckerahorn) Extrakt, Glykols\u00e4ure, Milchs\u00e4ure, Citrus Paradisi (Grapefruit) Fruit Extract, Citrus Aurantium Dulcis (Orange) Peel Extract, Camellia Sinensis Leaf Extract, Urea, Mucor Miehei Extract, Chamomilla Recutita (Matricaria) Flower Extract, Citrus Aurantifolia (Limette) Schalenauszug, Citrus Aurantium Bergamia (Bergamotte) Fruchtauszug, Citrus Nobilis (Mandarine) Fruchtauszug, Citrus Tangerina (Mandarine) Schalenauszug, Barosma Betulina Blattauszug, Vanilla Planifolia Fruit Extract, Vitis Vinifera (Grape) Fruit Extract, Juniperus Virginia Wood Extract, Musa Sapientum (Banana) Fruit Extract, Prunus Armeniaca (Apricot) Fruit Extract, Pyrus Malus (Apple) Fruit Extract, Ananas Sativus (Ananas) Fruit Extract, Butter Extract, Cocos Nucifera (Coconut) Fruit Extract, Coffea Arabica (Coffee) Leaf\/Seed Extract, Cucumis Melo (Melon) Fruit Extract, Fragaria Chiloensis (Strawberry) Fruit Extract, Prunus Amygdalus Dulcis (Sweet Almond) Fruit Extract, Rubus Idaeus (Raspberry) Fruit Extract, Allantoin, Niacinamide, Sodium Hyaluronate, Dextran, Eucalyptus Globulus Leaf Extract, Palmitoyl Tripeptide-8<\/em><\/p>\n","protected":false},"excerpt":{"rendered":"<p>Durch das HydroPeptide 5X Power Peel wird die Haut gegl\u00e4ttet, tiefengereinigt und das Erscheinungsbild von Linien und F\u00e4ltchen reduziert. Eine<\/p>\n","protected":false},"featured_media":10849,"template":"","meta":[],"product_brand":[],"product_cat":[63,71],"product_tag":[],"class_list":{"0":"post-10846","1":"product","2":"type-product","3":"status-publish","4":"has-post-thumbnail","6":"product_cat-gesichtspflege","7":"product_cat-maske","9":"first","10":"instock","11":"taxable","12":"shipping-taxable","13":"purchasable","14":"product-type-simple"},"_links":{"self":[{"href":"https:\/\/shop.chiquebuer.de\/beaute\/wp-json\/wp\/v2\/product\/10846","targetHints":{"allow":["GET"]}}],"collection":[{"href":"https:\/\/shop.chiquebuer.de\/beaute\/wp-json\/wp\/v2\/product"}],"about":[{"href":"https:\/\/shop.chiquebuer.de\/beaute\/wp-json\/wp\/v2\/types\/product"}],"version-history":[{"count":0,"href":"https:\/\/shop.chiquebuer.de\/beaute\/wp-json\/wp\/v2\/product\/10846\/revisions"}],"wp:featuredmedia":[{"embeddable":true,"href":"https:\/\/shop.chiquebuer.de\/beaute\/wp-json\/wp\/v2\/media\/10849"}],"wp:attachment":[{"href":"https:\/\/shop.chiquebuer.de\/beaute\/wp-json\/wp\/v2\/media?parent=10846"}],"wp:term":[{"taxonomy":"product_brand","embeddable":true,"href":"https:\/\/shop.chiquebuer.de\/beaute\/wp-json\/wp\/v2\/product_brand?post=10846"},{"taxonomy":"product_cat","embeddable":true,"href":"https:\/\/shop.chiquebuer.de\/beaute\/wp-json\/wp\/v2\/product_cat?post=10846"},{"taxonomy":"product_tag","embeddable":true,"href":"https:\/\/shop.chiquebuer.de\/beaute\/wp-json\/wp\/v2\/product_tag?post=10846"}],"curies":[{"name":"wp","href":"https:\/\/api.w.org\/{rel}","templated":true}]}}