{"id":10842,"date":"2023-04-09T12:43:57","date_gmt":"2023-04-09T10:43:57","guid":{"rendered":"https:\/\/shop.chiquebuer.de\/beaute\/?post_type=product&#038;p=10842"},"modified":"2023-04-10T13:28:11","modified_gmt":"2023-04-10T11:28:11","slug":"hydropeptide-solar-defense-non-tinted-spf-50","status":"publish","type":"product","link":"https:\/\/shop.chiquebuer.de\/beaute\/kaufen\/gesichtspflege\/sonnenpflege\/hydropeptide-solar-defense-non-tinted-spf-50\/","title":{"rendered":"HydroPeptide Solar Defense Non-Tinted SPF 50"},"content":{"rendered":"<p>Ein duftfreier, mineralischer Breitbandschutz (UVA-, UVB-und Infrarot) mit Antioxidantien, Hyalurons\u00e4ure und einem probiotischem Komplex liefert Feuchtigkeit und st\u00e4rkt die Barrierefunktion. F\u00fcr eine versorgte, gesch\u00fctzte Haut dank hautberuhigender Aloe Vera, Allantoin und Kamille. Diese Rezeptur sorgt f\u00fcr ein klares, ebenm\u00e4ssiges Hautbild und reduziert eine \u00fcberm\u00e4ssige Talgproduktion (sebumregulierend und adstringierend) ohne die Haut zu beschweren und ohne einen Weissfilm zu hinterlassen.<\/p>\n<p>Sch\u00fctzen Sie Ihre Haut vor Sonnensch\u00e4den und spenden Sie ihr einen Feuchtigkeitsschub mit diesem unget\u00f6nten SPF.<br \/>\nEine einzigartige Mischung aus Calendula-, Gurken- und Acai-Extrakten bietet eine reichhaltige Quelle an Antioxidantien, die die Haut n\u00e4hren und vor Sch\u00e4den durch freie Radikale sch\u00fctzen. Die hautberuhigende Aloe Vera, Allantoin und Kamille beruhigen die Empfindlichkeit der Haut, die durch l\u00e4ngere Sonneneinstrahlung entstehen kann.<\/p>\n<p>Hyalurons\u00e4ure und ein probiotischer Komplex stellen die Barrierefunktion wieder her und arbeiten mit nat\u00fcrlichen mineralischen Sonnenschutzmitteln zusammen, um den Sonnenschutz zu erh\u00f6hen und die Haut gleichzeitig zu pflegen und zu n\u00e4hren. Das Ergebnis ist eine mit Feuchtigkeit versorgte, gesch\u00fctzte Haut, die die sch\u00e4dlichen Sonnenstrahlen bis zu 2 Stunden lang abschirmt.<\/p>\n<p>F\u00fcr alle Hauttypen geeignet, insbesondere f\u00fcr sonnengesch\u00e4digte, sensibilisierte und reifere Haut.<\/p>\n<p><strong>Inhaltsstoffe<\/strong><br \/>\n<em>Aktive Inhaltsstoffe: Titanium Dioxide (3%), Zinkoxid (7%) Inaktive Inhaltsstoffe: 1,2-Hexandiol, Allantoin, Aluminiumoxid, Biotin, Butylene Glycol, C12-15 Alkyl Benzoate, Calendula Officinalis Flower Extract, Camellia Oleifera Leaf Extract, Caprylyl Glycol, Caprylyl Methicone, Cetyl Alcohol, Chamomilla Recutita (Matricaria) Flower Extract, Citric Acid, Cucumis Sativus (Cucumber) Fruit Extract, Cyclomethicone, Cyclopentasiloxane, Dimethicone, Disodium Edta, Ethylhexyl Palmitate, Euterpe Oleracea Fruit Extract, Glycerin, Glyceryl Caprylate, Glyceryl Stearate, Glyceryl Undecylenate, Hydrolyzed Yeast Protein, Hydroxyethyl Acrylate\/Sodium Acryloyldimethyl Taurate Copolymer, Kaempferia Galanga Root Extract, Lauryl Peg-9 Polydimethylsiloxyethyl Dimethicone, Niacinamide, Panthenol, Peg-100 Stearate, Pentylene Glycol, Polyhydroxystearic Acid, Polysorbate 60, Propanediol, Propylenglykol, Pyridoxin Hcl, Saccharomyces Cerevisiae Extrakt, Natriumcitrat, Natriumhyaluronat, Natrium Pca, Thermus Thermophilus Ferment, Triethoxycaprylylsilan , Triethoxysilylethyl Polydimethylsiloxyethyl Hexyl Dimethicone, Wasser, Xanthan Gum<\/em><\/p>\n","protected":false},"excerpt":{"rendered":"<p>Ein duftfreier, mineralischer Breitbandschutz (UVA-, UVB-und Infrarot) mit Antioxidantien, Hyalurons\u00e4ure und einem probiotischem Komplex liefert Feuchtigkeit und st\u00e4rkt die Barrierefunktion.<\/p>\n","protected":false},"featured_media":10844,"template":"","meta":[],"product_brand":[],"product_cat":[63,64,67],"product_tag":[],"class_list":{"0":"post-10842","1":"product","2":"type-product","3":"status-publish","4":"has-post-thumbnail","6":"product_cat-gesichtspflege","7":"product_cat-sonnenpflege","8":"product_cat-tagespflege","10":"first","11":"instock","12":"taxable","13":"shipping-taxable","14":"purchasable","15":"product-type-simple"},"_links":{"self":[{"href":"https:\/\/shop.chiquebuer.de\/beaute\/wp-json\/wp\/v2\/product\/10842","targetHints":{"allow":["GET"]}}],"collection":[{"href":"https:\/\/shop.chiquebuer.de\/beaute\/wp-json\/wp\/v2\/product"}],"about":[{"href":"https:\/\/shop.chiquebuer.de\/beaute\/wp-json\/wp\/v2\/types\/product"}],"version-history":[{"count":0,"href":"https:\/\/shop.chiquebuer.de\/beaute\/wp-json\/wp\/v2\/product\/10842\/revisions"}],"wp:featuredmedia":[{"embeddable":true,"href":"https:\/\/shop.chiquebuer.de\/beaute\/wp-json\/wp\/v2\/media\/10844"}],"wp:attachment":[{"href":"https:\/\/shop.chiquebuer.de\/beaute\/wp-json\/wp\/v2\/media?parent=10842"}],"wp:term":[{"taxonomy":"product_brand","embeddable":true,"href":"https:\/\/shop.chiquebuer.de\/beaute\/wp-json\/wp\/v2\/product_brand?post=10842"},{"taxonomy":"product_cat","embeddable":true,"href":"https:\/\/shop.chiquebuer.de\/beaute\/wp-json\/wp\/v2\/product_cat?post=10842"},{"taxonomy":"product_tag","embeddable":true,"href":"https:\/\/shop.chiquebuer.de\/beaute\/wp-json\/wp\/v2\/product_tag?post=10842"}],"curies":[{"name":"wp","href":"https:\/\/api.w.org\/{rel}","templated":true}]}}