{"id":10834,"date":"2023-04-09T11:59:48","date_gmt":"2023-04-09T09:59:48","guid":{"rendered":"https:\/\/shop.chiquebuer.de\/beaute\/?post_type=product&#038;p=10834"},"modified":"2023-04-10T12:54:40","modified_gmt":"2023-04-10T10:54:40","slug":"hydropeptide-vital-eyes","status":"publish","type":"product","link":"https:\/\/shop.chiquebuer.de\/beaute\/kaufen\/gesichtspflege\/augenpflege\/hydropeptide-vital-eyes\/","title":{"rendered":"HydroPeptide Vital Eyes"},"content":{"rendered":"<p>St\u00f6ren Sie erschlaffte Oberlider und Mimikf\u00e4ltchen? Dann empfehlen wir Ihnen HydroPeptide Vital Eyes mit dem Rollerball! Mit Vital Eyes, unserem leichten, konzentrierten Augenserum, werden m\u00fcde Augenpartien sofort wieder munter. Eine Multifunktionale Rezeptur mit Antioxidantien und Peptiden, die das Erscheinungsbild von feinen Linien, F\u00e4ltchen, Schwellungen und Verf\u00e4rbungen bek\u00e4mpfen, ohne die Haut zu reizen. Das leichte Serum gleitet mit einem k\u00fchlenden Rollerball m\u00fchelos auf die Haut. Das Serum zieht schnell ein und eignet sich daher f\u00fcr die Anwendung unter dem Make-up oder f\u00fcr ein strahlendes Aussehen ohne Make-up. Unser Tip: Es kann sowohl tags\u00fcber als auch nachts verwendet werden, und auch w\u00e4hrend des Tages, sogar \u00fcber dem Make-up. Wenn Sie Eye Authority \u00fcber Vital Eyes auftragen, wird das Ergebnis noch verst\u00e4rkt.<\/p>\n<p>Hier handelt es sich um eine hautschonende Retinol Alternative namens &#8222;Bakuchiol&#8220; welche in der Pflanze Psoralea coryfolia vorkommt. Dieser Extrakt sorgt f\u00fcr eine Retinol-\u00e4hnliche Wirkung bei der Regulierung der Genexpression ohne empfindlichste Haut zu reizen.<\/p>\n<p>Dieses feuchtigkeitsspendende Augenserum mindert mit der Zeit das Erscheinungsbild von Schwellungen, feinen Linien und F\u00e4ltchen.<\/p>\n<p>Mit der sanften Retinol Alternative Bakuchiol wird das Erscheinungsbild von feinen Linien, F\u00e4ltchen um die Augenpartie reduziert. Der k\u00fchlende Rollerball massiert sanft mit entz\u00fcndungshemmendem Koffein, und entstaut f\u00fcr ein glatteres und strahlenderes Aussehen.<\/p>\n<p>Geeignet f\u00fcr alle Hauttypen, insbesondere bei Augenringen, Hyperpigmentierungen, Schwellungen, Kr\u00e4henf\u00fcsschen, feinen Linien und F\u00e4ltchen um die Augenpartie.<\/p>\n<p><strong>Inhaltsstoffe<\/strong><br \/>\n<em>Wasser, Glycerin, Pentylene Glycol, Polyglyceryl-6 Distearate, Bellis Perennis (Daisy) Flower Extract, Ethyl Macadamiate, Jojoba Esters, 1,2-Hexanediol, Diethylhexyl Carbonate, Sodium Stearoyl Glutamate, Hieracium Pilosella (Hawkweed) Extract, Bakuchiol, Hydroxyacetophenon, Ammonium Acryloyldimethyltaurate\/VP Copolymer, Leontopodium Alpinium Callus Culture Extract, Propanediol, Cetylalkohol, Polyglyceryl-3 Bienenwachs, Koffein, Xanthan Gum, Acrylate \/ C10-30 Alkyl Acrylate Crosspolymer, Dipotassium Glycyrrhizate, Sclareolide, Tetrahexyldecyl Ascorbate,Tocopherol, Tetrasodium Glutamate Diacetate, Tephrosia Purpurea Seed Extract, Vitis Vinifera (Grape) Seed Extract, Cucumis Sativus (Cucumber) Fruit Extract, Pentapeptide-18, Acetyl Hexapeptide-8<\/em><\/p>\n","protected":false},"excerpt":{"rendered":"<p>St\u00f6ren Sie erschlaffte Oberlider und Mimikf\u00e4ltchen? Dann empfehlen wir Ihnen HydroPeptide Vital Eyes mit dem Rollerball! Mit Vital Eyes, unserem<\/p>\n","protected":false},"featured_media":10836,"template":"","meta":[],"product_brand":[],"product_cat":[63,69],"product_tag":[],"class_list":{"0":"post-10834","1":"product","2":"type-product","3":"status-publish","4":"has-post-thumbnail","6":"product_cat-gesichtspflege","7":"product_cat-augenpflege","9":"first","10":"instock","11":"taxable","12":"shipping-taxable","13":"purchasable","14":"product-type-simple"},"_links":{"self":[{"href":"https:\/\/shop.chiquebuer.de\/beaute\/wp-json\/wp\/v2\/product\/10834","targetHints":{"allow":["GET"]}}],"collection":[{"href":"https:\/\/shop.chiquebuer.de\/beaute\/wp-json\/wp\/v2\/product"}],"about":[{"href":"https:\/\/shop.chiquebuer.de\/beaute\/wp-json\/wp\/v2\/types\/product"}],"version-history":[{"count":0,"href":"https:\/\/shop.chiquebuer.de\/beaute\/wp-json\/wp\/v2\/product\/10834\/revisions"}],"wp:featuredmedia":[{"embeddable":true,"href":"https:\/\/shop.chiquebuer.de\/beaute\/wp-json\/wp\/v2\/media\/10836"}],"wp:attachment":[{"href":"https:\/\/shop.chiquebuer.de\/beaute\/wp-json\/wp\/v2\/media?parent=10834"}],"wp:term":[{"taxonomy":"product_brand","embeddable":true,"href":"https:\/\/shop.chiquebuer.de\/beaute\/wp-json\/wp\/v2\/product_brand?post=10834"},{"taxonomy":"product_cat","embeddable":true,"href":"https:\/\/shop.chiquebuer.de\/beaute\/wp-json\/wp\/v2\/product_cat?post=10834"},{"taxonomy":"product_tag","embeddable":true,"href":"https:\/\/shop.chiquebuer.de\/beaute\/wp-json\/wp\/v2\/product_tag?post=10834"}],"curies":[{"name":"wp","href":"https:\/\/api.w.org\/{rel}","templated":true}]}}