{"id":10830,"date":"2023-04-09T11:54:10","date_gmt":"2023-04-09T09:54:10","guid":{"rendered":"https:\/\/shop.chiquebuer.de\/beaute\/?post_type=product&#038;p=10830"},"modified":"2023-04-10T13:29:22","modified_gmt":"2023-04-10T11:29:22","slug":"hydropeptide-firma-bright","status":"publish","type":"product","link":"https:\/\/shop.chiquebuer.de\/beaute\/kaufen\/gesichtspflege\/serum\/hydropeptide-firma-bright\/","title":{"rendered":"HydroPeptide Firma-Bright"},"content":{"rendered":"<p>Dieser hochwirksame Vitamin-C-Booster enth\u00e4lt Antioxidantien, die freie Radikale bek\u00e4mpfen, und Peptide, die die Ausstrahlung verbessern, um Ihre Haut zu sch\u00fctzen und das Erscheinungsbild von Pigmentationen, Mattigkeit, feinen Linien und F\u00e4ltchen zu verbessern.<\/p>\n<p>Dieser Vitamin-C-Booster wurde entwickelt, um die Haut von aussen sichtbar zu verj\u00fcngen, ohne dass Sie irgendeinen Schritt in Ihrer Routine \u00e4ndern m\u00fcssen.<br \/>\nDie bew\u00e4hrten Vorteile eines topischen Antioxidans wie Vitamin C &#8211; einer der Goldstandards der Dermatologie &#8211; k\u00f6nnen Sie ganz einfach durch die Zugabe von 3-4 Tropfen zu Ihrem Serum oder Ihrer Feuchtigkeitscreme nutzen. Mit einem Gehalt von 20 % geht Firma-Bright \u00fcber den antioxidativen Schutz und die Aufhellung der Haut hinaus und verhilft ihr zu einem festeren und strafferen Aussehen. Diese stabilisierte Form von Vitamin C, Sodium Ascorbyl Phosphate, wird durch hautaufhellende und -regenerierende Peptide unterst\u00fctzt. Das Ergebnis? Ein sichtbar ges\u00fcnderes und jugendlicheres Aussehen. Firma-Bright enth\u00e4lt ausserdem licht- und hitzestabiles Niacinamid zum Schutz vor Sch\u00e4den durch freie Radikale.<\/p>\n<p>F\u00fcr alle Hauttypen geeignet, insbesondere f\u00fcr pigmentierte, sonnengesch\u00e4digte, matte, zu R\u00f6tungen neigende und reifere Haut.<\/p>\n<p><strong>Inhaltsstoffe<\/strong><br \/>\n<em>Wasser, Sodium Ascorbyl Phosphate, Pentylene Glycol, Glycerin, Niacinamide, Propanediol, Carrageenan, Erythritol, Sodium PCA, Xanthan Gum, 1,2-Hexanediol, Hydroxyacetophenone, Acetyl Hexapeptide-8, Caprylyl Glycol, Disodium Phosphate, Sodium Phosphate, Sodium Hyaluronate, Anogeissus Leiocarpus Bark Extract, Sodium Phytate, Hydrangea Arborescens Root Extract, Morus Alba Root Extract, Polysorbate 20, Resveratrol, Scutellaria Lateriflora Extract, Pentapeptide-21, Avena Sativa (Hafer) Kernel Extract<\/em><\/p>\n","protected":false},"excerpt":{"rendered":"<p>Dieser hochwirksame Vitamin-C-Booster enth\u00e4lt Antioxidantien, die freie Radikale bek\u00e4mpfen, und Peptide, die die Ausstrahlung verbessern, um Ihre Haut zu sch\u00fctzen<\/p>\n","protected":false},"featured_media":10832,"template":"","meta":[],"product_brand":[],"product_cat":[63,70],"product_tag":[],"class_list":{"0":"post-10830","1":"product","2":"type-product","3":"status-publish","4":"has-post-thumbnail","6":"product_cat-gesichtspflege","7":"product_cat-serum","9":"first","10":"instock","11":"taxable","12":"shipping-taxable","13":"purchasable","14":"product-type-simple"},"_links":{"self":[{"href":"https:\/\/shop.chiquebuer.de\/beaute\/wp-json\/wp\/v2\/product\/10830","targetHints":{"allow":["GET"]}}],"collection":[{"href":"https:\/\/shop.chiquebuer.de\/beaute\/wp-json\/wp\/v2\/product"}],"about":[{"href":"https:\/\/shop.chiquebuer.de\/beaute\/wp-json\/wp\/v2\/types\/product"}],"version-history":[{"count":0,"href":"https:\/\/shop.chiquebuer.de\/beaute\/wp-json\/wp\/v2\/product\/10830\/revisions"}],"wp:featuredmedia":[{"embeddable":true,"href":"https:\/\/shop.chiquebuer.de\/beaute\/wp-json\/wp\/v2\/media\/10832"}],"wp:attachment":[{"href":"https:\/\/shop.chiquebuer.de\/beaute\/wp-json\/wp\/v2\/media?parent=10830"}],"wp:term":[{"taxonomy":"product_brand","embeddable":true,"href":"https:\/\/shop.chiquebuer.de\/beaute\/wp-json\/wp\/v2\/product_brand?post=10830"},{"taxonomy":"product_cat","embeddable":true,"href":"https:\/\/shop.chiquebuer.de\/beaute\/wp-json\/wp\/v2\/product_cat?post=10830"},{"taxonomy":"product_tag","embeddable":true,"href":"https:\/\/shop.chiquebuer.de\/beaute\/wp-json\/wp\/v2\/product_tag?post=10830"}],"curies":[{"name":"wp","href":"https:\/\/api.w.org\/{rel}","templated":true}]}}