{"id":10826,"date":"2023-04-09T11:48:51","date_gmt":"2023-04-09T09:48:51","guid":{"rendered":"https:\/\/shop.chiquebuer.de\/beaute\/?post_type=product&#038;p=10826"},"modified":"2023-04-10T13:30:02","modified_gmt":"2023-04-10T11:30:02","slug":"hydropeptide-power-lift","status":"publish","type":"product","link":"https:\/\/shop.chiquebuer.de\/beaute\/kaufen\/gesichtspflege\/tagespflege\/hydropeptide-power-lift\/","title":{"rendered":"HydroPeptide Power Lift"},"content":{"rendered":"<p>Diese reichhaltige, geschmeidige und mit n\u00e4hrenden Inhaltsstoffen vollgepackte Formulierung verschmilzt mit der Haut. Sie f\u00f6rdert ein festeres und pralleres Aussehen, st\u00e4rkt empfindliche Haut und spendet intensiv Feuchtigkeit.<\/p>\n<p>Diese samtige Feuchtigkeitscreme ist vollgepackt mit n\u00e4hrenden Inhaltsstoffen und stellt die Geschmeidigkeit und Elastizit\u00e4t der Haut wieder her.<br \/>\nDiese innovative Formel st\u00e4rkt die empfindliche Haut, sch\u00fctzt vor freien Radikalen und f\u00f6rdert eine gesunde Hautfunktion. Botox-\u00e4hnliche Peptide wirken auf zellul\u00e4rer Ebene, um die faltenverursachenden Muskelkontraktionen zu reduzieren, w\u00e4hrend der Idealift-Peptidkomplex f\u00fcr ein strafferes und pralleres Aussehen sorgt. Hyalurons\u00e4ure spendet intensiv Feuchtigkeit, w\u00e4hrend Ananas-Ceramide und Sheabutter die Feuchtigkeit einschlie\u00dfen. Das Ergebnis ist eine reichhaltige, geschmeidige Formel, die mit der Haut verschmilzt und f\u00fcr eine pralle, geschmeidige und strahlende Haut mit einem taufrischen Finish sorgt.<\/p>\n<p>Geeignet f\u00fcr alle Hauttypen, insbesondere f\u00fcr trockene und reife Haut.<\/p>\n<p><strong>Inhaltsstoffe<\/strong><br \/>\n<em>Wasser, Butylene Glycol, Silybum Marianum Ethyl Ester, Glycerin, Caprylic\/Capric Triglyceride, Cetearyl Alcohol, Echinacea Purpurea Extract, Behenyl Alcohol, Butyrospermum Parkii (Shea) Butter, Caprylic\/Capric Triglyceride, Dipeptide Diaminobutyroyl Benzylamide Diacetate, Isononyl Isononanoate, Arachidyl Alcohol, Ethylhexyl Isononanoate, Oryza Sativa (Rice) Bran, Leuconostoc\/Radish Root Ferment Filtrate, Panthenol, Tetrahydroxypropyl Ethylenediamine, Caprylyl Glycol, 1,2-Hexanediol, Arachidyl Glucoside, Fragrance (Parfum), Menthoxypropanediol, Hydroxyethyl Acrylate\/Sodium Acryloyldimethyl Taurate Copolymer, Acrylates\/C10-30 Alkyl Acrylate Crosspolymer, Tocopheryl Acetate, Xanthan Gum, Cetearyl Glucoside, Sorbitan Laurate, Squalane, Cyclodextrin, Tetrahexyldecyl Ascorbate, Buddleja Davidii Extract, Disodium EDTA, O-Cymen-5-Ol, Sodium Hyaluronate, Polysorbate 60, Ananas Sativus (Pineapple) Fruit Extract, Hydroxyethylcellulose, Acetyl Dipeptide-1 Cetyl Ester, Sodium Benzoate, Citric Acid, Potassium Sorbate, Glycyrrhiza Glabra (Licorice) Root Extract, Pyridoxine Tris-Hexyldecanoate, Arbutin, Magnesium Ascorbyl Phosphate, Tropolone, Myristoyl Tripeptide-31, Phenoxyethanol, Sodium Metabisulfite, Hexapeptide-10, Diacetyl Boldine<\/em><\/p>\n","protected":false},"excerpt":{"rendered":"<p>Diese reichhaltige, geschmeidige und mit n\u00e4hrenden Inhaltsstoffen vollgepackte Formulierung verschmilzt mit der Haut. Sie f\u00f6rdert ein festeres und pralleres Aussehen,<\/p>\n","protected":false},"featured_media":10828,"template":"","meta":[],"product_brand":[],"product_cat":[63,67],"product_tag":[],"class_list":{"0":"post-10826","1":"product","2":"type-product","3":"status-publish","4":"has-post-thumbnail","6":"product_cat-gesichtspflege","7":"product_cat-tagespflege","9":"first","10":"instock","11":"taxable","12":"shipping-taxable","13":"purchasable","14":"product-type-simple"},"_links":{"self":[{"href":"https:\/\/shop.chiquebuer.de\/beaute\/wp-json\/wp\/v2\/product\/10826","targetHints":{"allow":["GET"]}}],"collection":[{"href":"https:\/\/shop.chiquebuer.de\/beaute\/wp-json\/wp\/v2\/product"}],"about":[{"href":"https:\/\/shop.chiquebuer.de\/beaute\/wp-json\/wp\/v2\/types\/product"}],"version-history":[{"count":0,"href":"https:\/\/shop.chiquebuer.de\/beaute\/wp-json\/wp\/v2\/product\/10826\/revisions"}],"wp:featuredmedia":[{"embeddable":true,"href":"https:\/\/shop.chiquebuer.de\/beaute\/wp-json\/wp\/v2\/media\/10828"}],"wp:attachment":[{"href":"https:\/\/shop.chiquebuer.de\/beaute\/wp-json\/wp\/v2\/media?parent=10826"}],"wp:term":[{"taxonomy":"product_brand","embeddable":true,"href":"https:\/\/shop.chiquebuer.de\/beaute\/wp-json\/wp\/v2\/product_brand?post=10826"},{"taxonomy":"product_cat","embeddable":true,"href":"https:\/\/shop.chiquebuer.de\/beaute\/wp-json\/wp\/v2\/product_cat?post=10826"},{"taxonomy":"product_tag","embeddable":true,"href":"https:\/\/shop.chiquebuer.de\/beaute\/wp-json\/wp\/v2\/product_tag?post=10826"}],"curies":[{"name":"wp","href":"https:\/\/api.w.org\/{rel}","templated":true}]}}