{"id":10821,"date":"2023-04-09T11:44:53","date_gmt":"2023-04-09T09:44:53","guid":{"rendered":"https:\/\/shop.chiquebuer.de\/beaute\/?post_type=product&#038;p=10821"},"modified":"2023-04-10T13:30:27","modified_gmt":"2023-04-10T11:30:27","slug":"hydropeptide-face-lift","status":"publish","type":"product","link":"https:\/\/shop.chiquebuer.de\/beaute\/kaufen\/gesichtspflege\/tagespflege\/hydropeptide-face-lift\/","title":{"rendered":"HydroPeptide Face Lift"},"content":{"rendered":"<p>Diese ultra-leichte Powerpflege st\u00e4rkt durch Ihre Rezeptur die Abwehrkr\u00e4fte der Haut, sch\u00fctzt Sie vor umweltbedingter Hautalterung, reduziert Altersflecken, verbessert die Festigkeit der Haut und l\u00e4sst sie strahlen.<\/p>\n<p>Face Lift verwendet einen leistungsstarken L22-Lipidkomplex, um die altersvorbeugenden Abwehrkr\u00e4fte Ihrer Haut auf das Niveau zu erh\u00f6hen, das sie hatten, als Ihre Haut in ihrer Bl\u00fctezeit war.<br \/>\nDas in der Formel enthaltene Perfection Peptide f\u00f6rdert die nat\u00fcrlichen antioxidativen Enzyme des K\u00f6rpers und st\u00e4rkt die nat\u00fcrlichen Abwehrkr\u00e4fte der Haut gegen sch\u00e4dliche freie Radikale. Hyalurons\u00e4ure und Jojoba\u00f6l wirken als Feuchthaltemittel, indem sie die Haut mit Feuchtigkeit versorgen und ihre Lipidbarriere verbessern. Botanische Stammzellen, die aus der mehrj\u00e4hrigen Pflanze &#8222;Duftender Stern&#8220; gewonnen werden, sch\u00fctzen vor der Umweltverschmutzung in der Stadt. Diese schnell einziehende Gesichtscreme wird Ihre Lieblingscreme sein, die Sie t\u00e4glich sch\u00fctzt, ausgleicht und mit Feuchtigkeit versorgt.<\/p>\n<p>F\u00fcr alle Hauttypen geeignet, insbesondere f\u00fcr normale bis \u00f6lige und reife Haut, die Umweltbelastungen ausgesetzt ist.<\/p>\n<p><strong>Inhaltsstoffe<\/strong><br \/>\n<em>Wasser, Diethylhexyl Carbonate, Glycerin, Behenyl Alcohol, Dimethicone, Isopentyldiol, Lactococcus Ferment Lysate, Polyglyceryl-10 Pentastearate, Squalane, Pentylene Glycol, Simmondsia Chinensis (Jojoba) Seed Oil, Cetearyl Alcohol, Olea Europaea (Olive) Fruit Unsaponifiables, Jojoba Oil\/Macadamia Seed Oil Esters, Sodium Stearoyl Lactylate, Caprylyl Glycol, Ammonium Acryloyldimethyltaurate\/VP Copolymer, Hydroxyacetophenon, Caprylic\/Capric Triglyceride, Phenylpropanol, Propanediol, Butyrospermum Parkii (Shea) Butter, 1,2-Hexandiol, Sodium Methyl Stearoyl Taurate, Squalene, Cyamopsis Tetragonoloba (Guar) Gum, Tetrahexyldecyl Ascorbate, Xanthan Gum, Solanum Lycopersicum (Tomato) Fruit Extract, Simmondsia Chinensis (Jojoba) Leaf Extract, Sodium Hyaluronate, Sodium Phytate, Hydrogenated Lecithin, Lavandula Angustifolia (Lavender) Flower\/Leaf\/Stem Extract, Asteriscus Graveolens Flower\/Fruit\/Leaf\/Stem Extract, Phytosteryl Macadamiate, Camellia Sinensis Leaf Extract (Green Tea\/Black Tea Extracts), Glycine Soja (Soybean) Oil, Carrageenan, Cucumis Melo Cantalupensis Fruit Extract, Cucumis Sativus (Gurke) Fruit Extract, Elettaria Cardamomum Seed Extract, Phytosterole, Pyrus Malus (Apfel) Fruit Extract, Rose Extract, Rosmarinus Officinalis (Rosmarin) Leaf Extract, Rubus Idaeus (Himbeere) Fruit Extract, Salvia Officinalis (Salbei) Leaf Extract, Santalum Album (Sandelholz) Wood Extract, Tocopherol, Sea Salt, Acetyl sh-Heptapeptide-1<\/em><\/p>\n","protected":false},"excerpt":{"rendered":"<p>Diese ultra-leichte Powerpflege st\u00e4rkt durch Ihre Rezeptur die Abwehrkr\u00e4fte der Haut, sch\u00fctzt Sie vor umweltbedingter Hautalterung, reduziert Altersflecken, verbessert die<\/p>\n","protected":false},"featured_media":10823,"template":"","meta":[],"product_brand":[],"product_cat":[63,67],"product_tag":[],"class_list":{"0":"post-10821","1":"product","2":"type-product","3":"status-publish","4":"has-post-thumbnail","6":"product_cat-gesichtspflege","7":"product_cat-tagespflege","9":"first","10":"instock","11":"taxable","12":"shipping-taxable","13":"purchasable","14":"product-type-simple"},"_links":{"self":[{"href":"https:\/\/shop.chiquebuer.de\/beaute\/wp-json\/wp\/v2\/product\/10821","targetHints":{"allow":["GET"]}}],"collection":[{"href":"https:\/\/shop.chiquebuer.de\/beaute\/wp-json\/wp\/v2\/product"}],"about":[{"href":"https:\/\/shop.chiquebuer.de\/beaute\/wp-json\/wp\/v2\/types\/product"}],"version-history":[{"count":0,"href":"https:\/\/shop.chiquebuer.de\/beaute\/wp-json\/wp\/v2\/product\/10821\/revisions"}],"wp:featuredmedia":[{"embeddable":true,"href":"https:\/\/shop.chiquebuer.de\/beaute\/wp-json\/wp\/v2\/media\/10823"}],"wp:attachment":[{"href":"https:\/\/shop.chiquebuer.de\/beaute\/wp-json\/wp\/v2\/media?parent=10821"}],"wp:term":[{"taxonomy":"product_brand","embeddable":true,"href":"https:\/\/shop.chiquebuer.de\/beaute\/wp-json\/wp\/v2\/product_brand?post=10821"},{"taxonomy":"product_cat","embeddable":true,"href":"https:\/\/shop.chiquebuer.de\/beaute\/wp-json\/wp\/v2\/product_cat?post=10821"},{"taxonomy":"product_tag","embeddable":true,"href":"https:\/\/shop.chiquebuer.de\/beaute\/wp-json\/wp\/v2\/product_tag?post=10821"}],"curies":[{"name":"wp","href":"https:\/\/api.w.org\/{rel}","templated":true}]}}