{"id":10813,"date":"2023-04-09T11:34:51","date_gmt":"2023-04-09T09:34:51","guid":{"rendered":"https:\/\/shop.chiquebuer.de\/beaute\/?post_type=product&#038;p=10813"},"modified":"2023-04-10T13:32:37","modified_gmt":"2023-04-10T11:32:37","slug":"hydropeptide-eye-authority","status":"publish","type":"product","link":"https:\/\/shop.chiquebuer.de\/beaute\/kaufen\/gesichtspflege\/augenpflege\/hydropeptide-eye-authority\/","title":{"rendered":"HydroPeptide Eye Authority"},"content":{"rendered":"<p>Diese multifunktionale Augencreme mit Perlenextrakten verbessert die Spannkraft und Festigkeit der Augenpartie. Ein Peptidkomplex hellt dunkle Augenringe auf und minimiert gleichzeitig das Erscheinungsbild von Mimikf\u00e4ltchen und Schwellungen.<\/p>\n<p>Diese luxuri\u00f6se Augencreme nutzt die kombinierte Kraft von Planktonextrakt (Mikroalgenextrakt) und Perlenextrakt, um die m\u00fcde aussehende Augenpartie aufzuhellen und ihr neue Leuchtkraft zu verleihen.<br \/>\nDie sanfte, feuchtigkeitsspendende Formulierung verwendet multifunktionale, straffende und aufhellende Peptide, die unter die Hautoberfl\u00e4che gehen, um sichtbare Augenringe und Tr\u00e4nens\u00e4cke zu verbessern. Bei t\u00e4glicher Anwendung werden Mimikf\u00e4ltchen und Schwellungen mit der Zeit gemildert.<\/p>\n<p>F\u00fcr alle Hauttypen geeignet, insbesondere f\u00fcr diejenigen mit dunklen Augenringen, Schwellungen und ausgepr\u00e4gten Mimikf\u00e4ltchen (Kr\u00e4henf\u00fcsschen) um die Augenpartie.<\/p>\n<p><strong>Inhaltsstoffe<\/strong><br \/>\n<em>Wasser, Glycerin, Isopentyldiol, Pentylene Glycol, Simmondsia Chinensis (Jojoba) Leaf Extract, Sorbitan Stearate, Hydroxyethyl Acrylate\/Sodium Acryloyldimethyl Taurate Copolymer, Mica, Squalane, C13-15 Alkane, Diethylhexyl Carbonate, Pearl Powder, Albizia Julibrissin Bark Extract, Saccharomyces Lysate Extract, Sclerotium Gum, Hydroxyacetophenone, Olea Europaea (Olive) Fruit Unsaponifiables, Whey Protein, Caprylyl Glycol, Phenylpropanol, Propandiol, Tetrahexyldecyl Ascorbate, Polysorbate 60, Sucrose Cocoate, Titanium Dioxide, Bismuth Oxychloride, Stearyl Glycyrrhetinate, Steareth-20, Sodium Hyaluronate, Tetranatriumglutamat-Diacetat, Plankton-Extrakt, Hydroxypropyl-Cyclodextrin, Lecithin, Palmitoyl-Tripeptid-38, N-Hydroxysuccinimid, Darutosid, Tocopherol, Chrysin, Palmitoyl-Oligopeptid, Palmitoyl-Tetrapeptid-7<\/em><\/p>\n","protected":false},"excerpt":{"rendered":"<p>Diese multifunktionale Augencreme mit Perlenextrakten verbessert die Spannkraft und Festigkeit der Augenpartie. Ein Peptidkomplex hellt dunkle Augenringe auf und minimiert<\/p>\n","protected":false},"featured_media":10815,"template":"","meta":[],"product_brand":[],"product_cat":[63,69],"product_tag":[],"class_list":{"0":"post-10813","1":"product","2":"type-product","3":"status-publish","4":"has-post-thumbnail","6":"product_cat-gesichtspflege","7":"product_cat-augenpflege","9":"first","10":"instock","11":"taxable","12":"shipping-taxable","13":"purchasable","14":"product-type-simple"},"_links":{"self":[{"href":"https:\/\/shop.chiquebuer.de\/beaute\/wp-json\/wp\/v2\/product\/10813","targetHints":{"allow":["GET"]}}],"collection":[{"href":"https:\/\/shop.chiquebuer.de\/beaute\/wp-json\/wp\/v2\/product"}],"about":[{"href":"https:\/\/shop.chiquebuer.de\/beaute\/wp-json\/wp\/v2\/types\/product"}],"version-history":[{"count":0,"href":"https:\/\/shop.chiquebuer.de\/beaute\/wp-json\/wp\/v2\/product\/10813\/revisions"}],"wp:featuredmedia":[{"embeddable":true,"href":"https:\/\/shop.chiquebuer.de\/beaute\/wp-json\/wp\/v2\/media\/10815"}],"wp:attachment":[{"href":"https:\/\/shop.chiquebuer.de\/beaute\/wp-json\/wp\/v2\/media?parent=10813"}],"wp:term":[{"taxonomy":"product_brand","embeddable":true,"href":"https:\/\/shop.chiquebuer.de\/beaute\/wp-json\/wp\/v2\/product_brand?post=10813"},{"taxonomy":"product_cat","embeddable":true,"href":"https:\/\/shop.chiquebuer.de\/beaute\/wp-json\/wp\/v2\/product_cat?post=10813"},{"taxonomy":"product_tag","embeddable":true,"href":"https:\/\/shop.chiquebuer.de\/beaute\/wp-json\/wp\/v2\/product_tag?post=10813"}],"curies":[{"name":"wp","href":"https:\/\/api.w.org\/{rel}","templated":true}]}}