{"id":10808,"date":"2023-04-09T11:22:54","date_gmt":"2023-04-09T09:22:54","guid":{"rendered":"https:\/\/shop.chiquebuer.de\/beaute\/?post_type=product&#038;p=10808"},"modified":"2023-04-10T13:33:10","modified_gmt":"2023-04-10T11:33:10","slug":"hydropeptide-exfoliating-cleanser","status":"publish","type":"product","link":"https:\/\/shop.chiquebuer.de\/beaute\/kaufen\/gesichtspflege\/reinigung\/hydropeptide-exfoliating-cleanser\/","title":{"rendered":"HydroPeptide Exfoliating Cleanser"},"content":{"rendered":"<p>Diese 3in1 Anti-Aging-Reinigung entfernt gr\u00fcndlich Make-up und Hautunreinheiten, befreit von Umweltverschmutzungen und peelt die Haut sanft mit n\u00e4hrenden Jojobaperlen, welche botanisch gewonnen und biologisch abbaubar sind. Ein Meeresextrakt spendet sofort lang anhaltende Feuchtigkeit und die Haut wirkt verj\u00fcngt Dank kollagenverst\u00e4rkendem und faltenreduzierenden Peptid-Komplex mit Dreifachwirkung.<\/p>\n<p>Dieser Anti-Aging-Reiniger enth\u00e4lt botanisch gewonnene, umweltfreundliche und biologisch abbaubare Jojoba-Perlen, die f\u00fcr ein sanftes physikalisches Peeling sorgen.<\/p>\n<p>Ein sch\u00e4umendes Peptid aus biologischem Anbau erzeugt einen feuchtigkeitsreichen Schaum, der Ihre Haut weich und sauber hinterl\u00e4sst, ohne ihr gesunde \u00d6le zu entziehen. Faltengl\u00e4ttende und kollagenf\u00f6rdernde Peptide liefern die Bausteine f\u00fcr die Kollagenproduktion und entspannen die Muskelkontraktionen, die feine Linien und Falten verursachen k\u00f6nnen. Eine pflanzliche Antioxidantienmischung aus japanischem Gr\u00fcntee, Kamille, Ginseng und Rosmarinextrakten bietet eine reichhaltige Quelle an Antioxidantien, die die Haut n\u00e4hren und vor Sch\u00e4den durch freie Radikale sch\u00fctzen. Ihre Haut sieht nach jeder Anwendung glatter, ebenm\u00e4ssiger und strahlender aus.<\/p>\n<p>F\u00fcr alle Hauttypen geeignet, insbesondere f\u00fcr raue, fahle, pigmentierte und reife Haut.<\/p>\n<p><strong>Inhaltsstoffe<\/strong><br \/>\n<em>Wasser, Cocamidopropylhydroxysultain, Sodium C14-16 Olefin Sulfonate, Decyl Glucoside, Cetyl Alcohol, Glyceryl Stearate, Jojoba Esters, Glycerin, C12-C15 Alkyl Benzoate, Coco-Glucoside, Glyceryl Oleate, Glycolic Acid, Leuconostoc\/Radish Root Ferment Filtrate, Pseudoalteromonas Expolysaccharide, Zitronens\u00e4ure, Arginin\/Lysin Polypeptid, Acetyl Hexapeptid-30, Arginin\/Lysin Polypeptid, Caprylyl Glycol, Natrium Cocoyl Hydrolyzed Amaranth Protein, Citrus Aurantium (Orange) Dulcis Peel Oil, Citrus Nobilis, Camellia Oleifera (Green Tea) Leaf Extract, Chamomilla Recutita (Matricaria) Flower Extract, Hydrolyzed Soy Protein, Panax Ginseng (Ginseng) Root Extract, Rosmarinus Officinalis (Rosemary) Leaf Extract, Xanthan Gum, Caprylic\/Capric Triglyceride, Cymbopogon Schoenanthus Extract, Citrus Limon (Lemon) Peel Extract, Citrus Aurantium Dulcis (Orange) Peel Extract, Glyceryl Caprylate, Glyceryl Undecylenate, Sodium PCA, Sorbic Acid, Sodium Salicylate, Disodium EDTA, Limonene<\/em><\/p>\n","protected":false},"excerpt":{"rendered":"<p>Diese 3in1 Anti-Aging-Reinigung entfernt gr\u00fcndlich Make-up und Hautunreinheiten, befreit von Umweltverschmutzungen und peelt die Haut sanft mit n\u00e4hrenden Jojobaperlen, welche<\/p>\n","protected":false},"featured_media":10793,"template":"","meta":[],"product_brand":[],"product_cat":[63,65],"product_tag":[],"class_list":{"0":"post-10808","1":"product","2":"type-product","3":"status-publish","4":"has-post-thumbnail","6":"product_cat-gesichtspflege","7":"product_cat-reinigung","9":"first","10":"instock","11":"taxable","12":"shipping-taxable","13":"purchasable","14":"product-type-simple"},"_links":{"self":[{"href":"https:\/\/shop.chiquebuer.de\/beaute\/wp-json\/wp\/v2\/product\/10808","targetHints":{"allow":["GET"]}}],"collection":[{"href":"https:\/\/shop.chiquebuer.de\/beaute\/wp-json\/wp\/v2\/product"}],"about":[{"href":"https:\/\/shop.chiquebuer.de\/beaute\/wp-json\/wp\/v2\/types\/product"}],"version-history":[{"count":0,"href":"https:\/\/shop.chiquebuer.de\/beaute\/wp-json\/wp\/v2\/product\/10808\/revisions"}],"wp:featuredmedia":[{"embeddable":true,"href":"https:\/\/shop.chiquebuer.de\/beaute\/wp-json\/wp\/v2\/media\/10793"}],"wp:attachment":[{"href":"https:\/\/shop.chiquebuer.de\/beaute\/wp-json\/wp\/v2\/media?parent=10808"}],"wp:term":[{"taxonomy":"product_brand","embeddable":true,"href":"https:\/\/shop.chiquebuer.de\/beaute\/wp-json\/wp\/v2\/product_brand?post=10808"},{"taxonomy":"product_cat","embeddable":true,"href":"https:\/\/shop.chiquebuer.de\/beaute\/wp-json\/wp\/v2\/product_cat?post=10808"},{"taxonomy":"product_tag","embeddable":true,"href":"https:\/\/shop.chiquebuer.de\/beaute\/wp-json\/wp\/v2\/product_tag?post=10808"}],"curies":[{"name":"wp","href":"https:\/\/api.w.org\/{rel}","templated":true}]}}