{"id":10804,"date":"2023-04-09T11:18:30","date_gmt":"2023-04-09T09:18:30","guid":{"rendered":"https:\/\/shop.chiquebuer.de\/beaute\/?post_type=product&#038;p=10804"},"modified":"2023-04-10T13:33:34","modified_gmt":"2023-04-10T11:33:34","slug":"hydropeptide-hydrostem","status":"publish","type":"product","link":"https:\/\/shop.chiquebuer.de\/beaute\/kaufen\/gesichtspflege\/serum\/hydropeptide-hydrostem\/","title":{"rendered":"HydroPeptide HydroStem"},"content":{"rendered":"<p>Diese leistungsstarke Anti-Age Serum vereint verj\u00fcngende Peptide mit Pflanzenextrakten, die vor UV- und Umweltsch\u00e4den sch\u00fctzen. Antioxidantienreiche, botanische Stammzellen n\u00e4hren die Hautzellen und verbessern die Ausstrahlung und Leuchtkraft der Haut f\u00fcr eine strahlendere, sichtbar gestraffte Haut.<\/p>\n<p>Das HydroStem-Serum ist so konzipiert, dass es auf der Zellebene der Haut wirkt, um die Abwehrkr\u00e4fte aufzubauen und die DNA zu unterst\u00fctzen.<\/p>\n<p>HydroStem verwendet epigenetische Inhaltsstoffe wie das Perfection Peptide, ein ultra-pflegendes Peptid, das die Wirkung von Antioxidantien verst\u00e4rkt und der Haut hilft, ihren eigenen Antioxidantienschutz zu entwickeln. Dieses Serum spendet Ihrer Haut Feuchtigkeit, verj\u00fcngt sie und repariert sie, w\u00e4hrend es ihre Leuchtkraft sichtbar verbessert und sie vor Umweltbelastungen sch\u00fctzt.<\/p>\n<p>F\u00fcr alle Hauttypen geeignet, insbesondere f\u00fcr stumpfe, m\u00fcde, glanzlose, umweltgestresste und reifere Haut.<\/p>\n<p><strong>Inhaltsstoffe<\/strong><br \/>\n<em>Wasser, Bentonit, Glycerin, hydriertes Rizinus\u00f6l, Propanediol, Cetylalkohol, Glycerylstearat, Kaolin, Stearins\u00e4ure, Peg-100-Stearat, Ricinus Communis (Castor) Seed Oil, Glyceryl Caprylate, Butyrospermum Parkii (Shea) Butter, Menthyl Lactate, Lecithin, Dimethicone, Leuconostoc\/Radieswurzelferment Filtrat, Panthenol, Titanium Dioxide, Caprylyl Glycol, 1,2-Hexanediol, Butylene Glycol, Xanthan Gum, Carrageenan, Vaccinium Myrtillus Fruit Extract, Pseudoalteromonas Ferment Extract, Camellia Sinensis Leaf Extract, Rosmarinus Officinalis (Rosemary) Leaf Extract, Arctostaphylos Uva-Ursi Leaf Extract, Cucumis Sativus (Gurke) Fruchtextrakt, Tocopheryl Acetate, Peg-8, Aminopeptidase, Protease, Saccharum Officinarum (Zuckerrohr) Extrakt, Triethyl Citrate, Zitronens\u00e4ure, Glyceryl Undecylenate, Hydrolysiertes Weizenprotein, Lavandula Angustifolia (Lavendel) Flower\/Leaf\/Stem Extract, Hydrolysiertes Sojaprotein, Acer Saccharum (Zuckerahorn) Extract, Citrus Aurantium Dulcis (Orange) Fruit Extract, Phenoxyethanol, Citrus Medica Limonum (Lemon) Fruit Extract, Citrus Limon (Lemon) Peel Extract, Sodium Hyaluronate, Tetrahexyldecyl Ascorbate, Pyrus Malus (Apple) Fruit Extract, Rubus Idaeus (Raspberry) Fruit Extract, Bupleurum Falcatum Root Extract, Potassium Sorbate, Acetyl Hexapeptide-8, Retinyl Palmitate, Salvia Officinalis (Sage) Leaf Extract, Ubiquinone, Vanilla Planifolia Fruit Extract, Tripeptide-10 Citrulline, Carbomer, Koffein, Coenzym A, Salvia Sclarea (Clary Sage) Extrakt, Vaccinium Macrocarpon (Cranberry) Fruit Extract, Zingiber Officinale (Ginger) Root Extract, Triethanolamine, Tripeptide-1<\/em><\/p>\n","protected":false},"excerpt":{"rendered":"<p>Diese leistungsstarke Anti-Age Serum vereint verj\u00fcngende Peptide mit Pflanzenextrakten, die vor UV- und Umweltsch\u00e4den sch\u00fctzen. Antioxidantienreiche, botanische Stammzellen n\u00e4hren die<\/p>\n","protected":false},"featured_media":10806,"template":"","meta":[],"product_brand":[],"product_cat":[63,70],"product_tag":[],"class_list":{"0":"post-10804","1":"product","2":"type-product","3":"status-publish","4":"has-post-thumbnail","6":"product_cat-gesichtspflege","7":"product_cat-serum","9":"first","10":"instock","11":"taxable","12":"shipping-taxable","13":"purchasable","14":"product-type-simple"},"_links":{"self":[{"href":"https:\/\/shop.chiquebuer.de\/beaute\/wp-json\/wp\/v2\/product\/10804","targetHints":{"allow":["GET"]}}],"collection":[{"href":"https:\/\/shop.chiquebuer.de\/beaute\/wp-json\/wp\/v2\/product"}],"about":[{"href":"https:\/\/shop.chiquebuer.de\/beaute\/wp-json\/wp\/v2\/types\/product"}],"version-history":[{"count":0,"href":"https:\/\/shop.chiquebuer.de\/beaute\/wp-json\/wp\/v2\/product\/10804\/revisions"}],"wp:featuredmedia":[{"embeddable":true,"href":"https:\/\/shop.chiquebuer.de\/beaute\/wp-json\/wp\/v2\/media\/10806"}],"wp:attachment":[{"href":"https:\/\/shop.chiquebuer.de\/beaute\/wp-json\/wp\/v2\/media?parent=10804"}],"wp:term":[{"taxonomy":"product_brand","embeddable":true,"href":"https:\/\/shop.chiquebuer.de\/beaute\/wp-json\/wp\/v2\/product_brand?post=10804"},{"taxonomy":"product_cat","embeddable":true,"href":"https:\/\/shop.chiquebuer.de\/beaute\/wp-json\/wp\/v2\/product_cat?post=10804"},{"taxonomy":"product_tag","embeddable":true,"href":"https:\/\/shop.chiquebuer.de\/beaute\/wp-json\/wp\/v2\/product_tag?post=10804"}],"curies":[{"name":"wp","href":"https:\/\/api.w.org\/{rel}","templated":true}]}}