{"id":10800,"date":"2023-04-09T11:12:41","date_gmt":"2023-04-09T09:12:41","guid":{"rendered":"https:\/\/shop.chiquebuer.de\/beaute\/?post_type=product&#038;p=10800"},"modified":"2023-04-10T13:33:55","modified_gmt":"2023-04-10T11:33:55","slug":"hydropeptide-miracle-mask","status":"publish","type":"product","link":"https:\/\/shop.chiquebuer.de\/beaute\/kaufen\/gesichtspflege\/maske\/hydropeptide-miracle-mask\/","title":{"rendered":"HydroPeptide Miracle Mask"},"content":{"rendered":"<p>Brauchen Sie ein Wunder? Unsere porenverfeinernde &#8222;Miracle Mask&#8220; gl\u00e4ttet, strafft und sorgt f\u00fcr ein ebenm\u00e4ssigeres Hautbild, w\u00e4hrend sie gleichzeitig Unreinheiten reduziert. Diese multifunktionale Maske verwendet reinigende Tonerde, welche nicht nur Unreinheiten beseitigt sondern auch gleichzeitig das Erscheinungsbild von Poren minimiert, w\u00e4hrend leistungsstarke Peptide f\u00fcr ein strafferes Hautbild sorgen.<\/p>\n<p>F\u00fcr alle Hauttypen geeignet (ausser f\u00fcr die sensibelsten), insbesondere f\u00fcr reifere, \u00f6lige und zu Unreinheiten neigende Haut. <strong>Unser Tip:<\/strong> Kann auch zur punktuellen Anwendung (Spot-Treatment) von Hautunreinheiten verwendet werden, muss aber abgewaschen werden!<\/p>\n<p><strong>Inhaltsstoffe<\/strong><br \/>\n<em>Wasser, Bentonit, Glycerin, hydriertes Rizinus\u00f6l, Propanediol, Cetylalkohol, Glycerylstearat, Kaolin, Stearins\u00e4ure, Peg-100-Stearat, Ricinus Communis (Castor) Seed Oil, Glyceryl Caprylate, Butyrospermum Parkii (Shea) Butter, Menthyl Lactate, Lecithin, Dimethicone, Leuconostoc\/Radieswurzelferment Filtrat, Panthenol, Titanium Dioxide, Caprylyl Glycol, 1,2-Hexanediol, Butylene Glycol, Xanthan Gum, Carrageenan, Vaccinium Myrtillus Fruit Extract, Pseudoalteromonas Ferment Extract, Camellia Sinensis Leaf Extract, Rosmarinus Officinalis (Rosemary) Leaf Extract, Arctostaphylos Uva-Ursi Leaf Extract, Cucumis Sativus (Gurke) Fruchtextrakt, Tocopheryl Acetate, Peg-8, Aminopeptidase, Protease, Saccharum Officinarum (Zuckerrohr) Extrakt, Triethyl Citrate, Zitronens\u00e4ure, Glyceryl Undecylenate, Hydrolysiertes Weizenprotein, Lavandula Angustifolia (Lavendel) Flower\/Leaf\/Stem Extract, Hydrolysiertes Sojaprotein, Acer Saccharum (Zuckerahorn) Extract, Citrus Aurantium Dulcis (Orange) Fruit Extract, Phenoxyethanol, Citrus Medica Limonum (Lemon) Fruit Extract, Citrus Limon (Lemon) Peel Extract, Sodium Hyaluronate, Tetrahexyldecyl Ascorbate, Pyrus Malus (Apple) Fruit Extract, Rubus Idaeus (Raspberry) Fruit Extract, Bupleurum Falcatum Root Extract, Potassium Sorbate, Acetyl Hexapeptide-8, Retinyl Palmitate, Salvia Officinalis (Sage) Leaf Extract, Ubiquinone, Vanilla Planifolia Fruit Extract, Tripeptide-10 Citrulline, Carbomer, Koffein, Coenzym A, Salvia Sclarea (Clary Sage) Extrakt, Vaccinium Macrocarpon (Cranberry) Fruit Extract, Zingiber Officinale (Ginger) Root Extract, Triethanolamine, Tripeptide-1<\/em><\/p>\n","protected":false},"excerpt":{"rendered":"<p>Brauchen Sie ein Wunder? Unsere porenverfeinernde &#8222;Miracle Mask&#8220; gl\u00e4ttet, strafft und sorgt f\u00fcr ein ebenm\u00e4ssigeres Hautbild, w\u00e4hrend sie gleichzeitig Unreinheiten<\/p>\n","protected":false},"featured_media":10802,"template":"","meta":[],"product_brand":[],"product_cat":[71,63],"product_tag":[],"class_list":{"0":"post-10800","1":"product","2":"type-product","3":"status-publish","4":"has-post-thumbnail","6":"product_cat-maske","7":"product_cat-gesichtspflege","9":"first","10":"instock","11":"taxable","12":"shipping-taxable","13":"purchasable","14":"product-type-simple"},"_links":{"self":[{"href":"https:\/\/shop.chiquebuer.de\/beaute\/wp-json\/wp\/v2\/product\/10800","targetHints":{"allow":["GET"]}}],"collection":[{"href":"https:\/\/shop.chiquebuer.de\/beaute\/wp-json\/wp\/v2\/product"}],"about":[{"href":"https:\/\/shop.chiquebuer.de\/beaute\/wp-json\/wp\/v2\/types\/product"}],"version-history":[{"count":0,"href":"https:\/\/shop.chiquebuer.de\/beaute\/wp-json\/wp\/v2\/product\/10800\/revisions"}],"wp:featuredmedia":[{"embeddable":true,"href":"https:\/\/shop.chiquebuer.de\/beaute\/wp-json\/wp\/v2\/media\/10802"}],"wp:attachment":[{"href":"https:\/\/shop.chiquebuer.de\/beaute\/wp-json\/wp\/v2\/media?parent=10800"}],"wp:term":[{"taxonomy":"product_brand","embeddable":true,"href":"https:\/\/shop.chiquebuer.de\/beaute\/wp-json\/wp\/v2\/product_brand?post=10800"},{"taxonomy":"product_cat","embeddable":true,"href":"https:\/\/shop.chiquebuer.de\/beaute\/wp-json\/wp\/v2\/product_cat?post=10800"},{"taxonomy":"product_tag","embeddable":true,"href":"https:\/\/shop.chiquebuer.de\/beaute\/wp-json\/wp\/v2\/product_tag?post=10800"}],"curies":[{"name":"wp","href":"https:\/\/api.w.org\/{rel}","templated":true}]}}