{"id":10647,"date":"2021-06-14T20:35:03","date_gmt":"2021-06-14T18:35:03","guid":{"rendered":"https:\/\/shop.chiquebuer.de\/beaute\/?post_type=product&#038;p=10647"},"modified":"2023-04-08T14:32:16","modified_gmt":"2023-04-08T12:32:16","slug":"ageless-future-day-cream","status":"publish","type":"product","link":"https:\/\/shop.chiquebuer.de\/beaute\/kaufen\/gesichtspflege\/tagespflege\/ageless-future-day-cream\/","title":{"rendered":"Ageless Future Day Cream"},"content":{"rendered":"<p>Ageless Future Day Cream<\/p>\n<p>Anti-Aging Tagespflege bei ersten F\u00e4ltchen<\/p>\n<p>Die seidig-zarte Tagespflege hilft den wesentlichen Faktoren der Hautalterung entgegenzuwirken. Der innovative Wirkstoff Olea VitaePLF unterst\u00fctzt die Zellenergie und bringt m\u00fcde Zellen auf ein jugendliches Niveau. Nat\u00fcrlicher Rotklee- und Schachtelhalmextrakt, verhelfen der Haut zu mehr Vitalit\u00e4t und Ausstrahlung. Die Haut erscheint sichtbar glatter, vitaler und geschmeidiger.<\/p>\n<p>? F\u00fcr Veganer geeignet<\/p>\n","protected":false},"excerpt":{"rendered":"<p>Ageless Future Day Cream Anti-Aging Tagespflege bei ersten F\u00e4ltchen Die seidig-zarte Tagespflege hilft den wesentlichen Faktoren der Hautalterung entgegenzuwirken. Der<\/p>\n","protected":false},"featured_media":10649,"template":"","meta":[],"product_brand":[],"product_cat":[63,67],"product_tag":[],"class_list":{"0":"post-10647","1":"product","2":"type-product","3":"status-publish","4":"has-post-thumbnail","6":"product_cat-gesichtspflege","7":"product_cat-tagespflege","9":"first","10":"instock","11":"taxable","12":"shipping-taxable","13":"purchasable","14":"product-type-simple"},"_links":{"self":[{"href":"https:\/\/shop.chiquebuer.de\/beaute\/wp-json\/wp\/v2\/product\/10647","targetHints":{"allow":["GET"]}}],"collection":[{"href":"https:\/\/shop.chiquebuer.de\/beaute\/wp-json\/wp\/v2\/product"}],"about":[{"href":"https:\/\/shop.chiquebuer.de\/beaute\/wp-json\/wp\/v2\/types\/product"}],"version-history":[{"count":0,"href":"https:\/\/shop.chiquebuer.de\/beaute\/wp-json\/wp\/v2\/product\/10647\/revisions"}],"wp:featuredmedia":[{"embeddable":true,"href":"https:\/\/shop.chiquebuer.de\/beaute\/wp-json\/wp\/v2\/media\/10649"}],"wp:attachment":[{"href":"https:\/\/shop.chiquebuer.de\/beaute\/wp-json\/wp\/v2\/media?parent=10647"}],"wp:term":[{"taxonomy":"product_brand","embeddable":true,"href":"https:\/\/shop.chiquebuer.de\/beaute\/wp-json\/wp\/v2\/product_brand?post=10647"},{"taxonomy":"product_cat","embeddable":true,"href":"https:\/\/shop.chiquebuer.de\/beaute\/wp-json\/wp\/v2\/product_cat?post=10647"},{"taxonomy":"product_tag","embeddable":true,"href":"https:\/\/shop.chiquebuer.de\/beaute\/wp-json\/wp\/v2\/product_tag?post=10647"}],"curies":[{"name":"wp","href":"https:\/\/api.w.org\/{rel}","templated":true}]}}