{"id":10643,"date":"2021-06-14T20:31:27","date_gmt":"2021-06-14T18:31:27","guid":{"rendered":"https:\/\/shop.chiquebuer.de\/beaute\/?post_type=product&#038;p=10643"},"modified":"2023-02-21T16:40:55","modified_gmt":"2023-02-21T15:40:55","slug":"ageless-future-night-cream","status":"publish","type":"product","link":"https:\/\/shop.chiquebuer.de\/beaute\/kaufen\/gesichtspflege\/nachtpflege\/ageless-future-night-cream\/","title":{"rendered":"Ageless Future Night Cream"},"content":{"rendered":"<p>Ageless Future Night Cream<\/p>\n<p>St\u00e4rkende Anti-Aging Nachtpflege<\/p>\n<p>Die reichhaltige Nachtcreme sorgt f\u00fcr mehr Festigkeit und Regeneration. Der innovative Wirkstoff Olea VitaePLF unterst\u00fctzt die Zellenergie und bringt m\u00fcde Zellen auf ein jugendliches Niveau. Bakuchiol unterst\u00fctzt auf nat\u00fcrliche Weise die hauteigene Kollagenbildung und tr\u00e4gt in Kombination mit reichhaltigem Marula\u00f6l zum Erhalt einer festen, glatten Haut bei.<\/p>\n<p>? F\u00fcr Veganer geeignet<\/p>\n<p>44,00 \u20ac<\/p>\n","protected":false},"excerpt":{"rendered":"<p>Ageless Future Night Cream St\u00e4rkende Anti-Aging Nachtpflege Die reichhaltige Nachtcreme sorgt f\u00fcr mehr Festigkeit und Regeneration. Der innovative Wirkstoff Olea<\/p>\n","protected":false},"featured_media":10644,"template":"","meta":[],"product_brand":[],"product_cat":[63,68],"product_tag":[],"class_list":{"0":"post-10643","1":"product","2":"type-product","3":"status-publish","4":"has-post-thumbnail","6":"product_cat-gesichtspflege","7":"product_cat-nachtpflege","9":"first","10":"instock","11":"taxable","12":"shipping-taxable","13":"purchasable","14":"product-type-simple"},"_links":{"self":[{"href":"https:\/\/shop.chiquebuer.de\/beaute\/wp-json\/wp\/v2\/product\/10643","targetHints":{"allow":["GET"]}}],"collection":[{"href":"https:\/\/shop.chiquebuer.de\/beaute\/wp-json\/wp\/v2\/product"}],"about":[{"href":"https:\/\/shop.chiquebuer.de\/beaute\/wp-json\/wp\/v2\/types\/product"}],"version-history":[{"count":0,"href":"https:\/\/shop.chiquebuer.de\/beaute\/wp-json\/wp\/v2\/product\/10643\/revisions"}],"wp:featuredmedia":[{"embeddable":true,"href":"https:\/\/shop.chiquebuer.de\/beaute\/wp-json\/wp\/v2\/media\/10644"}],"wp:attachment":[{"href":"https:\/\/shop.chiquebuer.de\/beaute\/wp-json\/wp\/v2\/media?parent=10643"}],"wp:term":[{"taxonomy":"product_brand","embeddable":true,"href":"https:\/\/shop.chiquebuer.de\/beaute\/wp-json\/wp\/v2\/product_brand?post=10643"},{"taxonomy":"product_cat","embeddable":true,"href":"https:\/\/shop.chiquebuer.de\/beaute\/wp-json\/wp\/v2\/product_cat?post=10643"},{"taxonomy":"product_tag","embeddable":true,"href":"https:\/\/shop.chiquebuer.de\/beaute\/wp-json\/wp\/v2\/product_tag?post=10643"}],"curies":[{"name":"wp","href":"https:\/\/api.w.org\/{rel}","templated":true}]}}