{"id":10521,"date":"2021-02-09T21:28:46","date_gmt":"2021-02-09T20:28:46","guid":{"rendered":"https:\/\/shop.chiquebuer.de\/beaute\/?post_type=product&#038;p=10521"},"modified":"2021-06-14T20:54:02","modified_gmt":"2021-06-14T18:54:02","slug":"elegance-set","status":"publish","type":"product","link":"https:\/\/shop.chiquebuer.de\/beaute\/kaufen\/koerperpflege\/braeunungsprodukte\/elegance-set\/","title":{"rendered":"Elegance Set"},"content":{"rendered":"<p>Das MARC INBANE elegance set enth\u00e4lt:<\/p>\n<ul>\n<li>1 x Natural Tanning Spray (200 ml)<\/li>\n<li>1 x Powder Brush<\/li>\n<li>1 x Glove<\/li>\n<li>1 x Black Exfoliator (75 ml)<\/li>\n<li>1 x Elegance<\/li>\n<\/ul>\n<p>Das preisgekr\u00f6nte Natural Tanning Spray ist ein Muss f\u00fcr alle, die sich schnell und einfach eine gesunde, nat\u00fcrliche und gleichm\u00e4\u00dfig gebr\u00e4unte Haut w\u00fcnschen. Dieses Luxusprodukt ist mit pflanzlichen, pflegenden und reinen Zutaten wie Aloe Vera und Ginkgo angereichert. Das Spray ist ideal f\u00fcr den h\u00e4ufigen Gebrauch, trocknet schnell und hinterl\u00e4sst keine Flecken und Streifen.<\/p>\n<p>Der preisgekr\u00f6nte Black Exfoliator ist ein reichhaltiges, feuchtigkeitsspendendes Gesichtspeeling aus nat\u00fcrlichem Kohlenstoff. Das Peeling verst\u00e4rkt die Wirkung des Natural Tanning Spray. Das Entfernen von Unreinheiten und das Gl\u00e4tten der Haut verj\u00fcngen die Hornschicht. Dadurch bleibt der Teint l\u00e4nger erhalten.<\/p>\n<p>Der Powder Brush ist ein praktischer Pinsel zum gleichm\u00e4\u00dfigen Auftragen des Natural Tanning Spray. Die hypoallergenen und antibakteriellen Pinselhaare sind glatt und sorgen f\u00fcr ein sch\u00f6nes, sicheres Auftragen des Produkts.<br \/>\nDer Glove (Handschuh) bietet die L\u00f6sung zum Auftragen des Natural Tanning Sprays auf schwer zug\u00e4ngliche Bereiche wie die R\u00fcckseite von Armen und Beinen. Dieses praktische Werkzeug mit feiner und perfektionierter Mikrofaserstruktur sorgt zudem f\u00fcr ein gleichm\u00e4\u00dfiges Ergebnis.<br \/>\nDank des praktischen Formats dieser Elegance Clutch haben Sie Ihre Lieblings-Br\u00e4unungsprodukte immer zur Hand. Der luxuri\u00f6se, elegante und handgefertigte Kulturbeutel ist ein absolutes Muss f\u00fcr alle, die Ihre Pflege- und Br\u00e4unungsprodukte stilvoll aufbewahren m\u00f6chten.<\/p>\n","protected":false},"excerpt":{"rendered":"<p>Das MARC INBANE elegance set enth\u00e4lt: 1 x Natural Tanning Spray (200 ml) 1 x Powder Brush 1 x Glove<\/p>\n","protected":false},"featured_media":10535,"template":"","meta":[],"product_brand":[],"product_cat":[135,136],"product_tag":[],"class_list":{"0":"post-10521","1":"product","2":"type-product","3":"status-publish","4":"has-post-thumbnail","6":"product_cat-natuerliche-braeunungsprodukte","7":"product_cat-braeunungsprodukte","9":"first","10":"outofstock","11":"sale","12":"taxable","13":"shipping-taxable","14":"purchasable","15":"product-type-simple"},"_links":{"self":[{"href":"https:\/\/shop.chiquebuer.de\/beaute\/wp-json\/wp\/v2\/product\/10521","targetHints":{"allow":["GET"]}}],"collection":[{"href":"https:\/\/shop.chiquebuer.de\/beaute\/wp-json\/wp\/v2\/product"}],"about":[{"href":"https:\/\/shop.chiquebuer.de\/beaute\/wp-json\/wp\/v2\/types\/product"}],"version-history":[{"count":0,"href":"https:\/\/shop.chiquebuer.de\/beaute\/wp-json\/wp\/v2\/product\/10521\/revisions"}],"wp:featuredmedia":[{"embeddable":true,"href":"https:\/\/shop.chiquebuer.de\/beaute\/wp-json\/wp\/v2\/media\/10535"}],"wp:attachment":[{"href":"https:\/\/shop.chiquebuer.de\/beaute\/wp-json\/wp\/v2\/media?parent=10521"}],"wp:term":[{"taxonomy":"product_brand","embeddable":true,"href":"https:\/\/shop.chiquebuer.de\/beaute\/wp-json\/wp\/v2\/product_brand?post=10521"},{"taxonomy":"product_cat","embeddable":true,"href":"https:\/\/shop.chiquebuer.de\/beaute\/wp-json\/wp\/v2\/product_cat?post=10521"},{"taxonomy":"product_tag","embeddable":true,"href":"https:\/\/shop.chiquebuer.de\/beaute\/wp-json\/wp\/v2\/product_tag?post=10521"}],"curies":[{"name":"wp","href":"https:\/\/api.w.org\/{rel}","templated":true}]}}