{"id":10504,"date":"2021-02-09T20:30:06","date_gmt":"2021-02-09T19:30:06","guid":{"rendered":"https:\/\/shop.chiquebuer.de\/beaute\/?post_type=product&#038;p=10504"},"modified":"2021-02-11T08:43:47","modified_gmt":"2021-02-11T07:43:47","slug":"kabuki-brush-kosmetikpinsel","status":"publish","type":"product","link":"https:\/\/shop.chiquebuer.de\/beaute\/kaufen\/koerperpflege\/braeunungsprodukte\/kabuki-brush-kosmetikpinsel\/","title":{"rendered":"Kabuki Brush &#8211; Kosmetikpinsel"},"content":{"rendered":"<p>Professioneller Kosmetikpinsel zum gleichm\u00e4ssigen Anbringen vom Spray f\u00fcr Gesicht, H\u00e4nde und F\u00fc\u00dfe.<\/p>\n<p>MARC INBANE&#8217;s kabuki brush wurde von einem Team aus professionellen und f\u00fchrenden Make-up Artists entwickelt. Die flache Form der synthetischen Pinselhaare ist ideal f\u00fcr das Verblenden und Verteilen des Produkts. Dazu sind sie mit einer speziellen Schicht bearbeitet worden, damit sie keine Fl\u00fcssigkeit aufnehmen. Das macht die Pinsel einzigartig!<\/p>\n<p>Sie wurden hypoallergen sowie antibakteriell behandelt und sind dadurch sogar f\u00fcr die sehr empfindliche Haut geeignet.<\/p>\n<p>Was macht den Kabuki Brush so besonders?<br \/>\nDieser multifunktionale Kabuki Brush verliert keine Haare und ist ideal zum Auftragen, Auffrischen und gleichm\u00e4\u00dfigen Verteilen des Br\u00e4unungssprays auf Gesicht, H\u00e4nde und F\u00fc\u00dfe. Dank der speziellen Beschichtung nimmt der Kabuki Brush kein Produkt auf &#8211; dies macht diesen Pinsel einzigartig! Mit dem Kabuki Brush bekommen Sie keine Flecken oder Streifen, so dass Sie einen sch\u00f6nen, ebenm\u00e4\u00dfig gebr\u00e4untenTeint genie\u00dfen k\u00f6nnen.<\/p>\n<p>Mit dem Pinsel lassen sich auch Grundierungen, Cremes, Emulsionen und Puder gleichm\u00e4\u00dfig und einfach auftragen.<br \/>\nDer Kabuki Brush ist die kurze Variante des Powder Brushes.<br \/>\nMa\u00df Kabuki Brush: 102 mm<\/p>\n","protected":false},"excerpt":{"rendered":"<p>Professioneller Kosmetikpinsel zum gleichm\u00e4ssigen Anbringen vom Spray f\u00fcr Gesicht, H\u00e4nde und F\u00fc\u00dfe. MARC INBANE&#8217;s kabuki brush wurde von einem Team<\/p>\n","protected":false},"featured_media":10540,"template":"","meta":[],"product_brand":[],"product_cat":[136,135],"product_tag":[],"class_list":{"0":"post-10504","1":"product","2":"type-product","3":"status-publish","4":"has-post-thumbnail","6":"product_cat-braeunungsprodukte","7":"product_cat-natuerliche-braeunungsprodukte","9":"first","10":"instock","11":"taxable","12":"shipping-taxable","13":"purchasable","14":"product-type-simple"},"_links":{"self":[{"href":"https:\/\/shop.chiquebuer.de\/beaute\/wp-json\/wp\/v2\/product\/10504","targetHints":{"allow":["GET"]}}],"collection":[{"href":"https:\/\/shop.chiquebuer.de\/beaute\/wp-json\/wp\/v2\/product"}],"about":[{"href":"https:\/\/shop.chiquebuer.de\/beaute\/wp-json\/wp\/v2\/types\/product"}],"version-history":[{"count":0,"href":"https:\/\/shop.chiquebuer.de\/beaute\/wp-json\/wp\/v2\/product\/10504\/revisions"}],"wp:featuredmedia":[{"embeddable":true,"href":"https:\/\/shop.chiquebuer.de\/beaute\/wp-json\/wp\/v2\/media\/10540"}],"wp:attachment":[{"href":"https:\/\/shop.chiquebuer.de\/beaute\/wp-json\/wp\/v2\/media?parent=10504"}],"wp:term":[{"taxonomy":"product_brand","embeddable":true,"href":"https:\/\/shop.chiquebuer.de\/beaute\/wp-json\/wp\/v2\/product_brand?post=10504"},{"taxonomy":"product_cat","embeddable":true,"href":"https:\/\/shop.chiquebuer.de\/beaute\/wp-json\/wp\/v2\/product_cat?post=10504"},{"taxonomy":"product_tag","embeddable":true,"href":"https:\/\/shop.chiquebuer.de\/beaute\/wp-json\/wp\/v2\/product_tag?post=10504"}],"curies":[{"name":"wp","href":"https:\/\/api.w.org\/{rel}","templated":true}]}}