{"id":10502,"date":"2021-02-09T20:26:17","date_gmt":"2021-02-09T19:26:17","guid":{"rendered":"https:\/\/shop.chiquebuer.de\/beaute\/?post_type=product&#038;p=10502"},"modified":"2021-02-11T08:42:39","modified_gmt":"2021-02-11T07:42:39","slug":"glove","status":"publish","type":"product","link":"https:\/\/shop.chiquebuer.de\/beaute\/kaufen\/koerperpflege\/braeunungsprodukte\/glove\/","title":{"rendered":"Glove"},"content":{"rendered":"<p>Dieser Handschuh ist ein praktisches und sehr wichtiges Werkzeug zum Br\u00e4unen von K\u00f6rper und Gesicht. Dank der feinen und perfektionierten Mikrofaserstruktur sorgt der Handschuh daf\u00fcr, dass unsere Selbstbr\u00e4uner (nat\u00fcrliches Br\u00e4unungsspray und nat\u00fcrliches Br\u00e4unungsmousse) gleichm\u00e4\u00dfig \u00fcber den K\u00f6rper verteilt wird und somit Flecken und Streifen vermieden werden.<\/p>\n<p>Das luxuri\u00f6se Sortiment von MARC INBANE enth\u00e4lt einen praktischen Handschuh, mit dem man die Tanningprodukte von MARC INBANE einfach und gleichm\u00e4\u00dfig anwenden kann. Mit dem Glove erzielen Sie das maximale Ergebnis aus Ihrem Tanningprodukt.<\/p>\n<p>Der Glove ist ein praktisches Hilfsmittel, um den K\u00f6rper auch an schwer erreichbaren K\u00f6rperstellen wie der R\u00fcckseite von Armen und Beinen gleichm\u00e4\u00dfig zu br\u00e4unen. Dank der feinen und perfektionierten Mikrofaserstruktur entsteht ein gleichm\u00e4\u00dfiges Ergebnis, ohne Flecken oder Streifen auf der Haut.<\/p>\n<p>Der Glove ist von ausgezeichneter Qualit\u00e4t, f\u00fchlt sich weich und angenehm auf der Haut an, ist aus nachhaltigem Material und mit starken Fasern hergestellt und fusselt nicht.<\/p>\n<ul>\n<li>Der Glove ist sowohl f\u00fcr Links- als auch f\u00fcr Rechtsh\u00e4nder geeignet<\/li>\n<li>Der Glove hat eine praktische Aufh\u00e4nge\u00f6se<\/li>\n<li>Waschmaschinenfest bis 30\u00b0C<br \/>\nBitte verwenden Sie kein W\u00e4schetrockner oder Weichsp\u00fcler bei der Reinigung des Handschuhes f\u00fcr eine langlebige Qualit\u00e4t.<\/li>\n<\/ul>\n","protected":false},"excerpt":{"rendered":"<p>Dieser Handschuh ist ein praktisches und sehr wichtiges Werkzeug zum Br\u00e4unen von K\u00f6rper und Gesicht. Dank der feinen und perfektionierten<\/p>\n","protected":false},"featured_media":10542,"template":"","meta":[],"product_brand":[],"product_cat":[135,136],"product_tag":[],"class_list":{"0":"post-10502","1":"product","2":"type-product","3":"status-publish","4":"has-post-thumbnail","6":"product_cat-natuerliche-braeunungsprodukte","7":"product_cat-braeunungsprodukte","9":"first","10":"instock","11":"taxable","12":"shipping-taxable","13":"purchasable","14":"product-type-simple"},"_links":{"self":[{"href":"https:\/\/shop.chiquebuer.de\/beaute\/wp-json\/wp\/v2\/product\/10502","targetHints":{"allow":["GET"]}}],"collection":[{"href":"https:\/\/shop.chiquebuer.de\/beaute\/wp-json\/wp\/v2\/product"}],"about":[{"href":"https:\/\/shop.chiquebuer.de\/beaute\/wp-json\/wp\/v2\/types\/product"}],"version-history":[{"count":0,"href":"https:\/\/shop.chiquebuer.de\/beaute\/wp-json\/wp\/v2\/product\/10502\/revisions"}],"wp:featuredmedia":[{"embeddable":true,"href":"https:\/\/shop.chiquebuer.de\/beaute\/wp-json\/wp\/v2\/media\/10542"}],"wp:attachment":[{"href":"https:\/\/shop.chiquebuer.de\/beaute\/wp-json\/wp\/v2\/media?parent=10502"}],"wp:term":[{"taxonomy":"product_brand","embeddable":true,"href":"https:\/\/shop.chiquebuer.de\/beaute\/wp-json\/wp\/v2\/product_brand?post=10502"},{"taxonomy":"product_cat","embeddable":true,"href":"https:\/\/shop.chiquebuer.de\/beaute\/wp-json\/wp\/v2\/product_cat?post=10502"},{"taxonomy":"product_tag","embeddable":true,"href":"https:\/\/shop.chiquebuer.de\/beaute\/wp-json\/wp\/v2\/product_tag?post=10502"}],"curies":[{"name":"wp","href":"https:\/\/api.w.org\/{rel}","templated":true}]}}