{"id":10500,"date":"2021-02-09T20:19:21","date_gmt":"2021-02-09T19:19:21","guid":{"rendered":"https:\/\/shop.chiquebuer.de\/beaute\/?post_type=product&#038;p=10500"},"modified":"2021-02-11T08:41:41","modified_gmt":"2021-02-11T07:41:41","slug":"exfoliating-mitt-peelinghandschuh","status":"publish","type":"product","link":"https:\/\/shop.chiquebuer.de\/beaute\/kaufen\/koerperpflege\/braeunungsprodukte\/exfoliating-mitt-peelinghandschuh\/","title":{"rendered":"Exfoliating Mitt &#8211; Peelinghandschuh"},"content":{"rendered":"<p>Der zweiseitige Mitt bietet ein perfekt integriertes K\u00f6rperpeeling mit einer weichen und etwas raueren Seite. Dieser innovative Peeling-Handschuh ist mit Aktivkohle angereichert, die f\u00fcr ihre tiefreinigende Wirkung bekannt ist. Ein Peeling vor dem Br\u00e4unen sorgt f\u00fcr eine l\u00e4nger anhaltende Br\u00e4une!<\/p>\n<p>Dieser innovative Peeling-Handschuh ist mit Aktivkohle angereichert, die f\u00fcr ihre tiefreinigende Wirkung bekannt ist. Der doppelseitige Handschuh bietet ein perfekt integriertes K\u00f6rperpeeling. Eine Seite mit einer fein raffinierten Kornstruktur und die andere Seite mit einer gr\u00f6beren.<br \/>\nVerwenden Sie den Peeling-Handschuh, um abgestorbene Hautzellen einschlie\u00dflich \u00fcbersch\u00fcssiger R\u00fcckst\u00e4nde vom Selbstbr\u00e4uner zu entfernen, die Durchblutung zu stimulieren und Ihre Haut frisch sowie strahlend zu erhalten.<\/p>\n<ul>\n<li>Tiefenreinigungseffekt<\/li>\n<li>Stimuliert die Durchblutung<\/li>\n<li>Verfeinert die Hautstruktur<\/li>\n<li>Entfernt abgestorbene Hautzellen einschlie\u00dflich \u00fcbersch\u00fcssiger R\u00fcckst\u00e4nde vom<\/li>\n<li>Selbstbr\u00e4uner<\/li>\n<li>\u200bErgonomisches Design<\/li>\n<li>Langlebig und wiederverwendbar<\/li>\n<li>Genie\u00dfen Sie einen langanhaltenden Sommer-Teint<\/li>\n<\/ul>\n","protected":false},"excerpt":{"rendered":"<p>Der zweiseitige Mitt bietet ein perfekt integriertes K\u00f6rperpeeling mit einer weichen und etwas raueren Seite. Dieser innovative Peeling-Handschuh ist mit<\/p>\n","protected":false},"featured_media":10543,"template":"","meta":[],"product_brand":[],"product_cat":[136,135],"product_tag":[],"class_list":{"0":"post-10500","1":"product","2":"type-product","3":"status-publish","4":"has-post-thumbnail","6":"product_cat-braeunungsprodukte","7":"product_cat-natuerliche-braeunungsprodukte","9":"first","10":"instock","11":"taxable","12":"shipping-taxable","13":"purchasable","14":"product-type-simple"},"_links":{"self":[{"href":"https:\/\/shop.chiquebuer.de\/beaute\/wp-json\/wp\/v2\/product\/10500","targetHints":{"allow":["GET"]}}],"collection":[{"href":"https:\/\/shop.chiquebuer.de\/beaute\/wp-json\/wp\/v2\/product"}],"about":[{"href":"https:\/\/shop.chiquebuer.de\/beaute\/wp-json\/wp\/v2\/types\/product"}],"version-history":[{"count":0,"href":"https:\/\/shop.chiquebuer.de\/beaute\/wp-json\/wp\/v2\/product\/10500\/revisions"}],"wp:featuredmedia":[{"embeddable":true,"href":"https:\/\/shop.chiquebuer.de\/beaute\/wp-json\/wp\/v2\/media\/10543"}],"wp:attachment":[{"href":"https:\/\/shop.chiquebuer.de\/beaute\/wp-json\/wp\/v2\/media?parent=10500"}],"wp:term":[{"taxonomy":"product_brand","embeddable":true,"href":"https:\/\/shop.chiquebuer.de\/beaute\/wp-json\/wp\/v2\/product_brand?post=10500"},{"taxonomy":"product_cat","embeddable":true,"href":"https:\/\/shop.chiquebuer.de\/beaute\/wp-json\/wp\/v2\/product_cat?post=10500"},{"taxonomy":"product_tag","embeddable":true,"href":"https:\/\/shop.chiquebuer.de\/beaute\/wp-json\/wp\/v2\/product_tag?post=10500"}],"curies":[{"name":"wp","href":"https:\/\/api.w.org\/{rel}","templated":true}]}}