{"id":10488,"date":"2021-02-09T19:44:26","date_gmt":"2021-02-09T18:44:26","guid":{"rendered":"https:\/\/shop.chiquebuer.de\/beaute\/?post_type=product&#038;p=10488"},"modified":"2021-02-11T08:38:35","modified_gmt":"2021-02-11T07:38:35","slug":"perle-de-soleil-tanning-drops-15ml","status":"publish","type":"product","link":"https:\/\/shop.chiquebuer.de\/beaute\/kaufen\/koerperpflege\/braeunungsprodukte\/perle-de-soleil-tanning-drops-15ml\/","title":{"rendered":"Perle de Soleil &#8211; Tanning Drops (15ml)"},"content":{"rendered":"<p>Preisgekr\u00f6nte MARC INBANE Perle de Soleil mit 4-facher Br\u00e4unungstechnologie. F\u00fcgen Sie die MARC INBANE Br\u00e4unungstropfen zu Ihrer bevorzugten Tagescreme, K\u00f6rperlotion oder Sonnencreme hinzu und erhalten Sie einen ma\u00dfgeschneiderten Sommer-Teint!<br \/>\n2 bis 3 Tropfen = ein gesunde Austrahlung<br \/>\n4 bis 5 Tropfen = einen strahlenden, sonnenverw\u00f6hnten Teint<\/p>\n<p>Mit Perle de Soleil von MARC INBANE kann jeder nach Belieben einen sch\u00f6nen und gesunden Teint kreieren. Perle de Soleil verleiht der Hautpflege einen wunderbaren Touch: Die Br\u00e4unungstropfen verwandeln jede Tagescreme, K\u00f6rperlotion oder Sonnenschutzcreme in einen nat\u00fcrlichen Selbstbr\u00e4uner.<br \/>\nMischen Sie die Tropfen einfach mit La Hydratan oder Le Teint, Ihrer Lieblings-Tagescreme oder -K\u00f6rperlotion, um einen nat\u00fcrlich aussehenden Teint zu erhalten. Mit der selbst gew\u00e4hlten Anzahl von Tropfen bestimmen Sie selbst die Br\u00e4unungsintensit\u00e4t. Dies macht Perle de Soleil zur ultimativen L\u00f6sung f\u00fcr individuelles Selbstbr\u00e4unen.<\/p>\n<p>Was macht Perle de Soleil so besonders?<br \/>\nPerle de Soleil verdankt seine Popularit\u00e4t dem 4-fachen Br\u00e4unungseffekt. Die Tropfen erzeugen m\u00fchelos einen gesunden, tiefen, nat\u00fcrlichen Teint, der von einer echten Sommerbr\u00e4une nicht zu unterscheiden ist.<\/p>\n<ul>\n<li>Die Airless-Flasche garantiert eine lange Haltbarkeit ohne Konservierungsstoffe<\/li>\n<li>Der Tropfenapplikator liefert systematisch einen Tropfen: Sie verwenden immer genau die gew\u00fcnschte Anzahl Tropfen.<\/li>\n<\/ul>\n<p>Inhaltsstoffe:<\/p>\n<p>Aqua, Dihydroxyacetone, Alcohol Denat, Erythrulose, Caramel, Parfum, PEG-40 Hydrogenated Castor Oil, Benzoic Acid, CI 16035, Trideceth-9, Propylene Glycol, Xanthan Gum, Alpha-Isomethyl Ionone, Dehydroacetic Acid, Butylphenyl Metylpropional, Citronellol, Coumarin, Geraniol, Hydroxycitronellal, Linalool, Phenoxyethanol.<\/p>\n","protected":false},"excerpt":{"rendered":"<p>Preisgekr\u00f6nte MARC INBANE Perle de Soleil mit 4-facher Br\u00e4unungstechnologie. F\u00fcgen Sie die MARC INBANE Br\u00e4unungstropfen zu Ihrer bevorzugten Tagescreme, K\u00f6rperlotion<\/p>\n","protected":false},"featured_media":10545,"template":"","meta":[],"product_brand":[],"product_cat":[136,135],"product_tag":[],"class_list":{"0":"post-10488","1":"product","2":"type-product","3":"status-publish","4":"has-post-thumbnail","6":"product_cat-braeunungsprodukte","7":"product_cat-natuerliche-braeunungsprodukte","9":"first","10":"instock","11":"taxable","12":"shipping-taxable","13":"purchasable","14":"product-type-simple"},"_links":{"self":[{"href":"https:\/\/shop.chiquebuer.de\/beaute\/wp-json\/wp\/v2\/product\/10488","targetHints":{"allow":["GET"]}}],"collection":[{"href":"https:\/\/shop.chiquebuer.de\/beaute\/wp-json\/wp\/v2\/product"}],"about":[{"href":"https:\/\/shop.chiquebuer.de\/beaute\/wp-json\/wp\/v2\/types\/product"}],"version-history":[{"count":0,"href":"https:\/\/shop.chiquebuer.de\/beaute\/wp-json\/wp\/v2\/product\/10488\/revisions"}],"wp:featuredmedia":[{"embeddable":true,"href":"https:\/\/shop.chiquebuer.de\/beaute\/wp-json\/wp\/v2\/media\/10545"}],"wp:attachment":[{"href":"https:\/\/shop.chiquebuer.de\/beaute\/wp-json\/wp\/v2\/media?parent=10488"}],"wp:term":[{"taxonomy":"product_brand","embeddable":true,"href":"https:\/\/shop.chiquebuer.de\/beaute\/wp-json\/wp\/v2\/product_brand?post=10488"},{"taxonomy":"product_cat","embeddable":true,"href":"https:\/\/shop.chiquebuer.de\/beaute\/wp-json\/wp\/v2\/product_cat?post=10488"},{"taxonomy":"product_tag","embeddable":true,"href":"https:\/\/shop.chiquebuer.de\/beaute\/wp-json\/wp\/v2\/product_tag?post=10488"}],"curies":[{"name":"wp","href":"https:\/\/api.w.org\/{rel}","templated":true}]}}