{"id":10486,"date":"2021-02-09T19:41:07","date_gmt":"2021-02-09T18:41:07","guid":{"rendered":"https:\/\/shop.chiquebuer.de\/beaute\/?post_type=product&#038;p=10486"},"modified":"2022-06-29T15:20:16","modified_gmt":"2022-06-29T13:20:16","slug":"selbstbraeunungsspray-200ml","status":"publish","type":"product","link":"https:\/\/shop.chiquebuer.de\/beaute\/kaufen\/koerperpflege\/braeunungsprodukte\/selbstbraeunungsspray-200ml\/","title":{"rendered":"Selbstbr\u00e4unungsspray (200ml)"},"content":{"rendered":"<p>Das preisgekr\u00f6nte MARC INBANE Spray f\u00fcr Sie &amp; Ihn. Br\u00e4unen ohne Sonne war noch nie so einfach! Das Br\u00e4unungsspray von MARC INBANE ist einfach anzuwenden und sorgt f\u00fcr eine gesunde, nat\u00fcrlich gebr\u00e4unte Haut.<\/p>\n<p>Das preisgekr\u00f6nte Natural Tanning Spray ist ein Muss f\u00fcr alle, die schnell und einfach eine gesunde, nat\u00fcrliche und gleichm\u00e4\u00dfig gebr\u00e4unte Haut w\u00fcnschen. Dieses Luxusprodukt ist mit pflanzlichen, pflegenden und reinen Zutaten wie Alo\u00eb Vera und Ginkgo angereichert. Das Natural Tanning Spray ist ideal f\u00fcr den h\u00e4ufigen Gebrauch. Unser Spray Tan wird von mehreren einflussreichen Modeh\u00e4usern, Haar- und Make-up-K\u00fcnstlern und Dermatologen empfohlen.<br \/>\nDas Spray ist leicht aufzutragen, trocknet schnell und hinterl\u00e4sst keine unerw\u00fcnschten Flecken und Streifen. Das ausgekl\u00fcgelte Spr\u00fchsystem sorgt f\u00fcr eine hervorragende Zerst\u00e4ubung des Produkts und eine optimale Abdeckung. Der nat\u00fcrliche und sommerliche Teint h\u00e4lt durchschnittlich f\u00fcnf Tage.<br \/>\nWir arbeiten mit einem Bag-on-Valve-System. Dieses System besteht aus einem Beutel (der die Fl\u00fcssigkeit enth\u00e4lt), der mit dem Aerosolventil verschwei\u00dft ist. Der Luftdruck sorgt f\u00fcr eine optimale Entleerung des Beutels. Dieses System ist daher wesentlich umweltfreundlicher als Treibgas.<\/p>\n<p>Was macht dieses Spray so besonders?<\/p>\n<ul>\n<li>F\u00fcr sie &amp; ihn<\/li>\n<li>Gesundes und sicheres Br\u00e4unen ohne sch\u00e4dliche UV-Strahlen wie durch die Sonne oder Solarium<\/li>\n<li>Enth\u00e4lt kein Treibgas<\/li>\n<li>Einfach selbst anzuwenden<\/li>\n<li>Trocknet schnell und ohne Streifen<\/li>\n<li>Sommerbr\u00e4une die bis zu 5 Tage h\u00e4lt<\/li>\n<li>Geeignet f\u00fcr alle Hauttypen<\/li>\n<li>Eine Flasche reicht f\u00fcr bis zu 60 Anwendungen f\u00fcr Gesicht, Hals und Dekollet\u00e9 oder 8 bis 10 Anwendungen f\u00fcr den ganzen K\u00f6rper<\/li>\n<li>Verleiht eine makellose, gleichm\u00e4\u00dfige Br\u00e4une, ohne M\u00f6hreneffekt<\/li>\n<li>Nat\u00fcrliche und pflegende Inhaltsstoffe, einschlie\u00dflich Aloe Vera, Gingko und Vitamin E<\/li>\n<li>Dermatologisch getestet und hypoallergen<\/li>\n<li>Frei von Parabenen and Silikonen<\/li>\n<li>Vegan<\/li>\n<\/ul>\n<p>Inhaltsstoffe:<br \/>\nAqua, Alcohol Denat, Dihydroxyacetone, Propylene Glycol, Ethoxydiglycol, Polysorbate 20, Parfum, Caramel, Erythulose, Aloe Barbadensis Leaf Juice, Tocopheryl Acetate, Glycine Soja Seed Extract, Silybum Marianum (Milkthistle) Extract, Ginkgo Biloba Leaf Extract, CitricAcid,2-bromo-2- nitropropane-1,3-diol, Coumarin, Citronellol, Alpha-isomethyl lonone, Butylphenyl Methylpropianol, Eugenol, Cl 16035, Cl 19140, Cl 42090.<\/p>\n","protected":false},"excerpt":{"rendered":"<p>Das preisgekr\u00f6nte MARC INBANE Spray f\u00fcr Sie &amp; Ihn. Br\u00e4unen ohne Sonne war noch nie so einfach! Das Br\u00e4unungsspray von<\/p>\n","protected":false},"featured_media":10547,"template":"","meta":[],"product_brand":[],"product_cat":[135,136],"product_tag":[],"class_list":{"0":"post-10486","1":"product","2":"type-product","3":"status-publish","4":"has-post-thumbnail","6":"product_cat-natuerliche-braeunungsprodukte","7":"product_cat-braeunungsprodukte","9":"first","10":"instock","11":"taxable","12":"shipping-taxable","13":"purchasable","14":"product-type-simple"},"_links":{"self":[{"href":"https:\/\/shop.chiquebuer.de\/beaute\/wp-json\/wp\/v2\/product\/10486","targetHints":{"allow":["GET"]}}],"collection":[{"href":"https:\/\/shop.chiquebuer.de\/beaute\/wp-json\/wp\/v2\/product"}],"about":[{"href":"https:\/\/shop.chiquebuer.de\/beaute\/wp-json\/wp\/v2\/types\/product"}],"version-history":[{"count":0,"href":"https:\/\/shop.chiquebuer.de\/beaute\/wp-json\/wp\/v2\/product\/10486\/revisions"}],"wp:featuredmedia":[{"embeddable":true,"href":"https:\/\/shop.chiquebuer.de\/beaute\/wp-json\/wp\/v2\/media\/10547"}],"wp:attachment":[{"href":"https:\/\/shop.chiquebuer.de\/beaute\/wp-json\/wp\/v2\/media?parent=10486"}],"wp:term":[{"taxonomy":"product_brand","embeddable":true,"href":"https:\/\/shop.chiquebuer.de\/beaute\/wp-json\/wp\/v2\/product_brand?post=10486"},{"taxonomy":"product_cat","embeddable":true,"href":"https:\/\/shop.chiquebuer.de\/beaute\/wp-json\/wp\/v2\/product_cat?post=10486"},{"taxonomy":"product_tag","embeddable":true,"href":"https:\/\/shop.chiquebuer.de\/beaute\/wp-json\/wp\/v2\/product_tag?post=10486"}],"curies":[{"name":"wp","href":"https:\/\/api.w.org\/{rel}","templated":true}]}}