{"id":10484,"date":"2021-02-09T19:35:39","date_gmt":"2021-02-09T18:35:39","guid":{"rendered":"https:\/\/shop.chiquebuer.de\/beaute\/?post_type=product&#038;p=10484"},"modified":"2021-02-10T11:11:08","modified_gmt":"2021-02-10T10:11:08","slug":"natuerliche-braeunungsmousse-150ml","status":"publish","type":"product","link":"https:\/\/shop.chiquebuer.de\/beaute\/kaufen\/koerperpflege\/braeunungsprodukte\/natuerliche-braeunungsmousse-150ml\/","title":{"rendered":"Nat\u00fcrliche Br\u00e4unungsmousse (150ml)"},"content":{"rendered":"<p>Bis zu 9 Tage ein sommerlicher Teint und ein erfrischtes Aussehen! Unser Br\u00e4unungsmousse ist nicht nur ein Selbstbr\u00e4uner. Es enth\u00e4lt n\u00e4mlich Hyalurons\u00e4ure SLMW der 3. Generation; Eine Hyalurons\u00e4ure, die als einzige die tieferen Hautschichten durchdringt. Dies stimuliert unter anderem die Kollagenbildung und verbessert die Hautstruktur. Das Mousse l\u00e4sst sich leicht mit dem MARC INBANE glove auftragen und trocknet schnell.<\/p>\n<p>Das intensiv feuchtigkeitsspendende Mousse gibt Ihnen sofort eine frische Ausstrahlung und einen gleichm\u00e4\u00dfigen, sonnengebr\u00e4unten Teint, der sich perfekt an Ihren Hautton anpasst. Das Mousse l\u00e4sst sich leicht mit dem MARC INBANE glove auftragen und trocknet schnell. Mit diesem praktischen Werkzeug k\u00f6nnen Sie den Selbstbr\u00e4uner gleichm\u00e4\u00dfig verteilen.<br \/>\nDie innovative SLMW-Hyalurons\u00e4ure in unserem Mousse wird wegen ihrer pflegenden Wirkung geliebt und ist die einzige Hyalurons\u00e4ure, die tiefere Hautschichten durchdringt. Sie verbessert die Hautstruktur, regt die Kollagenbildung an und wirkt als hervorragender Feuchtigkeitsversorger!<br \/>\nTipp: Black Exfoliator<br \/>\nEin Peeling vor dem Br\u00e4unen entfernt Unreinheiten und neutralisiert die Haut, was zu einem ebenm\u00e4\u00dfigeren Teint sowie einer l\u00e4nger anhaltenden Br\u00e4une f\u00fchrt.<\/p>\n<p>Was macht dieses Mousse so besonders?<\/p>\n<ul>\n<li>F\u00fcr Sie &amp; Ihn<\/li>\n<li>Ein Sommerteint f\u00fcr bis zu 9 Tage<\/li>\n<li>Stimuliert die Kollagenproduktion<\/li>\n<li>Tiefenwirksam\u00a0mit der Hyalurons\u00e4ure der dritten Generation SLMW<\/li>\n<li>Gesundes und sicheres Br\u00e4unen ohne sch\u00e4dliche UV-Strahlen<\/li>\n<li>Geeignet f\u00fcr alle Hauttypen und Hautt\u00f6ne<\/li>\n<li>Federleichte Textur, trocknet schnell und klebt nicht<\/li>\n<li>Passt sich Ihrem individuellen Hautton an<\/li>\n<li>Eine Flasche kann bis zu 40 Mal f\u00fcr Gesicht, Hals und Dekollet\u00e9 oder 8 Mal f\u00fcr den gesamten K\u00f6rper verwendet werden<\/li>\n<li>Sofortige Hydratisierung und weiche Haut<\/li>\n<li>Kein M\u00f6hreneffekt und kein typischer Selbstbr\u00e4unergeruch<\/li>\n<li>Ohne Flecken und Streifen<\/li>\n<\/ul>\n<p>INHALTSSTOFFE:<br \/>\nAqua, Dihydroxyacetone, Caramel, Erythrulose, Dimethyl Isosorbide, Trideceth-9, PEG-5 Ethylhexanoate, Aloe Barbadensis Leaf Juice, Hydrolyzed Sodium Hyaluronate, PEG-33, Parfum, PEG-8 Dimethicone, Polysorbate 20, Phenoxyethanol, Benzoic Acid, PEG-14, Geraniol, Dehydroacetic Acid, CI 16035.<\/p>\n","protected":false},"excerpt":{"rendered":"<p>Bis zu 9 Tage ein sommerlicher Teint und ein erfrischtes Aussehen! Unser Br\u00e4unungsmousse ist nicht nur ein Selbstbr\u00e4uner. Es enth\u00e4lt<\/p>\n","protected":false},"featured_media":10546,"template":"","meta":[],"product_brand":[],"product_cat":[135,136],"product_tag":[],"class_list":{"0":"post-10484","1":"product","2":"type-product","3":"status-publish","4":"has-post-thumbnail","6":"product_cat-natuerliche-braeunungsprodukte","7":"product_cat-braeunungsprodukte","9":"first","10":"instock","11":"taxable","12":"shipping-taxable","13":"purchasable","14":"product-type-simple"},"_links":{"self":[{"href":"https:\/\/shop.chiquebuer.de\/beaute\/wp-json\/wp\/v2\/product\/10484","targetHints":{"allow":["GET"]}}],"collection":[{"href":"https:\/\/shop.chiquebuer.de\/beaute\/wp-json\/wp\/v2\/product"}],"about":[{"href":"https:\/\/shop.chiquebuer.de\/beaute\/wp-json\/wp\/v2\/types\/product"}],"version-history":[{"count":0,"href":"https:\/\/shop.chiquebuer.de\/beaute\/wp-json\/wp\/v2\/product\/10484\/revisions"}],"wp:featuredmedia":[{"embeddable":true,"href":"https:\/\/shop.chiquebuer.de\/beaute\/wp-json\/wp\/v2\/media\/10546"}],"wp:attachment":[{"href":"https:\/\/shop.chiquebuer.de\/beaute\/wp-json\/wp\/v2\/media?parent=10484"}],"wp:term":[{"taxonomy":"product_brand","embeddable":true,"href":"https:\/\/shop.chiquebuer.de\/beaute\/wp-json\/wp\/v2\/product_brand?post=10484"},{"taxonomy":"product_cat","embeddable":true,"href":"https:\/\/shop.chiquebuer.de\/beaute\/wp-json\/wp\/v2\/product_cat?post=10484"},{"taxonomy":"product_tag","embeddable":true,"href":"https:\/\/shop.chiquebuer.de\/beaute\/wp-json\/wp\/v2\/product_tag?post=10484"}],"curies":[{"name":"wp","href":"https:\/\/api.w.org\/{rel}","templated":true}]}}